{"id":1070,"date":"2024-12-09T13:54:03","date_gmt":"2024-12-09T13:54:03","guid":{"rendered":"https:\/\/mystifying-euclid.185-59-211-253.plesk.page\/?page_id=1070"},"modified":"2025-01-12T19:06:36","modified_gmt":"2025-01-12T18:06:36","slug":"ajanlott-linkek","status":"publish","type":"page","link":"https:\/\/puli.hu\/en\/ajanlott-linkek\/","title":{"rendered":"Recommended Links"},"content":{"rendered":"<div data-elementor-type=\"wp-page\" data-elementor-id=\"1070\" class=\"elementor elementor-1070\" data-elementor-post-type=\"page\">\n\t\t\t\t<div class=\"elementor-element elementor-element-ba34d44 e-con-full e-flex e-con e-parent\" data-id=\"ba34d44\" data-element_type=\"container\" data-e-type=\"container\" data-settings=\"{&quot;background_background&quot;:&quot;classic&quot;}\">\n\t\t<div class=\"elementor-element elementor-element-0ecabf4 e-con-full e-flex e-con e-child\" data-id=\"0ecabf4\" data-element_type=\"container\" data-e-type=\"container\">\n\t\t\t\t<div class=\"elementor-element elementor-element-a4f6ca8 e-transform elementor-widget elementor-widget-image\" data-id=\"a4f6ca8\" data-element_type=\"widget\" data-e-type=\"widget\" data-settings=\"{&quot;_transform_scale_effect&quot;:{&quot;unit&quot;:&quot;px&quot;,&quot;size&quot;:&quot;&quot;,&quot;sizes&quot;:[]},&quot;_transform_scale_effect_tablet&quot;:{&quot;unit&quot;:&quot;px&quot;,&quot;size&quot;:&quot;&quot;,&quot;sizes&quot;:[]},&quot;_transform_scale_effect_mobile&quot;:{&quot;unit&quot;:&quot;px&quot;,&quot;size&quot;:&quot;&quot;,&quot;sizes&quot;:[]}}\" data-widget_type=\"image.default\">\n\t\t\t\t\t\t\t\t\t\t\t\t\t\t\t\t<a href=\"https:\/\/www.kennelclub.hu\/\">\n\t\t\t\t\t\t\t<img decoding=\"async\" width=\"96\" height=\"96\" src=\"https:\/\/puli.hu\/wp-content\/uploads\/2024\/12\/meoeszlogo2023_kek_kennelclub_oldalra96x96.png\" class=\"attachment-full size-full wp-image-1072\" alt=\"\" srcset=\"https:\/\/puli.hu\/wp-content\/uploads\/2024\/12\/meoeszlogo2023_kek_kennelclub_oldalra96x96.png 96w, https:\/\/puli.hu\/wp-content\/uploads\/2024\/12\/meoeszlogo2023_kek_kennelclub_oldalra96x96-12x12.png 12w\" sizes=\"(max-width: 96px) 100vw, 96px\" \/>\t\t\t\t\t\t\t\t<\/a>\n\t\t\t\t\t\t\t\t\t\t\t\t\t\t\t<\/div>\n\t\t\t\t<\/div>\n\t\t<div class=\"elementor-element elementor-element-9d40659 e-con-full e-flex e-con e-child\" data-id=\"9d40659\" data-element_type=\"container\" data-e-type=\"container\">\n\t\t\t\t<div class=\"elementor-element elementor-element-9fe5951 e-transform elementor-widget elementor-widget-image\" data-id=\"9fe5951\" data-element_type=\"widget\" data-e-type=\"widget\" data-settings=\"{&quot;_transform_scale_effect&quot;:{&quot;unit&quot;:&quot;px&quot;,&quot;size&quot;:&quot;&quot;,&quot;sizes&quot;:[]},&quot;_transform_scale_effect_tablet&quot;:{&quot;unit&quot;:&quot;px&quot;,&quot;size&quot;:&quot;&quot;,&quot;sizes&quot;:[]},&quot;_transform_scale_effect_mobile&quot;:{&quot;unit&quot;:&quot;px&quot;,&quot;size&quot;:&quot;&quot;,&quot;sizes&quot;:[]}}\" data-widget_type=\"image.default\">\n\t\t\t\t\t\t\t\t\t\t\t\t\t\t\t\t<a href=\"https:\/\/www.fci.be\/en\/\">\n\t\t\t\t\t\t\t<img fetchpriority=\"high\" decoding=\"async\" width=\"618\" height=\"178\" src=\"https:\/\/puli.hu\/wp-content\/uploads\/2024\/12\/logo-1.png\" class=\"attachment-large size-large wp-image-1073\" alt=\"\" srcset=\"https:\/\/puli.hu\/wp-content\/uploads\/2024\/12\/logo-1.png 618w, https:\/\/puli.hu\/wp-content\/uploads\/2024\/12\/logo-1-300x86.png 300w, https:\/\/puli.hu\/wp-content\/uploads\/2024\/12\/logo-1-18x5.png 18w\" sizes=\"(max-width: 618px) 100vw, 618px\" \/>\t\t\t\t\t\t\t\t<\/a>\n\t\t\t\t\t\t\t\t\t\t\t\t\t\t\t<\/div>\n\t\t\t\t<\/div>\n\t\t<div class=\"elementor-element elementor-element-4927c61 e-con-full e-flex e-con e-child\" data-id=\"4927c61\" data-element_type=\"container\" data-e-type=\"container\">\n\t\t\t\t<div class=\"elementor-element elementor-element-3caf891 e-transform elementor-widget elementor-widget-image\" data-id=\"3caf891\" data-element_type=\"widget\" data-e-type=\"widget\" data-settings=\"{&quot;_transform_scale_effect&quot;:{&quot;unit&quot;:&quot;px&quot;,&quot;size&quot;:&quot;&quot;,&quot;sizes&quot;:[]},&quot;_transform_scale_effect_tablet&quot;:{&quot;unit&quot;:&quot;px&quot;,&quot;size&quot;:&quot;&quot;,&quot;sizes&quot;:[]},&quot;_transform_scale_effect_mobile&quot;:{&quot;unit&quot;:&quot;px&quot;,&quot;size&quot;:&quot;&quot;,&quot;sizes&quot;:[]}}\" data-widget_type=\"image.default\">\n\t\t\t\t\t\t\t\t\t\t\t\t\t\t\t\t<a href=\"https:\/\/www.kisallatortopedia.hu\/#Home\">\n\t\t\t\t\t\t\t<img decoding=\"async\" width=\"240\" height=\"371\" src=\"https:\/\/puli.hu\/wp-content\/uploads\/2024\/12\/148-240X800-l-mkoe.jpg\" class=\"attachment-full size-full wp-image-1074\" alt=\"\" srcset=\"https:\/\/puli.hu\/wp-content\/uploads\/2024\/12\/148-240X800-l-mkoe.jpg 240w, https:\/\/puli.hu\/wp-content\/uploads\/2024\/12\/148-240X800-l-mkoe-194x300.jpg 194w, https:\/\/puli.hu\/wp-content\/uploads\/2024\/12\/148-240X800-l-mkoe-8x12.jpg 8w\" sizes=\"(max-width: 240px) 100vw, 240px\" \/>\t\t\t\t\t\t\t\t<\/a>\n\t\t\t\t\t\t\t\t\t\t\t\t\t\t\t<\/div>\n\t\t\t\t<\/div>\n\t\t\t\t<\/div>\n\t\t\t\t<\/div>","protected":false},"excerpt":{"rendered":"","protected":false},"author":1,"featured_media":0,"parent":0,"menu_order":0,"comment_status":"closed","ping_status":"closed","template":"elementor_header_footer","meta":{"iawp_total_views":33,"footnotes":""},"class_list":["post-1070","page","type-page","status-publish","hentry"],"blocksy_meta":[],"yoast_head":"<!-- This site is optimized with the Yoast SEO plugin v26.9 - https:\/\/yoast.com\/product\/yoast-seo-wordpress\/ -->\n<title>Aj\u00e1nlott linkek - Hung\u00e1ria Puli Klub<\/title>\n<meta name=\"robots\" content=\"index, follow, max-snippet:-1, max-image-preview:large, max-video-preview:-1\" \/>\n<link rel=\"canonical\" href=\"https:\/\/puli.hu\/en\/ajanlott-linkek\/\" \/>\n<meta property=\"og:locale\" content=\"en_GB\" \/>\n<meta property=\"og:type\" content=\"article\" \/>\n<meta property=\"og:title\" content=\"Aj\u00e1nlott linkek - Hung\u00e1ria Puli Klub\" \/>\n<meta property=\"og:url\" content=\"https:\/\/puli.hu\/en\/ajanlott-linkek\/\" \/>\n<meta property=\"og:site_name\" content=\"Hung\u00e1ria Puli Klub\" \/>\n<meta property=\"article:modified_time\" content=\"2025-01-12T18:06:36+00:00\" \/>\n<meta property=\"og:image\" content=\"https:\/\/puli.hu\/wp-content\/uploads\/2024\/12\/meoeszlogo2023_kek_kennelclub_oldalra96x96.png\" \/>\n\t<meta property=\"og:image:width\" content=\"96\" \/>\n\t<meta property=\"og:image:height\" content=\"96\" \/>\n\t<meta property=\"og:image:type\" content=\"image\/png\" \/>\n<meta name=\"twitter:card\" content=\"summary_large_image\" \/>\n<script type=\"application\/ld+json\" class=\"yoast-schema-graph\">{\"@context\":\"https:\/\/schema.org\",\"@graph\":[{\"@type\":\"WebPage\",\"@id\":\"https:\/\/puli.hu\/ajanlott-linkek\/\",\"url\":\"https:\/\/puli.hu\/ajanlott-linkek\/\",\"name\":\"Aj\u00e1nlott linkek - Hung\u00e1ria Puli Klub\",\"isPartOf\":{\"@id\":\"https:\/\/puli.hu\/#website\"},\"primaryImageOfPage\":{\"@id\":\"https:\/\/puli.hu\/ajanlott-linkek\/#primaryimage\"},\"image\":{\"@id\":\"https:\/\/puli.hu\/ajanlott-linkek\/#primaryimage\"},\"thumbnailUrl\":\"https:\/\/puli.hu\/wp-content\/uploads\/2024\/12\/meoeszlogo2023_kek_kennelclub_oldalra96x96.png\",\"datePublished\":\"2024-12-09T13:54:03+00:00\",\"dateModified\":\"2025-01-12T18:06:36+00:00\",\"breadcrumb\":{\"@id\":\"https:\/\/puli.hu\/ajanlott-linkek\/#breadcrumb\"},\"inLanguage\":\"en-GB\",\"potentialAction\":[{\"@type\":\"ReadAction\",\"target\":[\"https:\/\/puli.hu\/ajanlott-linkek\/\"]}]},{\"@type\":\"ImageObject\",\"inLanguage\":\"en-GB\",\"@id\":\"https:\/\/puli.hu\/ajanlott-linkek\/#primaryimage\",\"url\":\"https:\/\/puli.hu\/wp-content\/uploads\/2024\/12\/meoeszlogo2023_kek_kennelclub_oldalra96x96.png\",\"contentUrl\":\"https:\/\/puli.hu\/wp-content\/uploads\/2024\/12\/meoeszlogo2023_kek_kennelclub_oldalra96x96.png\"},{\"@type\":\"BreadcrumbList\",\"@id\":\"https:\/\/puli.hu\/ajanlott-linkek\/#breadcrumb\",\"itemListElement\":[{\"@type\":\"ListItem\",\"position\":1,\"name\":\"Home\",\"item\":\"https:\/\/puli.hu\/\"},{\"@type\":\"ListItem\",\"position\":2,\"name\":\"Aj\u00e1nlott linkek\"}]},{\"@type\":\"WebSite\",\"@id\":\"https:\/\/puli.hu\/#website\",\"url\":\"https:\/\/puli.hu\/\",\"name\":\"Hung\u00e1ria Puli Klub\",\"description\":\"Puli kutya: hagyom\u00e1ny, gondoz\u00e1s, sport \u00e9s teny\u00e9szt\u00e9s bemutat\u00e1sa.\",\"potentialAction\":[{\"@type\":\"SearchAction\",\"target\":{\"@type\":\"EntryPoint\",\"urlTemplate\":\"https:\/\/puli.hu\/?s={search_term_string}\"},\"query-input\":{\"@type\":\"PropertyValueSpecification\",\"valueRequired\":true,\"valueName\":\"search_term_string\"}}],\"inLanguage\":\"en-GB\"}]}<\/script>\n<!-- \/ Yoast SEO plugin. -->","yoast_head_json":{"title":"Aj\u00e1nlott linkek - Hung\u00e1ria Puli Klub","robots":{"index":"index","follow":"follow","max-snippet":"max-snippet:-1","max-image-preview":"max-image-preview:large","max-video-preview":"max-video-preview:-1"},"canonical":"https:\/\/puli.hu\/en\/ajanlott-linkek\/","og_locale":"en_GB","og_type":"article","og_title":"Aj\u00e1nlott linkek - Hung\u00e1ria Puli Klub","og_url":"https:\/\/puli.hu\/en\/ajanlott-linkek\/","og_site_name":"Hung\u00e1ria Puli Klub","article_modified_time":"2025-01-12T18:06:36+00:00","og_image":[{"width":96,"height":96,"url":"https:\/\/puli.hu\/wp-content\/uploads\/2024\/12\/meoeszlogo2023_kek_kennelclub_oldalra96x96.png","type":"image\/png"}],"twitter_card":"summary_large_image","schema":{"@context":"https:\/\/schema.org","@graph":[{"@type":"WebPage","@id":"https:\/\/puli.hu\/ajanlott-linkek\/","url":"https:\/\/puli.hu\/ajanlott-linkek\/","name":"Aj\u00e1nlott linkek - Hung\u00e1ria Puli Klub","isPartOf":{"@id":"https:\/\/puli.hu\/#website"},"primaryImageOfPage":{"@id":"https:\/\/puli.hu\/ajanlott-linkek\/#primaryimage"},"image":{"@id":"https:\/\/puli.hu\/ajanlott-linkek\/#primaryimage"},"thumbnailUrl":"https:\/\/puli.hu\/wp-content\/uploads\/2024\/12\/meoeszlogo2023_kek_kennelclub_oldalra96x96.png","datePublished":"2024-12-09T13:54:03+00:00","dateModified":"2025-01-12T18:06:36+00:00","breadcrumb":{"@id":"https:\/\/puli.hu\/ajanlott-linkek\/#breadcrumb"},"inLanguage":"en-GB","potentialAction":[{"@type":"ReadAction","target":["https:\/\/puli.hu\/ajanlott-linkek\/"]}]},{"@type":"ImageObject","inLanguage":"en-GB","@id":"https:\/\/puli.hu\/ajanlott-linkek\/#primaryimage","url":"https:\/\/puli.hu\/wp-content\/uploads\/2024\/12\/meoeszlogo2023_kek_kennelclub_oldalra96x96.png","contentUrl":"https:\/\/puli.hu\/wp-content\/uploads\/2024\/12\/meoeszlogo2023_kek_kennelclub_oldalra96x96.png"},{"@type":"BreadcrumbList","@id":"https:\/\/puli.hu\/ajanlott-linkek\/#breadcrumb","itemListElement":[{"@type":"ListItem","position":1,"name":"Home","item":"https:\/\/puli.hu\/"},{"@type":"ListItem","position":2,"name":"Aj\u00e1nlott linkek"}]},{"@type":"WebSite","@id":"https:\/\/puli.hu\/#website","url":"https:\/\/puli.hu\/","name":"HUNGARIAN PULI CLUB","description":"Puli kutya: hagyom\u00e1ny, gondoz\u00e1s, sport \u00e9s teny\u00e9szt\u00e9s bemutat\u00e1sa.","potentialAction":[{"@type":"SearchAction","target":{"@type":"EntryPoint","urlTemplate":"https:\/\/puli.hu\/?s={search_term_string}"},"query-input":{"@type":"PropertyValueSpecification","valueRequired":true,"valueName":"search_term_string"}}],"inLanguage":"en-GB"}]}},"_links":{"self":[{"href":"https:\/\/puli.hu\/en\/wp-json\/wp\/v2\/pages\/1070","targetHints":{"allow":["GET"]}}],"collection":[{"href":"https:\/\/puli.hu\/en\/wp-json\/wp\/v2\/pages"}],"about":[{"href":"https:\/\/puli.hu\/en\/wp-json\/wp\/v2\/types\/page"}],"author":[{"embeddable":true,"href":"https:\/\/puli.hu\/en\/wp-json\/wp\/v2\/users\/1"}],"replies":[{"embeddable":true,"href":"https:\/\/puli.hu\/en\/wp-json\/wp\/v2\/comments?post=1070"}],"version-history":[{"count":0,"href":"https:\/\/puli.hu\/en\/wp-json\/wp\/v2\/pages\/1070\/revisions"}],"wp:attachment":[{"href":"https:\/\/puli.hu\/en\/wp-json\/wp\/v2\/media?parent=1070"}],"curies":[{"name":"wp","href":"https:\/\/api.w.org\/{rel}","templated":true}]}}