{"id":1082,"date":"2024-12-09T14:10:48","date_gmt":"2024-12-09T14:10:48","guid":{"rendered":"https:\/\/mystifying-euclid.185-59-211-253.plesk.page\/?page_id=1082"},"modified":"2025-05-21T13:18:37","modified_gmt":"2025-05-21T12:18:37","slug":"fedezokanok","status":"publish","type":"page","link":"https:\/\/puli.hu\/en\/fedezokanok\/","title":{"rendered":"Publication of Stud Dogs"},"content":{"rendered":"<div data-elementor-type=\"wp-page\" data-elementor-id=\"1082\" class=\"elementor elementor-1082\" data-elementor-post-type=\"page\">\n\t\t\t\t\t\t<section class=\"elementor-section elementor-top-section elementor-element elementor-element-cfe0e1b elementor-section-full_width elementor-section-height-min-height elementor-section-height-default elementor-section-items-middle\" data-id=\"cfe0e1b\" data-element_type=\"section\" data-e-type=\"section\" data-settings=\"{&quot;background_background&quot;:&quot;classic&quot;}\">\n\t\t\t\t\t\t\t<div class=\"elementor-background-overlay\"><\/div>\n\t\t\t\t\t\t\t<div class=\"elementor-container elementor-column-gap-default\">\n\t\t\t\t\t<div class=\"elementor-column elementor-col-100 elementor-top-column elementor-element elementor-element-498ed2b\" data-id=\"498ed2b\" data-element_type=\"column\" data-e-type=\"column\">\n\t\t\t<div class=\"elementor-widget-wrap elementor-element-populated\">\n\t\t\t\t\t\t<div class=\"elementor-element elementor-element-92bbba2 elementor-widget elementor-widget-heading\" data-id=\"92bbba2\" data-element_type=\"widget\" data-e-type=\"widget\" data-widget_type=\"heading.default\">\n\t\t\t\t\t<h2 class=\"elementor-heading-title elementor-size-default\">Publication of Stud Dogs<\/h2>\t\t\t\t<\/div>\n\t\t\t\t<div class=\"elementor-element elementor-element-9853f48 elementor-widget elementor-widget-text-editor\" data-id=\"9853f48\" data-element_type=\"widget\" data-e-type=\"widget\" data-widget_type=\"text-editor.default\">\n\t\t\t\t\t\t\t\t\t<p>Breeder Information \/ Publication of Stud Dogs<\/p>\t\t\t\t\t\t\t\t<\/div>\n\t\t\t\t\t<\/div>\n\t\t<\/div>\n\t\t\t\t\t<\/div>\n\t\t<\/section>\n\t\t<div class=\"elementor-element elementor-element-2f4360e e-con-full e-flex e-con e-parent\" data-id=\"2f4360e\" data-element_type=\"container\" data-e-type=\"container\" data-settings=\"{&quot;background_background&quot;:&quot;classic&quot;}\">\n\t\t\t\t<div class=\"elementor-element elementor-element-029dc40 elementor-widget__width-initial elementor-widget elementor-widget-heading\" data-id=\"029dc40\" data-element_type=\"widget\" data-e-type=\"widget\" data-widget_type=\"heading.default\">\n\t\t\t\t\t<h5 class=\"elementor-heading-title elementor-size-default\">If you would like to feature your stud dog on our website, please send the following declaration and information, as well as a photo of the dog, via email to info@puli.hu:<\/h5>\t\t\t\t<\/div>\n\t\t\t\t<\/div>\n\t\t<div class=\"elementor-element elementor-element-d2b4d19 e-con-full e-flex e-con e-child\" data-id=\"d2b4d19\" data-element_type=\"container\" data-e-type=\"container\">\n\t\t\t\t<div class=\"elementor-element elementor-element-7c14503 elementor-icon-list--layout-traditional elementor-list-item-link-full_width elementor-widget elementor-widget-icon-list\" data-id=\"7c14503\" data-element_type=\"widget\" data-e-type=\"widget\" data-widget_type=\"icon-list.default\">\n\t\t\t\t\t\t\t<ul class=\"elementor-icon-list-items\">\n\t\t\t\t\t\t\t<li class=\"elementor-icon-list-item\">\n\t\t\t\t\t\t\t\t\t\t\t<a href=\"https:\/\/puli.hu\/wp-content\/uploads\/2025\/01\/tenyeszkan_nyilatkozat.docx\">\n\n\t\t\t\t\t\t\t\t\t\t\t\t<span class=\"elementor-icon-list-icon\">\n\t\t\t\t\t\t\t<svg aria-hidden=\"true\" class=\"e-font-icon-svg e-fas-external-link-alt\" viewbox=\"0 0 512 512\" xmlns=\"http:\/\/www.w3.org\/2000\/svg\"><path d=\"M432,320H400a16,16,0,0,0-16,16V448H64V128H208a16,16,0,0,0,16-16V80a16,16,0,0,0-16-16H48A48,48,0,0,0,0,112V464a48,48,0,0,0,48,48H400a48,48,0,0,0,48-48V336A16,16,0,0,0,432,320ZM488,0h-128c-21.37,0-32.05,25.91-17,41l35.73,35.73L135,320.37a24,24,0,0,0,0,34L157.67,377a24,24,0,0,0,34,0L435.28,133.32,471,169c15,15,41,4.5,41-17V24A24,24,0,0,0,488,0Z\"><\/path><\/svg>\t\t\t\t\t\t<\/span>\n\t\t\t\t\t\t\t\t\t\t<span class=\"elementor-icon-list-text\">Ide kattinva let\u00f6ltheti a nyilatkozatot!<\/span>\n\t\t\t\t\t\t\t\t\t\t\t<\/a>\n\t\t\t\t\t\t\t\t\t<\/li>\n\t\t\t\t\t\t<\/ul>\n\t\t\t\t\t\t<\/div>\n\t\t\t\t<\/div>\n\t\t\t\t<\/div>","protected":false},"excerpt":{"rendered":"<p>Fedez\u0151kanok megjelentet\u00e9se Teny\u00e9szt\u0151i inform\u00e1ci\u00f3k \/ Fedez\u0151kanok megjelentet\u00e9se Amennyiben teny\u00e9szkanj\u00e1t szeretn\u00e9 a honlapunkon szerepeltetni, k\u00e9rj\u00fck k\u00fcldje be az al\u00e1bbi nyilatkozatot \u00e9s adatokat, illetve egy fot\u00f3t a kuty\u00e1r\u00f3l e-mailben az info@puli.hu c\u00edmre: Ide kattinva let\u00f6ltheti a nyilatkozatot!<\/p>","protected":false},"author":1,"featured_media":0,"parent":0,"menu_order":0,"comment_status":"closed","ping_status":"closed","template":"elementor_header_footer","meta":{"iawp_total_views":61,"footnotes":""},"class_list":["post-1082","page","type-page","status-publish","hentry"],"blocksy_meta":[],"yoast_head":"<!-- This site is optimized with the Yoast SEO plugin v26.9 - https:\/\/yoast.com\/product\/yoast-seo-wordpress\/ -->\n<title>Fedez\u0151kanok megjelentet\u00e9se - Hung\u00e1ria Puli Klub<\/title>\n<meta name=\"robots\" content=\"index, follow, max-snippet:-1, max-image-preview:large, max-video-preview:-1\" \/>\n<link rel=\"canonical\" href=\"https:\/\/puli.hu\/en\/fedezokanok\/\" \/>\n<meta property=\"og:locale\" content=\"en_GB\" \/>\n<meta property=\"og:type\" content=\"article\" \/>\n<meta property=\"og:title\" content=\"Fedez\u0151kanok megjelentet\u00e9se - Hung\u00e1ria Puli Klub\" \/>\n<meta property=\"og:description\" content=\"Fedez\u0151kanok megjelentet\u00e9se Teny\u00e9szt\u0151i inform\u00e1ci\u00f3k \/ Fedez\u0151kanok megjelentet\u00e9se Amennyiben teny\u00e9szkanj\u00e1t szeretn\u00e9 a honlapunkon szerepeltetni, k\u00e9rj\u00fck k\u00fcldje be az al\u00e1bbi nyilatkozatot \u00e9s adatokat, illetve egy fot\u00f3t a kuty\u00e1r\u00f3l e-mailben az info@puli.hu c\u00edmre: Ide kattinva let\u00f6ltheti a nyilatkozatot!\" \/>\n<meta property=\"og:url\" content=\"https:\/\/puli.hu\/en\/fedezokanok\/\" \/>\n<meta property=\"og:site_name\" content=\"Hung\u00e1ria Puli Klub\" \/>\n<meta property=\"article:modified_time\" content=\"2025-05-21T12:18:37+00:00\" \/>\n<meta name=\"twitter:card\" content=\"summary_large_image\" \/>\n<script type=\"application\/ld+json\" class=\"yoast-schema-graph\">{\"@context\":\"https:\/\/schema.org\",\"@graph\":[{\"@type\":\"WebPage\",\"@id\":\"https:\/\/puli.hu\/fedezokanok\/\",\"url\":\"https:\/\/puli.hu\/fedezokanok\/\",\"name\":\"Fedez\u0151kanok megjelentet\u00e9se - Hung\u00e1ria Puli Klub\",\"isPartOf\":{\"@id\":\"https:\/\/puli.hu\/#website\"},\"datePublished\":\"2024-12-09T14:10:48+00:00\",\"dateModified\":\"2025-05-21T12:18:37+00:00\",\"breadcrumb\":{\"@id\":\"https:\/\/puli.hu\/fedezokanok\/#breadcrumb\"},\"inLanguage\":\"en-GB\",\"potentialAction\":[{\"@type\":\"ReadAction\",\"target\":[\"https:\/\/puli.hu\/fedezokanok\/\"]}]},{\"@type\":\"BreadcrumbList\",\"@id\":\"https:\/\/puli.hu\/fedezokanok\/#breadcrumb\",\"itemListElement\":[{\"@type\":\"ListItem\",\"position\":1,\"name\":\"Home\",\"item\":\"https:\/\/puli.hu\/\"},{\"@type\":\"ListItem\",\"position\":2,\"name\":\"Fedez\u0151kanok megjelentet\u00e9se\"}]},{\"@type\":\"WebSite\",\"@id\":\"https:\/\/puli.hu\/#website\",\"url\":\"https:\/\/puli.hu\/\",\"name\":\"Hung\u00e1ria Puli Klub\",\"description\":\"Puli kutya: hagyom\u00e1ny, gondoz\u00e1s, sport \u00e9s teny\u00e9szt\u00e9s bemutat\u00e1sa.\",\"potentialAction\":[{\"@type\":\"SearchAction\",\"target\":{\"@type\":\"EntryPoint\",\"urlTemplate\":\"https:\/\/puli.hu\/?s={search_term_string}\"},\"query-input\":{\"@type\":\"PropertyValueSpecification\",\"valueRequired\":true,\"valueName\":\"search_term_string\"}}],\"inLanguage\":\"en-GB\"}]}<\/script>\n<!-- \/ Yoast SEO plugin. -->","yoast_head_json":{"title":"Fedez\u0151kanok megjelentet\u00e9se - Hung\u00e1ria Puli Klub","robots":{"index":"index","follow":"follow","max-snippet":"max-snippet:-1","max-image-preview":"max-image-preview:large","max-video-preview":"max-video-preview:-1"},"canonical":"https:\/\/puli.hu\/en\/fedezokanok\/","og_locale":"en_GB","og_type":"article","og_title":"Fedez\u0151kanok megjelentet\u00e9se - Hung\u00e1ria Puli Klub","og_description":"Fedez\u0151kanok megjelentet\u00e9se Teny\u00e9szt\u0151i inform\u00e1ci\u00f3k \/ Fedez\u0151kanok megjelentet\u00e9se Amennyiben teny\u00e9szkanj\u00e1t szeretn\u00e9 a honlapunkon szerepeltetni, k\u00e9rj\u00fck k\u00fcldje be az al\u00e1bbi nyilatkozatot \u00e9s adatokat, illetve egy fot\u00f3t a kuty\u00e1r\u00f3l e-mailben az info@puli.hu c\u00edmre: Ide kattinva let\u00f6ltheti a nyilatkozatot!","og_url":"https:\/\/puli.hu\/en\/fedezokanok\/","og_site_name":"Hung\u00e1ria Puli Klub","article_modified_time":"2025-05-21T12:18:37+00:00","twitter_card":"summary_large_image","schema":{"@context":"https:\/\/schema.org","@graph":[{"@type":"WebPage","@id":"https:\/\/puli.hu\/fedezokanok\/","url":"https:\/\/puli.hu\/fedezokanok\/","name":"Fedez\u0151kanok megjelentet\u00e9se - Hung\u00e1ria Puli Klub","isPartOf":{"@id":"https:\/\/puli.hu\/#website"},"datePublished":"2024-12-09T14:10:48+00:00","dateModified":"2025-05-21T12:18:37+00:00","breadcrumb":{"@id":"https:\/\/puli.hu\/fedezokanok\/#breadcrumb"},"inLanguage":"en-GB","potentialAction":[{"@type":"ReadAction","target":["https:\/\/puli.hu\/fedezokanok\/"]}]},{"@type":"BreadcrumbList","@id":"https:\/\/puli.hu\/fedezokanok\/#breadcrumb","itemListElement":[{"@type":"ListItem","position":1,"name":"Home","item":"https:\/\/puli.hu\/"},{"@type":"ListItem","position":2,"name":"Fedez\u0151kanok megjelentet\u00e9se"}]},{"@type":"WebSite","@id":"https:\/\/puli.hu\/#website","url":"https:\/\/puli.hu\/","name":"HUNGARIAN PULI CLUB","description":"Puli kutya: hagyom\u00e1ny, gondoz\u00e1s, sport \u00e9s teny\u00e9szt\u00e9s bemutat\u00e1sa.","potentialAction":[{"@type":"SearchAction","target":{"@type":"EntryPoint","urlTemplate":"https:\/\/puli.hu\/?s={search_term_string}"},"query-input":{"@type":"PropertyValueSpecification","valueRequired":true,"valueName":"search_term_string"}}],"inLanguage":"en-GB"}]}},"_links":{"self":[{"href":"https:\/\/puli.hu\/en\/wp-json\/wp\/v2\/pages\/1082","targetHints":{"allow":["GET"]}}],"collection":[{"href":"https:\/\/puli.hu\/en\/wp-json\/wp\/v2\/pages"}],"about":[{"href":"https:\/\/puli.hu\/en\/wp-json\/wp\/v2\/types\/page"}],"author":[{"embeddable":true,"href":"https:\/\/puli.hu\/en\/wp-json\/wp\/v2\/users\/1"}],"replies":[{"embeddable":true,"href":"https:\/\/puli.hu\/en\/wp-json\/wp\/v2\/comments?post=1082"}],"version-history":[{"count":0,"href":"https:\/\/puli.hu\/en\/wp-json\/wp\/v2\/pages\/1082\/revisions"}],"wp:attachment":[{"href":"https:\/\/puli.hu\/en\/wp-json\/wp\/v2\/media?parent=1082"}],"curies":[{"name":"wp","href":"https:\/\/api.w.org\/{rel}","templated":true}]}}