{"id":1143,"date":"2024-12-09T15:07:30","date_gmt":"2024-12-09T15:07:30","guid":{"rendered":"https:\/\/mystifying-euclid.185-59-211-253.plesk.page\/?page_id=1143"},"modified":"2025-01-12T20:16:24","modified_gmt":"2025-01-12T19:16:24","slug":"torzskonyvezes","status":"publish","type":"page","link":"https:\/\/puli.hu\/en\/torzskonyvezes\/","title":{"rendered":"T\u00f6rzskonyvez\u00e9s"},"content":{"rendered":"<div data-elementor-type=\"wp-page\" data-elementor-id=\"1143\" class=\"elementor elementor-1143\" data-elementor-post-type=\"page\">\n\t\t\t\t<div class=\"elementor-element elementor-element-a9defd3 e-flex e-con-boxed e-con e-parent\" data-id=\"a9defd3\" data-element_type=\"container\" data-e-type=\"container\" data-settings=\"{&quot;background_background&quot;:&quot;classic&quot;}\">\n\t\t\t\t\t<div class=\"e-con-inner\">\n\t\t\t\t<div class=\"elementor-element elementor-element-850f068 elementor-widget elementor-widget-heading\" data-id=\"850f068\" data-element_type=\"widget\" data-e-type=\"widget\" data-widget_type=\"heading.default\">\n\t\t\t\t\t<h2 class=\"elementor-heading-title elementor-size-default\">Information on the registration procedure<\/h2>\t\t\t\t<\/div>\n\t\t\t\t<div class=\"elementor-element elementor-element-4afe70c elementor-widget elementor-widget-heading\" data-id=\"4afe70c\" data-element_type=\"widget\" data-e-type=\"widget\" data-widget_type=\"heading.default\">\n\t\t\t\t\t<h3 class=\"elementor-heading-title elementor-size-default\">Dear fellow athletes!<\/h3>\t\t\t\t<\/div>\n\t\t\t\t<div class=\"elementor-element elementor-element-e40be05 elementor-widget elementor-widget-text-editor\" data-id=\"e40be05\" data-element_type=\"widget\" data-e-type=\"widget\" data-widget_type=\"text-editor.default\">\n\t\t\t\t\t\t\t\t\t<p class=\"translation-block\">In accordance with the Ministry of Rural Development's Decree No. 98\/2013 (X. 24.) on the breeding of purebred dogs and Decree No. 62\/2016 (IX.16.) on the determination of the range of Hungarian dog breeds and the regulation of their genetic preservation, the Breeding Council has amended the Breeding Program. The provisions of this program apply to all puli breeders registered in Hungary with a kennel name and permanent residence, who seek pedigree registration recognized by the FCI. (Detailed regulations can be found in the Club's Breeding Program.)<\/p>\t\t\t\t\t\t\t\t<\/div>\n\t\t\t\t<div class=\"elementor-element elementor-element-2881610 elementor-widget elementor-widget-heading\" data-id=\"2881610\" data-element_type=\"widget\" data-e-type=\"widget\" data-widget_type=\"heading.default\">\n\t\t\t\t\t<h3 class=\"elementor-heading-title elementor-size-default\">A puli breed's pedigree registration is carried out by the Hung\u00e1ria Puli Klub, which is recognized as an official breeding organization.<\/h3>\t\t\t\t<\/div>\n\t\t\t\t<div class=\"elementor-element elementor-element-4ef4d90 elementor-widget elementor-widget-text-editor\" data-id=\"4ef4d90\" data-element_type=\"widget\" data-e-type=\"widget\" data-widget_type=\"text-editor.default\">\n\t\t\t\t\t\t\t\t\t<p>Based on the Pedigree Registration Regulations that came into effect on January 1, 2017, the process for pedigree registration is as follows:<\/p><p class=\"translation-block\">After the mating has taken place, the owner of the stud dog must fill out the Mating Certificate in two copies (downloadable from the Club's website), one of which must be given to the owner of the female dog, and one copy remains with the owner of the stud dog.<\/p><p>Based on the Breeding Council's Resolution No. 1\/2015, puli litters born after July 15, 2015, must be reported by the time the puppies are 15 days old using the currently used Litter Registration Form or online. <a style=\"text-decoration: underline; color: #e4c59e;\" href=\"https:\/\/puli.hu\/en\/alombejelentes\/\">\u00a0<span style=\"text-decoration: underline; color: #e4c59e;\"><strong><em>Litter Registration<\/em><\/strong><\/span> (15 days).<\/a><\/p><p><strong>\u00a0<\/strong><\/p><p class=\"translation-block\">Before pedigree registration, the breeder must have the puppies microchipped at 6 weeks of age by a veterinarian of their choice (the certificate of microchip insertion can be downloaded for free from the Club's website) and registered in the pet registry system maintained by the Hungarian Veterinary Chamber.<\/p><p>A mikrochipek behelyez\u00e9se ut\u00e1n k\u00e9rj\u00fck, hogy min\u00e9l el\u0151bb k\u00fcldje meg\u00a0<strong>postai\u00a0<\/strong><strong>\u00faton vagy e-mailben\u00a0<\/strong>After the microchips have been inserted, please send the following documents to the person responsible for pedigree registration administration as soon as possible, either by mail or email:<\/p><p>1.<strong>\u00a0Microchip insertion certificate<\/strong><\/p><p><strong>2. Litter declaration ticket<\/strong><\/p><p><strong>3. Betting ticket<\/strong><\/p><p>4.<strong>\u00a0Copies of both sides of the parents' pedigree certificate<\/strong><\/p><p><strong>5. Breed inspection certificate for parents<\/strong><\/p><p><strong>6. Proof of exhibition and work results, which can be shown to parents<\/strong><\/p><p><strong>7. K<\/strong><strong>Kennel name certificate<\/strong><\/p><p><strong>7. A copy of the receipt of payment of the fees calculated on the basis of the Hung\u00e1ria Puli Klub price list<\/strong><\/p><p><strong>8. a document certifying the result of the hip joint dp. screening for animals to be bred after 1 January 2014<\/strong><\/p><p>In the normal procedure, the litter can be registered for 6 months after birth, after which time a DNA pedigree test must be carried out to confirm the identity of the parents.<\/p><p>The registration can only be started if all the requested documents are available and the breeder has paid all the service fees to the Club in advance.<\/p><p><strong>\u00a0<\/strong><\/p><p>Once all the administrative and payment obligations have been fulfilled towards the Club, the person in charge of the administration of the pedigree registration will start the registration and issue the Pedigree Certificates, which will be sent to the breeder immediately after their completion.<\/p><p>If the Litter Declaration Ticket is incomplete, or any of the documents listed are missing, a notice of error will be issued within 15 days of receipt of the Litter Declaration Ticket. The register of faults will be sent to the breeder by the person responsible for the administration of the herd-book in written or electronic form. The breeder shall be given one opportunity to rectify the deficiencies, but if the deficiencies are not rectified within 30 days of receipt of the list of faults, registration shall be refused.<\/p><p>The Club may, at the discretion of the Breeding Manager, in consultation with the Breeding Council, carry out random litter and breeding site inspections with the involvement of Breeding Council Members\/Breeding Inspectors.<\/p><p>The designated Breeding Board Member\/Supervisor must visit the litter no later than the date of receipt of the Certificate of Parentage, and in any case after the date of microchipping by the veterinarian, so that all puppies receiving a Certificate of Parentage can be identified.<\/p><p class=\"translation-block\">A record of the litter visit is drawn up <em>(Annex 6)<\/em>, including all the breeding events related to the birth of the litter. All questions and details in the record must be answered and comments may be made by both the Breeding Council Member\/Supervisor and the Breeder, and signed by them to certify their accuracy. During the litter visit, the breeder must ensure that the Breeding Council Member\/Annimal Inspector has the opportunity to inspect the dam and all puppies for which a Certificate of Provenance has been requested.<\/p><p>It is the breeder's duty to check the pedigree certificates after receiving them, to check the data and to ask for corrections in case of deficiencies.<\/p><p class=\"translation-block\">After the sale of puppies, we strongly remind the breeder to register the change of ownership of the puppy in the Club's database by sending a document (<em>Certificate of Change of Ownership Form<\/em>) to the breeding manager or the person authorised by the Club.<\/p>\t\t\t\t\t\t\t\t<\/div>\n\t\t\t\t<div class=\"elementor-element elementor-element-2936809 elementor-widget elementor-widget-heading\" data-id=\"2936809\" data-element_type=\"widget\" data-e-type=\"widget\" data-widget_type=\"heading.default\">\n\t\t\t\t\t<h3 class=\"elementor-heading-title elementor-size-default\">Important:\n\nAccording to the new Breeding Rules, a total of 9 litters can be registered in one breeding in one calendar year!<\/h3>\t\t\t\t<\/div>\n\t\t\t\t<div class=\"elementor-element elementor-element-a159538 elementor-widget elementor-widget-text-editor translation-block\" data-id=\"a159538\" data-element_type=\"widget\" data-e-type=\"widget\" data-widget_type=\"text-editor.default\">Those who wish to use the services of the MEOE Federation (CAC, CACIB exhibition, FCI kennel name, Export Pedigree) must purchase a federation card to take advantage of the MEOE Federation's discounted service fees, in addition to the membership fee of the chosen organization. However, the federation card only needs to be requested from one organization, and its purchase can be initiated through the Club.\n\nService fees must be paid by transfer to the bank account managed by the Club \u2013 OTP Bank 11716008-20167275 \u2013 or by the yellow postal check provided by the Club, with the payer and the service clearly indicated!\n\nContact information for pedigree registration administration:\n\nE-mail: info@puli.hu<\/div>\n\t\t\t\t\t<\/div>\n\t\t\t\t<\/div>\n\t\t\t\t<\/div>","protected":false},"excerpt":{"rendered":"<p>T\u00e1j\u00e9koztat\u00f3 a t\u00f6rzsk\u00f6nyvez\u00e9s menet\u00e9r\u0151l Tisztelt Sportt\u00e1rsak! A Vid\u00e9kfejleszt\u00e9si Miniszt\u00e9rium\u00a098\/2013 (X. 24.) sz\u00e1m\u00fa, a fajtatiszta ebek teny\u00e9szt\u00e9s\u00e9r\u0151l sz\u00f3l\u00f3 rendelet\u00e9nek\u00a0\u00e9s a\u00a062\/2016 (IX.16.) sz\u00e1m\u00fa, a magyar ebfajt\u00e1k k\u00f6r\u00e9nek meg\u00e1llap\u00edt\u00e1s\u00e1r\u00f3l \u00e9s genetikai fenntart\u00e1suk rendj\u00e9r\u0151l sz\u00f3l\u00f3 rendelet\u00e9nek,\u00a0\u00a0megfelel\u0151en a Teny\u00e9szt\u00e9si Tan\u00e1cs m\u00f3dos\u00edtotta a Teny\u00e9szt\u00e9si Programot, melynek rendelkez\u00e9sei minden Magyarorsz\u00e1gon regisztr\u00e1lt kenneln\u00e9vvel \u00e9s \u00e1lland\u00f3 lakhellyel rendelkez\u0151 puli teny\u00e9szt\u0151re \u00e9rv\u00e9nyesek, aki FCI \u00e1ltal [&hellip;]<\/p>","protected":false},"author":1,"featured_media":0,"parent":0,"menu_order":0,"comment_status":"closed","ping_status":"closed","template":"elementor_header_footer","meta":{"iawp_total_views":136,"footnotes":""},"class_list":["post-1143","page","type-page","status-publish","hentry"],"blocksy_meta":[],"yoast_head":"<!-- This site is optimized with the Yoast SEO plugin v26.9 - https:\/\/yoast.com\/product\/yoast-seo-wordpress\/ -->\n<title>T\u00f6rzskonyvez\u00e9s - Hung\u00e1ria Puli Klub<\/title>\n<meta name=\"robots\" content=\"index, follow, max-snippet:-1, max-image-preview:large, max-video-preview:-1\" \/>\n<link rel=\"canonical\" href=\"https:\/\/puli.hu\/en\/torzskonyvezes\/\" \/>\n<meta property=\"og:locale\" content=\"en_GB\" \/>\n<meta property=\"og:type\" content=\"article\" \/>\n<meta property=\"og:title\" content=\"T\u00f6rzskonyvez\u00e9s - Hung\u00e1ria Puli Klub\" \/>\n<meta property=\"og:description\" content=\"T\u00e1j\u00e9koztat\u00f3 a t\u00f6rzsk\u00f6nyvez\u00e9s menet\u00e9r\u0151l Tisztelt Sportt\u00e1rsak! A Vid\u00e9kfejleszt\u00e9si Miniszt\u00e9rium\u00a098\/2013 (X. 24.) sz\u00e1m\u00fa, a fajtatiszta ebek teny\u00e9szt\u00e9s\u00e9r\u0151l sz\u00f3l\u00f3 rendelet\u00e9nek\u00a0\u00e9s a\u00a062\/2016 (IX.16.) sz\u00e1m\u00fa, a magyar ebfajt\u00e1k k\u00f6r\u00e9nek meg\u00e1llap\u00edt\u00e1s\u00e1r\u00f3l \u00e9s genetikai fenntart\u00e1suk rendj\u00e9r\u0151l sz\u00f3l\u00f3 rendelet\u00e9nek,\u00a0\u00a0megfelel\u0151en a Teny\u00e9szt\u00e9si Tan\u00e1cs m\u00f3dos\u00edtotta a Teny\u00e9szt\u00e9si Programot, melynek rendelkez\u00e9sei minden Magyarorsz\u00e1gon regisztr\u00e1lt kenneln\u00e9vvel \u00e9s \u00e1lland\u00f3 lakhellyel rendelkez\u0151 puli teny\u00e9szt\u0151re \u00e9rv\u00e9nyesek, aki FCI \u00e1ltal [&hellip;]\" \/>\n<meta property=\"og:url\" content=\"https:\/\/puli.hu\/en\/torzskonyvezes\/\" \/>\n<meta property=\"og:site_name\" content=\"Hung\u00e1ria Puli Klub\" \/>\n<meta property=\"article:modified_time\" content=\"2025-01-12T19:16:24+00:00\" \/>\n<meta name=\"twitter:card\" content=\"summary_large_image\" \/>\n<meta name=\"twitter:label1\" content=\"Estimated reading time\" \/>\n\t<meta name=\"twitter:data1\" content=\"6 minutes\" \/>\n<script type=\"application\/ld+json\" class=\"yoast-schema-graph\">{\"@context\":\"https:\/\/schema.org\",\"@graph\":[{\"@type\":\"WebPage\",\"@id\":\"https:\/\/puli.hu\/torzskonyvezes\/\",\"url\":\"https:\/\/puli.hu\/torzskonyvezes\/\",\"name\":\"T\u00f6rzskonyvez\u00e9s - Hung\u00e1ria Puli Klub\",\"isPartOf\":{\"@id\":\"https:\/\/puli.hu\/#website\"},\"datePublished\":\"2024-12-09T15:07:30+00:00\",\"dateModified\":\"2025-01-12T19:16:24+00:00\",\"breadcrumb\":{\"@id\":\"https:\/\/puli.hu\/torzskonyvezes\/#breadcrumb\"},\"inLanguage\":\"en-GB\",\"potentialAction\":[{\"@type\":\"ReadAction\",\"target\":[\"https:\/\/puli.hu\/torzskonyvezes\/\"]}]},{\"@type\":\"BreadcrumbList\",\"@id\":\"https:\/\/puli.hu\/torzskonyvezes\/#breadcrumb\",\"itemListElement\":[{\"@type\":\"ListItem\",\"position\":1,\"name\":\"Home\",\"item\":\"https:\/\/puli.hu\/\"},{\"@type\":\"ListItem\",\"position\":2,\"name\":\"T\u00f6rzskonyvez\u00e9s\"}]},{\"@type\":\"WebSite\",\"@id\":\"https:\/\/puli.hu\/#website\",\"url\":\"https:\/\/puli.hu\/\",\"name\":\"Hung\u00e1ria Puli Klub\",\"description\":\"Puli kutya: hagyom\u00e1ny, gondoz\u00e1s, sport \u00e9s teny\u00e9szt\u00e9s bemutat\u00e1sa.\",\"potentialAction\":[{\"@type\":\"SearchAction\",\"target\":{\"@type\":\"EntryPoint\",\"urlTemplate\":\"https:\/\/puli.hu\/?s={search_term_string}\"},\"query-input\":{\"@type\":\"PropertyValueSpecification\",\"valueRequired\":true,\"valueName\":\"search_term_string\"}}],\"inLanguage\":\"en-GB\"}]}<\/script>\n<!-- \/ Yoast SEO plugin. -->","yoast_head_json":{"title":"T\u00f6rzskonyvez\u00e9s - Hung\u00e1ria Puli Klub","robots":{"index":"index","follow":"follow","max-snippet":"max-snippet:-1","max-image-preview":"max-image-preview:large","max-video-preview":"max-video-preview:-1"},"canonical":"https:\/\/puli.hu\/en\/torzskonyvezes\/","og_locale":"en_GB","og_type":"article","og_title":"T\u00f6rzskonyvez\u00e9s - Hung\u00e1ria Puli Klub","og_description":"T\u00e1j\u00e9koztat\u00f3 a t\u00f6rzsk\u00f6nyvez\u00e9s menet\u00e9r\u0151l Tisztelt Sportt\u00e1rsak! A Vid\u00e9kfejleszt\u00e9si Miniszt\u00e9rium\u00a098\/2013 (X. 24.) sz\u00e1m\u00fa, a fajtatiszta ebek teny\u00e9szt\u00e9s\u00e9r\u0151l sz\u00f3l\u00f3 rendelet\u00e9nek\u00a0\u00e9s a\u00a062\/2016 (IX.16.) sz\u00e1m\u00fa, a magyar ebfajt\u00e1k k\u00f6r\u00e9nek meg\u00e1llap\u00edt\u00e1s\u00e1r\u00f3l \u00e9s genetikai fenntart\u00e1suk rendj\u00e9r\u0151l sz\u00f3l\u00f3 rendelet\u00e9nek,\u00a0\u00a0megfelel\u0151en a Teny\u00e9szt\u00e9si Tan\u00e1cs m\u00f3dos\u00edtotta a Teny\u00e9szt\u00e9si Programot, melynek rendelkez\u00e9sei minden Magyarorsz\u00e1gon regisztr\u00e1lt kenneln\u00e9vvel \u00e9s \u00e1lland\u00f3 lakhellyel rendelkez\u0151 puli teny\u00e9szt\u0151re \u00e9rv\u00e9nyesek, aki FCI \u00e1ltal [&hellip;]","og_url":"https:\/\/puli.hu\/en\/torzskonyvezes\/","og_site_name":"Hung\u00e1ria Puli Klub","article_modified_time":"2025-01-12T19:16:24+00:00","twitter_card":"summary_large_image","twitter_misc":{"Estimated reading time":"6 minutes"},"schema":{"@context":"https:\/\/schema.org","@graph":[{"@type":"WebPage","@id":"https:\/\/puli.hu\/torzskonyvezes\/","url":"https:\/\/puli.hu\/torzskonyvezes\/","name":"T\u00f6rzskonyvez\u00e9s - Hung\u00e1ria Puli Klub","isPartOf":{"@id":"https:\/\/puli.hu\/#website"},"datePublished":"2024-12-09T15:07:30+00:00","dateModified":"2025-01-12T19:16:24+00:00","breadcrumb":{"@id":"https:\/\/puli.hu\/torzskonyvezes\/#breadcrumb"},"inLanguage":"en-GB","potentialAction":[{"@type":"ReadAction","target":["https:\/\/puli.hu\/torzskonyvezes\/"]}]},{"@type":"BreadcrumbList","@id":"https:\/\/puli.hu\/torzskonyvezes\/#breadcrumb","itemListElement":[{"@type":"ListItem","position":1,"name":"Home","item":"https:\/\/puli.hu\/"},{"@type":"ListItem","position":2,"name":"T\u00f6rzskonyvez\u00e9s"}]},{"@type":"WebSite","@id":"https:\/\/puli.hu\/#website","url":"https:\/\/puli.hu\/","name":"HUNGARIAN PULI CLUB","description":"Puli kutya: hagyom\u00e1ny, gondoz\u00e1s, sport \u00e9s teny\u00e9szt\u00e9s bemutat\u00e1sa.","potentialAction":[{"@type":"SearchAction","target":{"@type":"EntryPoint","urlTemplate":"https:\/\/puli.hu\/?s={search_term_string}"},"query-input":{"@type":"PropertyValueSpecification","valueRequired":true,"valueName":"search_term_string"}}],"inLanguage":"en-GB"}]}},"_links":{"self":[{"href":"https:\/\/puli.hu\/en\/wp-json\/wp\/v2\/pages\/1143","targetHints":{"allow":["GET"]}}],"collection":[{"href":"https:\/\/puli.hu\/en\/wp-json\/wp\/v2\/pages"}],"about":[{"href":"https:\/\/puli.hu\/en\/wp-json\/wp\/v2\/types\/page"}],"author":[{"embeddable":true,"href":"https:\/\/puli.hu\/en\/wp-json\/wp\/v2\/users\/1"}],"replies":[{"embeddable":true,"href":"https:\/\/puli.hu\/en\/wp-json\/wp\/v2\/comments?post=1143"}],"version-history":[{"count":0,"href":"https:\/\/puli.hu\/en\/wp-json\/wp\/v2\/pages\/1143\/revisions"}],"wp:attachment":[{"href":"https:\/\/puli.hu\/en\/wp-json\/wp\/v2\/media?parent=1143"}],"curies":[{"name":"wp","href":"https:\/\/api.w.org\/{rel}","templated":true}]}}