{"id":1203,"date":"2024-12-09T15:40:11","date_gmt":"2024-12-09T15:40:11","guid":{"rendered":"https:\/\/mystifying-euclid.185-59-211-253.plesk.page\/?page_id=1203"},"modified":"2025-01-13T14:27:33","modified_gmt":"2025-01-13T13:27:33","slug":"kozmetika-apolas","status":"publish","type":"page","link":"https:\/\/puli.hu\/en\/kozmetika-apolas\/","title":{"rendered":"Kozmetika \u00e1pol\u00e1s"},"content":{"rendered":"<div data-elementor-type=\"wp-page\" data-elementor-id=\"1203\" class=\"elementor elementor-1203\" data-elementor-post-type=\"page\">\n\t\t\t\t<div class=\"elementor-element elementor-element-5e6105d e-flex e-con-boxed e-con e-parent\" data-id=\"5e6105d\" data-element_type=\"container\" data-e-type=\"container\" data-settings=\"{&quot;background_background&quot;:&quot;classic&quot;}\">\n\t\t\t\t\t<div class=\"e-con-inner\">\n\t\t\t\t<div class=\"elementor-element elementor-element-96d63cc elementor-widget elementor-widget-heading\" data-id=\"96d63cc\" data-element_type=\"widget\" data-e-type=\"widget\" data-widget_type=\"heading.default\">\n\t\t\t\t\t<h2 class=\"elementor-heading-title elementor-size-default\">Grooming and Care<\/h2>\t\t\t\t<\/div>\n\t\t\t\t<div class=\"elementor-element elementor-element-29a76dc elementor-widget elementor-widget-heading\" data-id=\"29a76dc\" data-element_type=\"widget\" data-e-type=\"widget\" data-widget_type=\"heading.default\">\n\t\t\t\t\t<h3 class=\"elementor-heading-title elementor-size-default\">Puli Grooming for Beginners<\/h3>\t\t\t\t<\/div>\n\t\t\t\t<div class=\"elementor-element elementor-element-1d29354 elementor-widget elementor-widget-text-editor\" data-id=\"1d29354\" data-element_type=\"widget\" data-e-type=\"widget\" data-widget_type=\"text-editor.default\">\n\t\t\t\t\t\t\t\t\t<p>The task of dog grooming is the professional cleaning and care of dogs, as well as trimming, clipping, and brushing the coats of dogs competing in exhibitions to emphasize breed characteristics (while concealing minor anatomical flaws).<\/p><p>Dog grooming should be done on a table, and the puli can be accustomed to this. It is very important that the animal experiences this activity as a comforting, pleasant, and familiar experience. When working with a young dog, it is essential to use patience and praise to help them get accustomed.<\/p>\t\t\t\t\t\t\t\t<\/div>\n\t\t\t\t<div class=\"elementor-element elementor-element-732b5e8 elementor-widget elementor-widget-heading\" data-id=\"732b5e8\" data-element_type=\"widget\" data-e-type=\"widget\" data-widget_type=\"heading.default\">\n\t\t\t\t\t<h3 class=\"elementor-heading-title elementor-size-default\">Puppy Puli<\/h3>\t\t\t\t<\/div>\n\t\t\t\t<div class=\"elementor-element elementor-element-f49f253 elementor-widget elementor-widget-text-editor\" data-id=\"f49f253\" data-element_type=\"widget\" data-e-type=\"widget\" data-widget_type=\"text-editor.default\">\n\t\t\t\t\t\t\t\t\t<p>\u00a0With their coat, there isn't much to do for a while, other than keep it reasonably clean. If it's not necessary, avoid bathing them. Make sure they receive high-quality food and are free from fleas and intestinal worms.<\/p><p>The first \"shedding\" of a young Puli's coat can take place between 6-10 months of age, depending on the inherited quality of the fur. You'll notice when the undercoat has started to weave into the spiral or wavy guard hairs, and a firmer, more structured coat begins to form, replacing the puppy coat.<\/p><p>This coat structure splits lengthwise, similar to canvas. Using this characteristic, we create the very attractive corded or ribbon-like coat.<\/p><p><img fetchpriority=\"high\" decoding=\"async\" class=\"alignnone wp-image-2322 size-medium\" src=\"https:\/\/puli.hu\/wp-content\/uploads\/2024\/11\/2-4-300x300.png\" alt=\"\" width=\"300\" height=\"300\" srcset=\"https:\/\/puli.hu\/wp-content\/uploads\/2024\/11\/2-4-300x300.png 300w, https:\/\/puli.hu\/wp-content\/uploads\/2024\/11\/2-4-150x150.png 150w, https:\/\/puli.hu\/wp-content\/uploads\/2024\/11\/2-4-12x12.png 12w, https:\/\/puli.hu\/wp-content\/uploads\/2024\/11\/2-4.png 512w\" sizes=\"(max-width: 300px) 100vw, 300px\" \/><\/p><p class=\"translation-block\">The puli can be worked on beautifully while lying on its side on the table.\n\nStart tearing the fur in a row, for example, from the nose towards the tail, or from the paws towards the spine.<\/p><p>We should take into account the natural thickness of the strands, but avoid thinning them to less than the width of a thumb, as they will later become compacted and tangled.<\/p><p>On the head and legs, thinner strands often naturally form, and these should definitely not be further halved. We can keep our hands moist, making it easier to collect the fallen undercoat hairs.<\/p><p class=\"translation-block\">The skin of the ear canal is very delicate and can easily tear! The fur here contains more undercoat hairs and is harder to split. Therefore, when plucking the ear fur, use scissors and pull or cut the fur away from the skin.<\/p><p>Along the spine, from the withers to the croup, we create a parting to ensure the backline is clearly visible.<\/p><p><img decoding=\"async\" class=\"alignnone wp-image-2321 size-medium\" src=\"https:\/\/puli.hu\/wp-content\/uploads\/2024\/11\/1-3-300x300.png\" alt=\"\" width=\"300\" height=\"300\" srcset=\"https:\/\/puli.hu\/wp-content\/uploads\/2024\/11\/1-3-300x300.png 300w, https:\/\/puli.hu\/wp-content\/uploads\/2024\/11\/1-3-150x150.png 150w, https:\/\/puli.hu\/wp-content\/uploads\/2024\/11\/1-3-12x12.png 12w, https:\/\/puli.hu\/wp-content\/uploads\/2024\/11\/1-3.png 512w\" sizes=\"(max-width: 300px) 100vw, 300px\" \/><\/p>\t\t\t\t\t\t\t\t<\/div>\n\t\t\t\t<div class=\"elementor-element elementor-element-866d2e0 elementor-widget elementor-widget-heading\" data-id=\"866d2e0\" data-element_type=\"widget\" data-e-type=\"widget\" data-widget_type=\"heading.default\">\n\t\t\t\t\t<h3 class=\"elementor-heading-title elementor-size-default\">General Grooming<\/h3>\t\t\t\t<\/div>\n\t\t\t\t<div class=\"elementor-element elementor-element-ba76a39 elementor-widget elementor-widget-text-editor\" data-id=\"ba76a39\" data-element_type=\"widget\" data-e-type=\"widget\" data-widget_type=\"text-editor.default\">\n\t\t\t\t\t\t\t\t\t<h5 style=\"color: #E4C59E\">Eye Care<\/h5>\nClean the corners of the eyes with a cotton ball or gauze pad dampened with lukewarm water or boric water.\u00a0<em>If there is mucous (white or yellow) discharge, consult a veterinarian.<\/em>.\n<h5 style=\"color: #E4C59E\">Outer Ear Care<\/h5>\nThe hairs growing in the outer ear canal should be regularly removed. The frequency depends on the quality of the dog's coat. Perform this task when the overgrown hair begins to obstruct natural ventilation and cleaning.\n\n<em>Removing hair from the ear canal is uncomfortable for the animal! Impatient, forceful, or rough handling will permanently complicate this grooming task. With gentle and repeated attempts, the dog may eventually tolerate the procedure.<\/em>\u00a0Gently pull the ear flap slightly back and upward, then use your thumb and index finger to reach into the ear canal and remove the fine hairs in small sections.\n\nBlunt-ended hemostatic tweezers can also be used, but another person must securely hold the dog's head to avoid accidents.\n\nThe ear canal should also be cleaned. Apply ear cleaner to a gauze pad wrapped around your finger and carefully clean the ear canal and the small folds of the ear flap. A cotton ball held in hemostatic tweezers can also be used if the dog is restrained.\n\nIf you notice a large amount of brown discharge and\/or the dog is scratching its ears, consult a veterinarian.\n<h5 style=\"color: #E4C59E\">Muzzle Care<\/h5>\nAvoid feeding watery food to the Puli. The fur around its mouth can only be properly cleaned by soaking, which is not feasible daily and is unpleasant for the dog. If you are not feeding commercial food but preparing homemade meals, it is advisable to trim the fur around the mouth.\n\nTrim the hair hanging between the lips. The fur extending beyond the nose should be trimmed around the nostrils.\n<h5 style=\"color: #E4C59E\">Care of the Anus and Genitals<\/h5>\nKeep the hair in these areas trimmed short. The anal glands around the anus should be periodically emptied. This procedure can be performed by a professional groomer or veterinarian, and owners can learn to do it themselves.\n<h5 style=\"color: #E4C59E\">Paw Care<\/h5>\nTrim overgrown hair on the pads and between the toes using scissors, shaping the fur around the nails into a round form while leaving it intact. Nails may need trimming if they do not wear down naturally. As nails contain blood vessels and nerves, nail trimming should only be performed by an experienced individual using appropriate nail clippers. Dry, cracked paw pads can be treated with silicone hand cream or paw balm designed for dogs.\n<h5 style=\"color: #E4C59E\">Bathing<\/h5>\nThe frequency of bathing should take into account several factors, such as:\n\nThe type of terrain the dog walks on.\nWhether the dog enters the house (or even the furniture).\nWhether the dog is preparing for a show.\nRecent events such as being in heat, giving birth, or having diarrhea.\nThe dog should be bathed when necessary, as determined by the owner.\n\nBefore bathing, untangle the unkempt coat, remove plant debris, and empty the anal glands. The Puli should be effectively bathed by preparing a large quantity of shampoo-laden standing water (deep enough to reach the neck) and soaking the dog in it. If needed, repeat the soaking process. After soaking, use diluted shampoo to clean the dirtier areas, such as the muzzle, the area under the ear flaps, the chest coat, the anus, genitals, and paws.\n\n<em>Do not rub the forming cords of a young Puli during bathing!<\/em>\n\nFinally, thoroughly rinse the dog.\n\nFor pre-show bathing, a diluted beer rinse will result in the desired coat condition.\n\nFor dirty, greasy coats, use WU-2 shampoo; for mildly soiled coats, use a regular herbal shampoo; and for puppies, use baby shampoo.\n\nAfter bathing, wring out the coat from top to bottom in a circular motion. Lay the dog on a towel and use additional dry towels to press out water in sections. You can also use a hair dryer during this process. For an adult dog with a full coat, drying may need to be repeated multiple times over 24 hours. Except in warm weather, do not allow the dog outside while its coat is still wet.\n\nFollowing bathing, trim the nails and treat the paws and pads.\n\nWhile still damp or after drying, comb the coat again. It may take several days for the coat to regain its original shape, which should be considered when preparing for a show.\n\nParasitic baths (using Neostomosan or Neocidol) should only be performed on neglected, flea-infested dogs. After shampooing, apply the solution and allow it to dry.\n\nFor tangled or matted Puli coats, breed-specific trimming is necessary.\n\nIn this case, use a sharp, straight-edged, short-bladed pair of scissors. Assess the length of hair that can be left, which may be as short as 2 cm. This is preferable to shaving with clippers, as the dog also physiologically needs its coat. Complete shaving should only be performed in exceptional cases.\n\nDivide matted hair into sections, trim them with scissors, and pull the hair outward and backward from the skin. Remove any loose fluff hairs.\n\nWhere the trimmed hair does not separate, use scissors to split it.\n\nAccording to breed standards, the Puli's coat should cover its eyes!\n\nAfter general grooming, bathing, and drying, trim the head fur into a rounded shape and the body and leg fur into cylindrical shapes. Shape the young Puli's form as needed.\n<h5 style=\"color: #E4C59E\">Housing Conditions and Feeding<\/h5>\nTo ensure that the Puli puppy's hereditary coat quality (and other physical and mental traits) develops as intended, proper feeding and living conditions are essential.\n\nThe dog is a carnivore. It should receive food specifically formulated for dogs. There are excellent skin and coat supplements available, which are worth using.\nRegularly treat for external and internal parasites. The most suitable flea control products for Pulik are \"spot-on\" treatments such as Frontline, Ex-spot, or Advantage. Deworming should be handled by a veterinarian.\nThe eyes, ears, and anal glands should be regularly maintained.\nThe Puli's living space must be kept clean, and weeds such as thistles, foxtails, and seeds should be removed from the garden.\n<h3 style=\"color: #E4C59E\">Source: Erika Szentes, Certified Dog Groomer<\/h3>\t\t\t\t\t\t\t\t<\/div>\n\t\t\t\t\t<\/div>\n\t\t\t\t<\/div>\n\t\t\t\t<\/div>","protected":false},"excerpt":{"rendered":"<p>Kozmetika, \u00e1pol\u00e1s A PULI KOZMETIK\u00c1JA KEZD\u0150KNEK A kutyakozmetika feladata a kuty\u00e1k szakszer\u0171 tiszt\u00e1ntart\u00e1sa, \u00e1pol\u00e1sa, valamint a ki\u00e1ll\u00edt\u00e1sokon versenyz\u0151 kuty\u00e1k sz\u0151rzet\u00e9nek a fajtajelleget hangs\u00falyoz\u00f3 (kisebb anat\u00f3miai hib\u00e1kat kend\u0151z\u0151) ny\u00edr\u00e1sa, trimmel\u00e9se, f\u00e9s\u00fcl\u00e9se. A kuty\u00e1k \u00e1pol\u00e1s\u00e1t c\u00e9lszer\u0171 asztalon v\u00e9gezni, ehhez a puli is hozz\u00e1szoktathat\u00f3. Nagyon fontos, hogy e tev\u00e9kenys\u00e9g\u00fcnket az \u00e1llat meghitt, kellemes, megszokott \u00e9lm\u00e9nyk\u00e9nt tapasztalja meg. A [&hellip;]<\/p>","protected":false},"author":1,"featured_media":0,"parent":0,"menu_order":0,"comment_status":"closed","ping_status":"closed","template":"elementor_header_footer","meta":{"iawp_total_views":703,"footnotes":""},"class_list":["post-1203","page","type-page","status-publish","hentry"],"blocksy_meta":[],"yoast_head":"<!-- This site is optimized with the Yoast SEO plugin v26.9 - https:\/\/yoast.com\/product\/yoast-seo-wordpress\/ -->\n<title>Kozmetika \u00e1pol\u00e1s - Hung\u00e1ria Puli Klub<\/title>\n<meta name=\"robots\" content=\"index, follow, max-snippet:-1, max-image-preview:large, max-video-preview:-1\" \/>\n<link rel=\"canonical\" href=\"https:\/\/puli.hu\/en\/kozmetika-apolas\/\" \/>\n<meta property=\"og:locale\" content=\"en_GB\" \/>\n<meta property=\"og:type\" content=\"article\" \/>\n<meta property=\"og:title\" content=\"Kozmetika \u00e1pol\u00e1s - Hung\u00e1ria Puli Klub\" \/>\n<meta property=\"og:description\" content=\"Kozmetika, \u00e1pol\u00e1s A PULI KOZMETIK\u00c1JA KEZD\u0150KNEK A kutyakozmetika feladata a kuty\u00e1k szakszer\u0171 tiszt\u00e1ntart\u00e1sa, \u00e1pol\u00e1sa, valamint a ki\u00e1ll\u00edt\u00e1sokon versenyz\u0151 kuty\u00e1k sz\u0151rzet\u00e9nek a fajtajelleget hangs\u00falyoz\u00f3 (kisebb anat\u00f3miai hib\u00e1kat kend\u0151z\u0151) ny\u00edr\u00e1sa, trimmel\u00e9se, f\u00e9s\u00fcl\u00e9se. A kuty\u00e1k \u00e1pol\u00e1s\u00e1t c\u00e9lszer\u0171 asztalon v\u00e9gezni, ehhez a puli is hozz\u00e1szoktathat\u00f3. Nagyon fontos, hogy e tev\u00e9kenys\u00e9g\u00fcnket az \u00e1llat meghitt, kellemes, megszokott \u00e9lm\u00e9nyk\u00e9nt tapasztalja meg. A [&hellip;]\" \/>\n<meta property=\"og:url\" content=\"https:\/\/puli.hu\/en\/kozmetika-apolas\/\" \/>\n<meta property=\"og:site_name\" content=\"Hung\u00e1ria Puli Klub\" \/>\n<meta property=\"article:modified_time\" content=\"2025-01-13T13:27:33+00:00\" \/>\n<meta property=\"og:image\" content=\"https:\/\/puli.hu\/wp-content\/uploads\/2024\/11\/2-4.png\" \/>\n\t<meta property=\"og:image:width\" content=\"512\" \/>\n\t<meta property=\"og:image:height\" content=\"512\" \/>\n\t<meta property=\"og:image:type\" content=\"image\/png\" \/>\n<meta name=\"twitter:card\" content=\"summary_large_image\" \/>\n<meta name=\"twitter:label1\" content=\"Estimated reading time\" \/>\n\t<meta name=\"twitter:data1\" content=\"9 minutes\" \/>\n<script type=\"application\/ld+json\" class=\"yoast-schema-graph\">{\"@context\":\"https:\/\/schema.org\",\"@graph\":[{\"@type\":\"WebPage\",\"@id\":\"https:\/\/puli.hu\/kozmetika-apolas\/\",\"url\":\"https:\/\/puli.hu\/kozmetika-apolas\/\",\"name\":\"Kozmetika \u00e1pol\u00e1s - Hung\u00e1ria Puli Klub\",\"isPartOf\":{\"@id\":\"https:\/\/puli.hu\/#website\"},\"primaryImageOfPage\":{\"@id\":\"https:\/\/puli.hu\/kozmetika-apolas\/#primaryimage\"},\"image\":{\"@id\":\"https:\/\/puli.hu\/kozmetika-apolas\/#primaryimage\"},\"thumbnailUrl\":\"https:\/\/puli.hu\/wp-content\/uploads\/2024\/11\/2-4-300x300.png\",\"datePublished\":\"2024-12-09T15:40:11+00:00\",\"dateModified\":\"2025-01-13T13:27:33+00:00\",\"breadcrumb\":{\"@id\":\"https:\/\/puli.hu\/kozmetika-apolas\/#breadcrumb\"},\"inLanguage\":\"en-GB\",\"potentialAction\":[{\"@type\":\"ReadAction\",\"target\":[\"https:\/\/puli.hu\/kozmetika-apolas\/\"]}]},{\"@type\":\"ImageObject\",\"inLanguage\":\"en-GB\",\"@id\":\"https:\/\/puli.hu\/kozmetika-apolas\/#primaryimage\",\"url\":\"https:\/\/puli.hu\/wp-content\/uploads\/2024\/11\/2-4-300x300.png\",\"contentUrl\":\"https:\/\/puli.hu\/wp-content\/uploads\/2024\/11\/2-4-300x300.png\"},{\"@type\":\"BreadcrumbList\",\"@id\":\"https:\/\/puli.hu\/kozmetika-apolas\/#breadcrumb\",\"itemListElement\":[{\"@type\":\"ListItem\",\"position\":1,\"name\":\"Home\",\"item\":\"https:\/\/puli.hu\/\"},{\"@type\":\"ListItem\",\"position\":2,\"name\":\"Kozmetika \u00e1pol\u00e1s\"}]},{\"@type\":\"WebSite\",\"@id\":\"https:\/\/puli.hu\/#website\",\"url\":\"https:\/\/puli.hu\/\",\"name\":\"Hung\u00e1ria Puli Klub\",\"description\":\"Puli kutya: hagyom\u00e1ny, gondoz\u00e1s, sport \u00e9s teny\u00e9szt\u00e9s bemutat\u00e1sa.\",\"potentialAction\":[{\"@type\":\"SearchAction\",\"target\":{\"@type\":\"EntryPoint\",\"urlTemplate\":\"https:\/\/puli.hu\/?s={search_term_string}\"},\"query-input\":{\"@type\":\"PropertyValueSpecification\",\"valueRequired\":true,\"valueName\":\"search_term_string\"}}],\"inLanguage\":\"en-GB\"}]}<\/script>\n<!-- \/ Yoast SEO plugin. -->","yoast_head_json":{"title":"Kozmetika \u00e1pol\u00e1s - Hung\u00e1ria Puli Klub","robots":{"index":"index","follow":"follow","max-snippet":"max-snippet:-1","max-image-preview":"max-image-preview:large","max-video-preview":"max-video-preview:-1"},"canonical":"https:\/\/puli.hu\/en\/kozmetika-apolas\/","og_locale":"en_GB","og_type":"article","og_title":"Kozmetika \u00e1pol\u00e1s - Hung\u00e1ria Puli Klub","og_description":"Kozmetika, \u00e1pol\u00e1s A PULI KOZMETIK\u00c1JA KEZD\u0150KNEK A kutyakozmetika feladata a kuty\u00e1k szakszer\u0171 tiszt\u00e1ntart\u00e1sa, \u00e1pol\u00e1sa, valamint a ki\u00e1ll\u00edt\u00e1sokon versenyz\u0151 kuty\u00e1k sz\u0151rzet\u00e9nek a fajtajelleget hangs\u00falyoz\u00f3 (kisebb anat\u00f3miai hib\u00e1kat kend\u0151z\u0151) ny\u00edr\u00e1sa, trimmel\u00e9se, f\u00e9s\u00fcl\u00e9se. A kuty\u00e1k \u00e1pol\u00e1s\u00e1t c\u00e9lszer\u0171 asztalon v\u00e9gezni, ehhez a puli is hozz\u00e1szoktathat\u00f3. Nagyon fontos, hogy e tev\u00e9kenys\u00e9g\u00fcnket az \u00e1llat meghitt, kellemes, megszokott \u00e9lm\u00e9nyk\u00e9nt tapasztalja meg. A [&hellip;]","og_url":"https:\/\/puli.hu\/en\/kozmetika-apolas\/","og_site_name":"Hung\u00e1ria Puli Klub","article_modified_time":"2025-01-13T13:27:33+00:00","og_image":[{"width":512,"height":512,"url":"https:\/\/puli.hu\/wp-content\/uploads\/2024\/11\/2-4.png","type":"image\/png"}],"twitter_card":"summary_large_image","twitter_misc":{"Estimated reading time":"9 minutes"},"schema":{"@context":"https:\/\/schema.org","@graph":[{"@type":"WebPage","@id":"https:\/\/puli.hu\/kozmetika-apolas\/","url":"https:\/\/puli.hu\/kozmetika-apolas\/","name":"Kozmetika \u00e1pol\u00e1s - Hung\u00e1ria Puli Klub","isPartOf":{"@id":"https:\/\/puli.hu\/#website"},"primaryImageOfPage":{"@id":"https:\/\/puli.hu\/kozmetika-apolas\/#primaryimage"},"image":{"@id":"https:\/\/puli.hu\/kozmetika-apolas\/#primaryimage"},"thumbnailUrl":"https:\/\/puli.hu\/wp-content\/uploads\/2024\/11\/2-4-300x300.png","datePublished":"2024-12-09T15:40:11+00:00","dateModified":"2025-01-13T13:27:33+00:00","breadcrumb":{"@id":"https:\/\/puli.hu\/kozmetika-apolas\/#breadcrumb"},"inLanguage":"en-GB","potentialAction":[{"@type":"ReadAction","target":["https:\/\/puli.hu\/kozmetika-apolas\/"]}]},{"@type":"ImageObject","inLanguage":"en-GB","@id":"https:\/\/puli.hu\/kozmetika-apolas\/#primaryimage","url":"https:\/\/puli.hu\/wp-content\/uploads\/2024\/11\/2-4-300x300.png","contentUrl":"https:\/\/puli.hu\/wp-content\/uploads\/2024\/11\/2-4-300x300.png"},{"@type":"BreadcrumbList","@id":"https:\/\/puli.hu\/kozmetika-apolas\/#breadcrumb","itemListElement":[{"@type":"ListItem","position":1,"name":"Home","item":"https:\/\/puli.hu\/"},{"@type":"ListItem","position":2,"name":"Kozmetika \u00e1pol\u00e1s"}]},{"@type":"WebSite","@id":"https:\/\/puli.hu\/#website","url":"https:\/\/puli.hu\/","name":"HUNGARIAN PULI CLUB","description":"Puli kutya: hagyom\u00e1ny, gondoz\u00e1s, sport \u00e9s teny\u00e9szt\u00e9s bemutat\u00e1sa.","potentialAction":[{"@type":"SearchAction","target":{"@type":"EntryPoint","urlTemplate":"https:\/\/puli.hu\/?s={search_term_string}"},"query-input":{"@type":"PropertyValueSpecification","valueRequired":true,"valueName":"search_term_string"}}],"inLanguage":"en-GB"}]}},"_links":{"self":[{"href":"https:\/\/puli.hu\/en\/wp-json\/wp\/v2\/pages\/1203","targetHints":{"allow":["GET"]}}],"collection":[{"href":"https:\/\/puli.hu\/en\/wp-json\/wp\/v2\/pages"}],"about":[{"href":"https:\/\/puli.hu\/en\/wp-json\/wp\/v2\/types\/page"}],"author":[{"embeddable":true,"href":"https:\/\/puli.hu\/en\/wp-json\/wp\/v2\/users\/1"}],"replies":[{"embeddable":true,"href":"https:\/\/puli.hu\/en\/wp-json\/wp\/v2\/comments?post=1203"}],"version-history":[{"count":0,"href":"https:\/\/puli.hu\/en\/wp-json\/wp\/v2\/pages\/1203\/revisions"}],"wp:attachment":[{"href":"https:\/\/puli.hu\/en\/wp-json\/wp\/v2\/media?parent=1203"}],"curies":[{"name":"wp","href":"https:\/\/api.w.org\/{rel}","templated":true}]}}