{"id":1269,"date":"2024-12-09T16:06:00","date_gmt":"2024-12-09T16:06:00","guid":{"rendered":"https:\/\/mystifying-euclid.185-59-211-253.plesk.page\/?page_id=1269"},"modified":"2025-06-23T20:37:14","modified_gmt":"2025-06-23T19:37:14","slug":"galeria","status":"publish","type":"page","link":"https:\/\/puli.hu\/en\/galeria\/","title":{"rendered":"Gal\u00e9ria"},"content":{"rendered":"<div data-elementor-type=\"wp-page\" data-elementor-id=\"1269\" class=\"elementor elementor-1269\" data-elementor-post-type=\"page\">\n\t\t\t\t<div class=\"elementor-element elementor-element-1bb7426 e-con-full e-flex e-con e-parent\" data-id=\"1bb7426\" data-element_type=\"container\" data-e-type=\"container\">\n\t\t\t\t<div class=\"elementor-element elementor-element-718a1c8 elementor-widget elementor-widget-html\" data-id=\"718a1c8\" data-element_type=\"widget\" data-e-type=\"widget\" data-widget_type=\"html.default\">\n\t\t\t\t\t<div id=\"wg_3220_17758282890083\" class=\"woowgallery-wrapper wg-id-3220 type-woowgallery-album\" itemscope itemtype=\"http:\/\/schema.org\/ImageGallery\">\t\t<div class='woowgallery-amron'>\n\t\t\t<script type=\"application\/json\" class=\"wg-json-content\">[{\"type\":\"post\",\"subtype\":\"woowgallery\",\"status\":\"publish\",\"id\":\"3221\",\"title_src\":\"title\",\"alt_src\":\"title\",\"caption_src\":\"excerpt\",\"title\":\"2025-04-19 Speci\\u00e1l CAC, Bugac k\\u00e9pei\",\"alt\":\"2025-04-19 Speci\\u00e1l CAC, Bugac k\\u00e9pei\",\"caption\":\"\",\"link\":{\"text\":\"\",\"url\":\"\",\"target\":\"_self\"},\"tags\":[],\"author\":{\"id\":\"1\",\"name\":\"admin\",\"url\":\"https:\\\/\\\/puli.hu\"},\"slug\":\"2025\",\"date\":\"2025-02-25T06:34:57\",\"src\":\"\",\"comments\":{\"status\":\"closed\",\"count\":\"0\"},\"thumb\":[\"https:\\\/\\\/puli.hu\\\/wp-content\\\/uploads\\\/2025\\\/02\\\/DSC_0245-scaled-400x266.jpg\",400,266,true],\"image\":[\"https:\\\/\\\/puli.hu\\\/wp-content\\\/uploads\\\/2025\\\/02\\\/DSC_0245-scaled-2200x1463.jpg\",2200,1463,true],\"image_id\":3962,\"resized\":true,\"file\":\"\\\/var\\\/www\\\/vhosts\\\/puli.hu\\\/httpdocs\\\/wp-content\\\/uploads\\\/2025\\\/02\\\/DSC_0245-scaled.jpg\",\"has_password\":false,\"taxonomies\":[],\"tags_taxonomy\":\"\",\"count\":\"103\"},{\"type\":\"post\",\"subtype\":\"woowgallery\",\"status\":\"publish\",\"id\":\"3997\",\"title_src\":\"title\",\"alt_src\":\"title\",\"caption_src\":\"excerpt\",\"title\":\"2025-05-25 A 2024-es \\u00e9v Pontverseny legeredm\\u00e9nyesebb d\\u00edjazottjai\",\"alt\":\"2025-05-25 A 2024-es \\u00e9v Pontverseny legeredm\\u00e9nyesebb d\\u00edjazottjai\",\"caption\":\"\",\"link\":{\"text\":\"\",\"url\":\"\",\"target\":\"_self\"},\"tags\":[],\"author\":{\"id\":\"2\",\"name\":\"HPK_admin\",\"url\":\"\"},\"slug\":\"2025-05-25-a-2024-es-ev-pontverseny-legeredmenyesebb-dijazottjai\",\"date\":\"2025-05-29T14:33:03\",\"src\":\"\",\"comments\":{\"status\":\"closed\",\"count\":\"0\"},\"thumb\":[\"https:\\\/\\\/puli.hu\\\/wp-content\\\/uploads\\\/2025\\\/05\\\/20250525_143946-768x611.jpg\",400,318,true],\"image\":[\"https:\\\/\\\/puli.hu\\\/wp-content\\\/uploads\\\/2025\\\/05\\\/20250525_143946.jpg\",2148,1710,false],\"image_id\":4010,\"resized\":false,\"file\":\"\\\/var\\\/www\\\/vhosts\\\/puli.hu\\\/httpdocs\\\/wp-content\\\/uploads\\\/2025\\\/05\\\/20250525_143946.jpg\",\"has_password\":false,\"taxonomies\":[],\"tags_taxonomy\":\"\",\"count\":\"18\"},{\"type\":\"post\",\"subtype\":\"woowgallery\",\"status\":\"publish\",\"id\":\"3985\",\"title_src\":\"title\",\"alt_src\":\"title\",\"caption_src\":\"excerpt\",\"title\":\"2025-04-30 Fajtan\\u00e9pszer\\u0171s\\u00edt\\u00e9s M5 Multiverzum\",\"alt\":\"2025-04-30 Fajtan\\u00e9pszer\\u0171s\\u00edt\\u00e9s M5 Multiverzum\",\"caption\":\"\",\"link\":{\"text\":\"\",\"url\":\"\",\"target\":\"_self\"},\"tags\":[],\"author\":{\"id\":\"2\",\"name\":\"HPK_admin\",\"url\":\"\"},\"slug\":\"2025-04-30-fajtanepszerusites-m5-multiverzum\",\"date\":\"2025-05-29T14:11:30\",\"src\":\"\",\"comments\":{\"status\":\"closed\",\"count\":\"0\"},\"thumb\":[\"https:\\\/\\\/puli.hu\\\/wp-content\\\/uploads\\\/2025\\\/05\\\/494570472_1619842182004151_252618167391087138_n-768x496.jpg\",400,258,true],\"image\":[\"https:\\\/\\\/puli.hu\\\/wp-content\\\/uploads\\\/2025\\\/05\\\/494570472_1619842182004151_252618167391087138_n.jpg\",1416,914,false],\"image_id\":3986,\"resized\":false,\"file\":\"\\\/var\\\/www\\\/vhosts\\\/puli.hu\\\/httpdocs\\\/wp-content\\\/uploads\\\/2025\\\/05\\\/494570472_1619842182004151_252618167391087138_n.jpg\",\"has_password\":false,\"taxonomies\":[],\"tags_taxonomy\":\"\",\"count\":\"5\"},{\"type\":\"post\",\"subtype\":\"woowgallery\",\"status\":\"publish\",\"id\":\"3963\",\"title_src\":\"title\",\"alt_src\":\"title\",\"caption_src\":\"excerpt\",\"title\":\"2025-05-10 Fajtan\\u00e9pszer\\u0171s\\u00edt\\u00e9s, Miskolc\",\"alt\":\"2025-05-10 Fajtan\\u00e9pszer\\u0171s\\u00edt\\u00e9s, Miskolc\",\"caption\":\"\",\"link\":{\"text\":\"\",\"url\":\"\",\"target\":\"_self\"},\"tags\":[],\"author\":{\"id\":\"2\",\"name\":\"HPK_admin\",\"url\":\"\"},\"slug\":\"2025-05-10-fajtanepszerusites-miskolc\",\"date\":\"2025-05-29T13:54:31\",\"src\":\"\",\"comments\":{\"status\":\"closed\",\"count\":\"0\"},\"thumb\":[\"https:\\\/\\\/puli.hu\\\/wp-content\\\/uploads\\\/2025\\\/05\\\/DSC_0087-768x572.jpg\",400,298,true],\"image\":[\"https:\\\/\\\/puli.hu\\\/wp-content\\\/uploads\\\/2025\\\/05\\\/DSC_0087-scaled.jpg\",2200,1639,false],\"image_id\":3964,\"resized\":false,\"file\":\"\\\/var\\\/www\\\/vhosts\\\/puli.hu\\\/httpdocs\\\/wp-content\\\/uploads\\\/2025\\\/05\\\/DSC_0087-scaled.jpg\",\"has_password\":false,\"taxonomies\":[],\"tags_taxonomy\":\"\",\"count\":\"21\"},{\"type\":\"post\",\"subtype\":\"woowgallery\",\"status\":\"publish\",\"id\":\"4375\",\"title_src\":\"title\",\"alt_src\":\"title\",\"caption_src\":\"excerpt\",\"title\":\"Klubki\\u00e1ll\\u00edt\\u00e1sunk k\\u00e9pekben- Eger 2025-06-14\",\"alt\":\"Klubki\\u00e1ll\\u00edt\\u00e1sunk k\\u00e9pekben- Eger 2025-06-14\",\"caption\":\"\",\"link\":{\"text\":\"\",\"url\":\"\",\"target\":\"_self\"},\"tags\":[],\"author\":{\"id\":\"2\",\"name\":\"HPK_admin\",\"url\":\"\"},\"slug\":\"klubkiallitasunk-kepekben-eger-2025-06-14\",\"date\":\"2025-06-23T19:51:05\",\"src\":\"\",\"comments\":{\"status\":\"closed\",\"count\":\"0\"},\"thumb\":[\"https:\\\/\\\/puli.hu\\\/wp-content\\\/uploads\\\/2025\\\/06\\\/DSC_0175-2-400x176.jpg\",400,176,true],\"image\":[\"https:\\\/\\\/puli.hu\\\/wp-content\\\/uploads\\\/2025\\\/06\\\/DSC_0175-2-2200x967.jpg\",2200,967,true],\"image_id\":4374,\"resized\":true,\"file\":\"\\\/var\\\/www\\\/vhosts\\\/puli.hu\\\/httpdocs\\\/wp-content\\\/uploads\\\/2025\\\/06\\\/DSC_0175-2.jpg\",\"has_password\":false,\"taxonomies\":[],\"tags_taxonomy\":\"\",\"count\":\"157\"},{\"type\":\"post\",\"subtype\":\"woowgallery\",\"status\":\"publish\",\"id\":\"4705\",\"title_src\":\"title\",\"alt_src\":\"title\",\"caption_src\":\"excerpt\",\"title\":\"FeHoVa Winter dog show- Hung\\u00e1ria Puli Klub Speci\\u00e1l CAC \\u00e9s teny\\u00e9szszemle 2026-02-06.\",\"alt\":\"FeHoVa Winter dog show- Hung\\u00e1ria Puli Klub Speci\\u00e1l CAC \\u00e9s teny\\u00e9szszemle 2026-02-06.\",\"caption\":\"\",\"link\":{\"text\":\"\",\"url\":\"\",\"target\":\"_self\"},\"tags\":[],\"author\":{\"id\":\"2\",\"name\":\"HPK_admin\",\"url\":\"\"},\"slug\":\"fehova-winter-dog-show-hungaria-puli-klub-special-cac-es-tenyeszszemle-2026-02-06\",\"date\":\"2026-02-15T11:55:00\",\"src\":\"\",\"comments\":{\"status\":\"closed\",\"count\":\"0\"},\"thumb\":[\"https:\\\/\\\/puli.hu\\\/wp-content\\\/uploads\\\/2026\\\/02\\\/44-400x295.jpg\",400,295,true],\"image\":[\"https:\\\/\\\/puli.hu\\\/wp-content\\\/uploads\\\/2026\\\/02\\\/44-2200x1620.jpg\",2200,1620,true],\"image_id\":4795,\"resized\":true,\"file\":\"\\\/var\\\/www\\\/vhosts\\\/puli.hu\\\/httpdocs\\\/wp-content\\\/uploads\\\/2026\\\/02\\\/44.jpg\",\"has_password\":false,\"taxonomies\":[],\"tags_taxonomy\":\"\",\"count\":\"62\"}]<\/script>\n\t\t\t<script type=\"application\/json\" class=\"wg-json-settings\">{\"copyR_Protection\":1,\"copyR_Alert\":\"A fot\\u00f3 a puli.hu weboldal tulajdona.\",\"sliderScrollNavi\":1,\"sliderNextPrevAnimation\":\"animation\",\"sliderBgColor\":\"rgba(0,0,0,0.9)\",\"sliderPreloaderColor\":\"rgba(255,255,255,1)\",\"sliderHeaderFooterBgColor\":\"rgba(0,0,0,0.4)\",\"sliderNavigationColor\":\"rgba(0,0,0,1)\",\"sliderNavigationColorOver\":\"rgba(255,255,255,1)\",\"sliderNavigationIconColor\":\"rgba(255,255,255,1)\",\"sliderNavigationIconColorOver\":\"rgba(0,0,0,1)\",\"sliderItemTitleEnable\":1,\"sliderItemTitleFontSize\":18,\"sliderItemTitleTextColor\":\"rgba(255,255,255,1)\",\"sliderItemDescriptionEnable\":1,\"sliderItemDescriptionFontSize\":16,\"sliderItemDescriptionTextColor\":\"rgba(255,255,255,0.8)\",\"infoBarExifEnable\":1,\"sliderThumbBarEnable\":1,\"sliderThumbBarHoverColor\":\"rgba(255,255,255,1)\",\"sliderPlayButton\":1,\"slideshowDelay\":8,\"slideshowProgressBarColor\":\"rgba(255,255,255,1)\",\"slideshowProgressBarBGColor\":\"rgba(255,255,255,0.6)\",\"sliderZoomButton\":1,\"sliderSocialShareEnabled\":1,\"sliderFullScreen\":1,\"sliderThumbSubMenuBackgroundColor\":\"rgba(0, 0, 0, 0)\",\"sliderThumbSubMenuIconColor\":\"rgba(255, 255, 255, 1)\",\"sliderThumbSubMenuBackgroundColorOver\":\"rgba(255, 255, 255, 1)\",\"sliderThumbSubMenuIconHoverColor\":\"rgba(0, 0, 0, 1)\",\"__lightbox\":\"woowlightbox\",\"collectionPreloaderColor\":\"rgba(180,180,180,1)\",\"collectionBgColor\":\"rgba(255,255,255,0)\",\"collectionThumbColumns\":3,\"collectionThumbRecomendedWidth\":200,\"thumbSpacing\":10,\"tagsFilter\":1,\"tagCloudAll\":\"All\",\"tagCloudTextColor\":\"rgba(0,0,0,1)\",\"tagCloudBgColor\":\"rgba(180,180,180,1)\",\"collectionThumbHoverColor\":\"rgba(0,0,0,0.5)\",\"collectionThumbTitleShow\":1,\"collectionThumbTitleColor\":\"rgba(0,0,0,1)\",\"collectionThumbFontSize\":18,\"collectionThumbDescriptionShow\":1,\"collectionThumbContentBGColor\":\"rgba(220,220,220,1)\",\"collectionThumbDescriptionColor\":\"rgba(0,0,0,1)\",\"collectionThumbDescriptionFontSize\":15,\"collectionReadMoreButtonShow\":1,\"collectionReadMoreButtonLabel\":\"Read More\",\"collectionReadMoreButtonFontSize\":12,\"collectionReadMoreButtonBGColor\":\"rgba(0,0,0,1)\",\"collectionReadMoreButtonBGColorHover\":\"rgba(180,180,180,1)\",\"collectionReadMoreButtonLabelColor\":\"rgba(255,255,255,1)\",\"collectionReadMoreButtonLabelColorHover\":\"rgba(0,0,0,1)\",\"shareBarBgColor\":\"rgba(0,0,0,0.9)\",\"shareBarIconColor\":\"rgba(255,255,255,1)\",\"shareBarFacebook\":1,\"shareBarTwitter\":1,\"shareBarPinterest\":1,\"shareBarDownload\":1,\"__skin\":\"amron\",\"lightBoxEnable\":1}<\/script>\n\t\t<\/div>\n\t\t<\/div><noscript><a href=\"\"><img fetchpriority=\"high\" class=\"skip-lazy no-lazyload\" data-lazy-src=\"\" src =\"https:\/\/puli.hu\/wp-content\/uploads\/2025\/02\/DSC_0245-scaled-2200x1463.jpg\" width=\"2200\" height=\"1463\" title=\"2025-04-19 Speci\u00e1l CAC, Bugac k\u00e9pei\" alt=\"2025-04-19 Speci\u00e1l CAC, Bugac k\u00e9pei\" \/><\/a><a href=\"\"><img class=\"skip-lazy no-lazyload\" data-lazy-src=\"\" src =\"https:\/\/puli.hu\/wp-content\/uploads\/2025\/05\/20250525_143946.jpg\" width=\"2148\" height=\"1710\" title=\"2025-05-25 A 2024-es \u00e9v Pontverseny legeredm\u00e9nyesebb d\u00edjazottjai\" alt=\"2025-05-25 A 2024-es \u00e9v Pontverseny legeredm\u00e9nyesebb d\u00edjazottjai\" \/><\/a><a href=\"\"><img class=\"skip-lazy no-lazyload\" data-lazy-src=\"\" src =\"https:\/\/puli.hu\/wp-content\/uploads\/2025\/05\/494570472_1619842182004151_252618167391087138_n.jpg\" width=\"1416\" height=\"914\" title=\"2025-04-30 Fajtan\u00e9pszer\u0171s\u00edt\u00e9s M5 Multiverzum\" alt=\"2025-04-30 Fajtan\u00e9pszer\u0171s\u00edt\u00e9s M5 Multiverzum\" \/><\/a><a href=\"\"><img loading=\"lazy\" class=\"skip-lazy no-lazyload\" data-lazy-src=\"\" src =\"https:\/\/puli.hu\/wp-content\/uploads\/2025\/05\/DSC_0087-scaled.jpg\" width=\"2200\" height=\"1639\" title=\"2025-05-10 Fajtan\u00e9pszer\u0171s\u00edt\u00e9s, Miskolc\" alt=\"2025-05-10 Fajtan\u00e9pszer\u0171s\u00edt\u00e9s, Miskolc\" \/><\/a><a href=\"\"><img loading=\"lazy\" class=\"skip-lazy no-lazyload\" data-lazy-src=\"\" src =\"https:\/\/puli.hu\/wp-content\/uploads\/2025\/06\/DSC_0175-2-2200x967.jpg\" width=\"2200\" height=\"967\" title=\"Klubki\u00e1ll\u00edt\u00e1sunk k\u00e9pekben- Eger 2025-06-14\" alt=\"Klubki\u00e1ll\u00edt\u00e1sunk k\u00e9pekben- Eger 2025-06-14\" \/><\/a><a href=\"\"><img loading=\"lazy\" class=\"skip-lazy no-lazyload\" data-lazy-src=\"\" src =\"https:\/\/puli.hu\/wp-content\/uploads\/2026\/02\/44-2200x1620.jpg\" width=\"2200\" height=\"1620\" title=\"FeHoVa Winter dog show- Hung\u00e1ria Puli Klub Speci\u00e1l CAC \u00e9s teny\u00e9szszemle 2026-02-06.\" alt=\"FeHoVa Winter dog show- Hung\u00e1ria Puli Klub Speci\u00e1l CAC \u00e9s teny\u00e9szszemle 2026-02-06.\" \/><\/a><\/noscript>\t\t\t\t<\/div>\n\t\t\t\t<\/div>\n\t\t\t\t<\/div>","protected":false},"excerpt":{"rendered":"","protected":false},"author":1,"featured_media":0,"parent":0,"menu_order":0,"comment_status":"closed","ping_status":"closed","template":"elementor_header_footer","meta":{"iawp_total_views":90,"footnotes":""},"class_list":["post-1269","page","type-page","status-publish","hentry"],"blocksy_meta":[],"yoast_head":"<!-- This site is optimized with the Yoast SEO plugin v26.9 - https:\/\/yoast.com\/product\/yoast-seo-wordpress\/ -->\n<title>Gal\u00e9ria - Hung\u00e1ria Puli Klub<\/title>\n<meta name=\"robots\" content=\"index, follow, max-snippet:-1, max-image-preview:large, max-video-preview:-1\" \/>\n<link rel=\"canonical\" href=\"https:\/\/puli.hu\/en\/galeria\/\" \/>\n<meta property=\"og:locale\" content=\"en_GB\" \/>\n<meta property=\"og:type\" content=\"article\" \/>\n<meta property=\"og:title\" content=\"Gal\u00e9ria - Hung\u00e1ria Puli Klub\" \/>\n<meta property=\"og:url\" content=\"https:\/\/puli.hu\/en\/galeria\/\" \/>\n<meta property=\"og:site_name\" content=\"Hung\u00e1ria Puli Klub\" \/>\n<meta property=\"article:modified_time\" content=\"2025-06-23T19:37:14+00:00\" \/>\n<meta name=\"twitter:card\" content=\"summary_large_image\" \/>\n<script type=\"application\/ld+json\" class=\"yoast-schema-graph\">{\"@context\":\"https:\/\/schema.org\",\"@graph\":[{\"@type\":\"WebPage\",\"@id\":\"https:\/\/puli.hu\/galeria\/\",\"url\":\"https:\/\/puli.hu\/galeria\/\",\"name\":\"Gal\u00e9ria - Hung\u00e1ria Puli Klub\",\"isPartOf\":{\"@id\":\"https:\/\/puli.hu\/#website\"},\"datePublished\":\"2024-12-09T16:06:00+00:00\",\"dateModified\":\"2025-06-23T19:37:14+00:00\",\"breadcrumb\":{\"@id\":\"https:\/\/puli.hu\/galeria\/#breadcrumb\"},\"inLanguage\":\"en-GB\",\"potentialAction\":[{\"@type\":\"ReadAction\",\"target\":[\"https:\/\/puli.hu\/galeria\/\"]}]},{\"@type\":\"BreadcrumbList\",\"@id\":\"https:\/\/puli.hu\/galeria\/#breadcrumb\",\"itemListElement\":[{\"@type\":\"ListItem\",\"position\":1,\"name\":\"Home\",\"item\":\"https:\/\/puli.hu\/\"},{\"@type\":\"ListItem\",\"position\":2,\"name\":\"Gal\u00e9ria\"}]},{\"@type\":\"WebSite\",\"@id\":\"https:\/\/puli.hu\/#website\",\"url\":\"https:\/\/puli.hu\/\",\"name\":\"Hung\u00e1ria Puli Klub\",\"description\":\"Puli kutya: hagyom\u00e1ny, gondoz\u00e1s, sport \u00e9s teny\u00e9szt\u00e9s bemutat\u00e1sa.\",\"potentialAction\":[{\"@type\":\"SearchAction\",\"target\":{\"@type\":\"EntryPoint\",\"urlTemplate\":\"https:\/\/puli.hu\/?s={search_term_string}\"},\"query-input\":{\"@type\":\"PropertyValueSpecification\",\"valueRequired\":true,\"valueName\":\"search_term_string\"}}],\"inLanguage\":\"en-GB\"}]}<\/script>\n<!-- \/ Yoast SEO plugin. -->","yoast_head_json":{"title":"Gal\u00e9ria - Hung\u00e1ria Puli Klub","robots":{"index":"index","follow":"follow","max-snippet":"max-snippet:-1","max-image-preview":"max-image-preview:large","max-video-preview":"max-video-preview:-1"},"canonical":"https:\/\/puli.hu\/en\/galeria\/","og_locale":"en_GB","og_type":"article","og_title":"Gal\u00e9ria - Hung\u00e1ria Puli Klub","og_url":"https:\/\/puli.hu\/en\/galeria\/","og_site_name":"Hung\u00e1ria Puli Klub","article_modified_time":"2025-06-23T19:37:14+00:00","twitter_card":"summary_large_image","schema":{"@context":"https:\/\/schema.org","@graph":[{"@type":"WebPage","@id":"https:\/\/puli.hu\/galeria\/","url":"https:\/\/puli.hu\/galeria\/","name":"Gal\u00e9ria - Hung\u00e1ria Puli Klub","isPartOf":{"@id":"https:\/\/puli.hu\/#website"},"datePublished":"2024-12-09T16:06:00+00:00","dateModified":"2025-06-23T19:37:14+00:00","breadcrumb":{"@id":"https:\/\/puli.hu\/galeria\/#breadcrumb"},"inLanguage":"en-GB","potentialAction":[{"@type":"ReadAction","target":["https:\/\/puli.hu\/galeria\/"]}]},{"@type":"BreadcrumbList","@id":"https:\/\/puli.hu\/galeria\/#breadcrumb","itemListElement":[{"@type":"ListItem","position":1,"name":"Home","item":"https:\/\/puli.hu\/"},{"@type":"ListItem","position":2,"name":"Gal\u00e9ria"}]},{"@type":"WebSite","@id":"https:\/\/puli.hu\/#website","url":"https:\/\/puli.hu\/","name":"HUNGARIAN PULI CLUB","description":"Puli kutya: hagyom\u00e1ny, gondoz\u00e1s, sport \u00e9s teny\u00e9szt\u00e9s bemutat\u00e1sa.","potentialAction":[{"@type":"SearchAction","target":{"@type":"EntryPoint","urlTemplate":"https:\/\/puli.hu\/?s={search_term_string}"},"query-input":{"@type":"PropertyValueSpecification","valueRequired":true,"valueName":"search_term_string"}}],"inLanguage":"en-GB"}]}},"_links":{"self":[{"href":"https:\/\/puli.hu\/en\/wp-json\/wp\/v2\/pages\/1269","targetHints":{"allow":["GET"]}}],"collection":[{"href":"https:\/\/puli.hu\/en\/wp-json\/wp\/v2\/pages"}],"about":[{"href":"https:\/\/puli.hu\/en\/wp-json\/wp\/v2\/types\/page"}],"author":[{"embeddable":true,"href":"https:\/\/puli.hu\/en\/wp-json\/wp\/v2\/users\/1"}],"replies":[{"embeddable":true,"href":"https:\/\/puli.hu\/en\/wp-json\/wp\/v2\/comments?post=1269"}],"version-history":[{"count":0,"href":"https:\/\/puli.hu\/en\/wp-json\/wp\/v2\/pages\/1269\/revisions"}],"wp:attachment":[{"href":"https:\/\/puli.hu\/en\/wp-json\/wp\/v2\/media?parent=1269"}],"curies":[{"name":"wp","href":"https:\/\/api.w.org\/{rel}","templated":true}]}}