{"id":2631,"date":"2025-01-20T13:32:01","date_gmt":"2025-01-20T12:32:01","guid":{"rendered":"https:\/\/mystifying-euclid.185-59-211-253.plesk.page\/?page_id=2631"},"modified":"2025-07-24T18:52:59","modified_gmt":"2025-07-24T17:52:59","slug":"alomhirek-bejelentese","status":"publish","type":"page","link":"https:\/\/puli.hu\/en\/alomhirek-bejelentese\/","title":{"rendered":"Alomh\u00edrek bejelent\u00e9se"},"content":{"rendered":"<div data-elementor-type=\"wp-page\" data-elementor-id=\"2631\" class=\"elementor elementor-2631\" data-elementor-post-type=\"page\">\n\t\t\t\t\t\t<section class=\"elementor-section elementor-top-section elementor-element elementor-element-cfc533a elementor-section-full_width elementor-section-height-min-height elementor-section-height-default elementor-section-items-middle\" data-id=\"cfc533a\" data-element_type=\"section\" data-e-type=\"section\" data-settings=\"{&quot;background_background&quot;:&quot;classic&quot;}\">\n\t\t\t\t\t\t\t<div class=\"elementor-background-overlay\"><\/div>\n\t\t\t\t\t\t\t<div class=\"elementor-container elementor-column-gap-default\">\n\t\t\t\t\t<div class=\"elementor-column elementor-col-100 elementor-top-column elementor-element elementor-element-c8d7a4a\" data-id=\"c8d7a4a\" data-element_type=\"column\" data-e-type=\"column\">\n\t\t\t<div class=\"elementor-widget-wrap elementor-element-populated\">\n\t\t\t\t\t\t<div class=\"elementor-element elementor-element-ae5d9f5 elementor-widget elementor-widget-heading\" data-id=\"ae5d9f5\" data-element_type=\"widget\" data-e-type=\"widget\" data-widget_type=\"heading.default\">\n\t\t\t\t\t<h2 class=\"elementor-heading-title elementor-size-default\">Alomh\u00edrek bejelent\u00e9se <\/h2>\t\t\t\t<\/div>\n\t\t\t\t<div class=\"elementor-element elementor-element-6ffb7e1 elementor-widget elementor-widget-text-editor\" data-id=\"6ffb7e1\" data-element_type=\"widget\" data-e-type=\"widget\" data-widget_type=\"text-editor.default\">\n\t\t\t\t\t\t\t\t\t<p>Teny\u00e9szt\u0151i inform\u00e1ci\u00f3k \/ Alomh\u00edrek bejelent\u00e9se\u00a0<\/p>\t\t\t\t\t\t\t\t<\/div>\n\t\t\t\t\t<\/div>\n\t\t<\/div>\n\t\t\t\t\t<\/div>\n\t\t<\/section>\n\t\t<div class=\"elementor-element elementor-element-10de871 e-con-full e-flex e-con e-parent\" data-id=\"10de871\" data-element_type=\"container\" data-e-type=\"container\">\n\t\t\t\t<div class=\"elementor-element elementor-element-c75ea08 elementor-widget__width-initial elementor-widget elementor-widget-text-editor\" data-id=\"c75ea08\" data-element_type=\"widget\" data-e-type=\"widget\" data-widget_type=\"text-editor.default\">\n\t\t\t\t\t\t\t\t\t<p>Please publish the following information on the Hung\u00e1ria Puli Club website. By this statement, I also consent to the publication of the provided data and photos, exclusively in electronic or printed publications issued by the HPK.<\/p><p>Individuals or other organizations are not authorized to disclose or forward the information published here!<\/p>\t\t\t\t\t\t\t\t<\/div>\n\t\t\t\t<div class=\"elementor-element elementor-element-8d9786e elementor-widget__width-initial elementor-widget elementor-widget-html\" data-id=\"8d9786e\" data-element_type=\"widget\" data-e-type=\"widget\" data-widget_type=\"html.default\">\n\t\t\t\t\t<div class=\"forminator-ui forminator-custom-form forminator-custom-form-4578 forminator-design--default  forminator_ajax\" data-forminator-render=\"0\" data-form=\"forminator-module-4578\" data-uid=\"69d8fff252add\"><br\/><\/div><form\n\t\t\t\tid=\"forminator-module-4578\"\n\t\t\t\tclass=\"forminator-ui forminator-custom-form forminator-custom-form-4578 forminator-design--default  forminator_ajax\"\n\t\t\t\tmethod=\"post\"\n\t\t\t\tdata-forminator-render=\"0\"\n\t\t\t\tdata-form-id=\"4578\"\n\t\t\t\tenctype=\"multipart\/form-data\" data-color-option=\"theme\" data-design=\"default\" data-grid=\"open\" style=\"display: none;\"\n\t\t\t\tdata-uid=\"69d8fff252add\" action=\"\"\n\t\t\t><div role=\"alert\" aria-live=\"polite\" class=\"forminator-response-message forminator-error\" aria-hidden=\"true\"><\/div><div class=\"forminator-row\"><div id=\"postdata-1\" class=\"forminator-field-postdata forminator-col forminator-col-12\"><div class=\"forminator-row\"><div class=\"forminator-col forminator-col-12\"><div class=\"forminator-field\"><label for=\"forminator-field-post-title-postdata-1_69d8fff252add\" id=\"forminator-field-post-title-postdata-1_69d8fff252add-label\" class=\"forminator-label\">C\u00edm<\/label><input type=\"text\" name=\"postdata-1-post-title\" placeholder=\"\" id=\"forminator-field-post-title-postdata-1_69d8fff252add\" class=\"forminator-input\" value=\"\" \/><\/div><\/div><\/div><div class=\"forminator-row\"><div class=\"forminator-col forminator-col-12\"><div class=\"forminator-field\"><label for=\"forminator-field-post-image-postdata-1_69d8fff252add\" id=\"forminator-field-post-image-postdata-1_69d8fff252add-label\" class=\"forminator-label\">Kiemelt k\u00e9p<\/label><div class=\"forminator-file-upload\" data-element=\"post-image-postdata-1_69d8fff252add\"><input type=\"file\" name=\"postdata-1-post-image\" id=\"forminator-field-post-image-postdata-1_69d8fff252add\" class=\"forminator-input-file\" accept=\".jpg,.jpeg,.jpe,.gif,.png,.bmp\" tabindex=\"-1\"><button id=\"forminator-field-post-image-postdata-1_69d8fff252add_button\" class=\"forminator-button forminator-button-upload\" data-id=\"forminator-field-post-image-postdata-1_69d8fff252add\">Choose File<\/button><span data-empty-text=\"No file chosen\">No file chosen<\/span><button class=\"forminator-button-delete\" style=\"display: none;\"><i class=\"forminator-icon-close\" aria-hidden=\"true\"><\/i><span class=\"forminator-screen-reader-only\">Delete uploaded file<\/span><\/button><\/div><\/div><\/div><\/div><\/div><\/div><div class=\"forminator-row\"><div id=\"date-1\" class=\"forminator-field-date forminator-col forminator-col-12\"><div class=\"forminator-field\"><label for=\"forminator-field-date-1-picker_69d8fff252add\" id=\"forminator-field-date-1-picker_69d8fff252add-label\" class=\"forminator-label\">Dated:<\/label><div class=\"forminator-input-with-icon\"><span class=\"forminator-icon-calendar\" aria-hidden=\"true\"><\/span><input autocomplete=\"off\" type=\"text\" size=\"1\" name=\"date-1\" value=\"\" placeholder=\"V\u00e1lassza ki a d\u00e1tumot.\" id=\"forminator-field-date-1-picker_69d8fff252add\" class=\"forminator-input forminator-datepicker\" data-required=\"\" data-format=\"yy.mm.dd\" data-restrict-type=\"\" data-restrict=\"\" data-start-year=\"1926\" data-end-year=\"2126\" data-past-dates=\"enable\" data-start-of-week=\"1\" data-start-date=\"\" data-end-date=\"\" data-start-field=\"\" data-end-field=\"\" data-start-offset=\"\" data-end-offset=\"\" data-disable-date=\"\" data-disable-range=\"\" \/><\/div><\/div><\/div><\/div><div class=\"forminator-row\"><div id=\"name-1\" class=\"forminator-field-name forminator-col forminator-col-12\"><div class=\"forminator-field\"><label for=\"forminator-field-name-1_69d8fff252add\" id=\"forminator-field-name-1_69d8fff252add-label\" class=\"forminator-label\">Name:<\/label><input type=\"text\" name=\"name-1\" value=\"\" placeholder=\"\" id=\"forminator-field-name-1_69d8fff252add\" class=\"forminator-input forminator-name--field\" aria-required=\"false\" autocomplete=\"name\" \/><\/div><\/div><\/div><div class=\"forminator-row\"><div id=\"text-1\" class=\"forminator-field-text forminator-col forminator-col-12\"><div class=\"forminator-field\"><label for=\"forminator-field-text-1_69d8fff252add\" id=\"forminator-field-text-1_69d8fff252add-label\" class=\"forminator-label\">Alom sz\u00fclet\u00e9si ideje:<\/label><input type=\"text\" name=\"text-1\" value=\"\" placeholder=\"\" id=\"forminator-field-text-1_69d8fff252add\" class=\"forminator-input forminator-name--field\" data-required=\"\" \/><\/div><\/div><\/div><div class=\"forminator-row\"><div id=\"text-2\" class=\"forminator-field-text forminator-col forminator-col-12\"><div class=\"forminator-field\"><label for=\"forminator-field-text-2_69d8fff252add\" id=\"forminator-field-text-2_69d8fff252add-label\" class=\"forminator-label\">Kanok: (sz\u00edn)<\/label><input type=\"text\" name=\"text-2\" value=\"\" placeholder=\"\" id=\"forminator-field-text-2_69d8fff252add\" class=\"forminator-input forminator-name--field\" data-required=\"\" \/><\/div><\/div><\/div><div class=\"forminator-row\"><div id=\"text-3\" class=\"forminator-field-text forminator-col forminator-col-12\"><div class=\"forminator-field\"><label for=\"forminator-field-text-3_69d8fff252add\" id=\"forminator-field-text-3_69d8fff252add-label\" class=\"forminator-label\">Szuk\u00e1k: (sz\u00edn)<\/label><input type=\"text\" name=\"text-3\" value=\"\" placeholder=\"\" id=\"forminator-field-text-3_69d8fff252add\" class=\"forminator-input forminator-name--field\" data-required=\"\" \/><\/div><\/div><\/div><div class=\"forminator-row\"><div id=\"textarea-1\" class=\"forminator-field-textarea forminator-col forminator-col-12\"><div class=\"forminator-field\"><label for=\"forminator-field-textarea-1_69d8fff252add\" id=\"forminator-field-textarea-1_69d8fff252add-label\" class=\"forminator-label\">Father:<\/label><textarea name=\"textarea-1\" placeholder=\"Sz\u00edne: Eredm\u00e9nyei: Teny\u00e9szszemle: Eg\u00e9szs\u00e9g\u00fcgyi sz\u0171r\u00e9sek: Vizsg\u00e1k:\" id=\"forminator-field-textarea-1_69d8fff252add\" class=\"forminator-textarea\" rows=\"6\" style=\"min-height:140px;\" ><\/textarea><\/div><\/div><\/div><div class=\"forminator-row\"><div id=\"textarea-2\" class=\"forminator-field-textarea forminator-col forminator-col-12\"><div class=\"forminator-field\"><label for=\"forminator-field-textarea-2_69d8fff252add\" id=\"forminator-field-textarea-2_69d8fff252add-label\" class=\"forminator-label\">Anya<\/label><textarea name=\"textarea-2\" placeholder=\"Sz\u00edne: Eredm\u00e9nyei: Teny\u00e9szszemle: Eg\u00e9szs\u00e9g\u00fcgyi sz\u0171r\u00e9sek: Vizsg\u00e1k:\" id=\"forminator-field-textarea-2_69d8fff252add\" class=\"forminator-textarea\" rows=\"6\" style=\"min-height:140px;\" ><\/textarea><\/div><\/div><\/div><div class=\"forminator-row\"><div id=\"text-4\" class=\"forminator-field-text forminator-col forminator-col-12\"><div class=\"forminator-field\"><label for=\"forminator-field-text-4_69d8fff252add\" id=\"forminator-field-text-4_69d8fff252add-label\" class=\"forminator-label\">Breeder:<\/label><input type=\"text\" name=\"text-4\" value=\"\" placeholder=\"\" id=\"forminator-field-text-4_69d8fff252add\" class=\"forminator-input forminator-name--field\" data-required=\"\" \/><\/div><\/div><\/div><div class=\"forminator-row\"><div id=\"text-5\" class=\"forminator-field-text forminator-col forminator-col-12\"><div class=\"forminator-field\"><label for=\"forminator-field-text-5_69d8fff252add\" id=\"forminator-field-text-5_69d8fff252add-label\" class=\"forminator-label\">Address:<\/label><input type=\"text\" name=\"text-5\" value=\"\" placeholder=\"\" id=\"forminator-field-text-5_69d8fff252add\" class=\"forminator-input forminator-name--field\" data-required=\"\" \/><\/div><\/div><\/div><div class=\"forminator-row\"><div id=\"email-1\" class=\"forminator-field-email forminator-col forminator-col-12\"><div class=\"forminator-field\"><label for=\"forminator-field-email-1_69d8fff252add\" id=\"forminator-field-email-1_69d8fff252add-label\" class=\"forminator-label\">Email c\u00edm:<\/label><input type=\"email\" name=\"email-1\" value=\"\" placeholder=\"\" id=\"forminator-field-email-1_69d8fff252add\" class=\"forminator-input forminator-email--field\" data-required=\"\" aria-required=\"false\" autocomplete=\"email\" \/><\/div><\/div><\/div><div class=\"forminator-row\"><div id=\"text-6\" class=\"forminator-field-text forminator-col forminator-col-12\"><div class=\"forminator-field\"><label for=\"forminator-field-text-6_69d8fff252add\" id=\"forminator-field-text-6_69d8fff252add-label\" class=\"forminator-label\">Tel:<\/label><input type=\"text\" name=\"text-6\" value=\"\" placeholder=\"\" id=\"forminator-field-text-6_69d8fff252add\" class=\"forminator-input forminator-name--field\" data-required=\"\" \/><\/div><\/div><\/div><div class=\"forminator-row\"><div id=\"url-1\" class=\"forminator-field-url forminator-col forminator-col-12\"><div class=\"forminator-field\"><label for=\"forminator-field-url-1_69d8fff252add\" id=\"forminator-field-url-1_69d8fff252add-label\" class=\"forminator-label\">Website:<\/label><input type=\"url\" name=\"url-1\" value=\"\" placeholder=\"\" id=\"forminator-field-url-1_69d8fff252add\" class=\"forminator-input forminator-website--field\" data-required=\"\" aria-required=\"false\" \/><\/div><\/div><\/div><div class=\"forminator-row\"><div id=\"upload-1\" class=\"forminator-field-upload forminator-col forminator-col-12\"><div class=\"forminator-field\"><label for=\"forminator-field-upload-1_69d8fff252add\" id=\"forminator-field-upload-1_69d8fff252add-label\" class=\"forminator-label\">K\u00e9pek felt\u00f6lt\u00e9se:<\/label><div class=\"forminator-multi-upload\" data-element=\"upload-1_69d8fff252add\"><input type=\"file\" name=\"upload-1[]\" id=\"forminator-field-upload-1_69d8fff252add\" class=\"forminator-input-file forminator-field-upload-1_69d8fff252add-4578\" multiple=\"multiple\" data-method=\"ajax\" accept=\".avif,.heif,.heics,.heifs,.txt,.asc,.c,.cc,.h,.srt,.csv,.tsv,.ics,.rtx,.vtt,.rtf,.class,.tar,.zip,.gz,.gzip,.7z,.xla,.xls,.xlt,.xlw,.xlsx,.xlsm,.xlsb,.xltx,.xltm,.xlam,.pptx,.pptm,.ppsx,.ppsm,.potx,.potm,.ppam,.sldx,.sldm,.ods,.key,.numbers,.jpg,.jpeg,.jpe,.gif,.png,.bmp,.tiff,.tif,.ico,.psd,.xcf,.heic,.webp\" data-size=\"8000000\" data-size-message=\"Maximum file size allowed is 8 MB. \" data-filetype=\"avif|heif|heics|heifs|txt|asc|c|cc|h|srt|csv|tsv|ics|rtx|vtt|rtf|class|tar|zip|gz|gzip|7z|xla|xls|xlt|xlw|xlsx|xlsm|xlsb|xltx|xltm|xlam|pptx|pptm|ppsx|ppsm|potx|potm|ppam|sldx|sldm|ods|key|numbers|jpg|jpeg|jpe|gif|png|bmp|tiff|tif|ico|psd|xcf|heic|webp\" data-filetype-message=\"file extension is not allowed.\"><div class=\"forminator-multi-upload-message\" aria-hidden=\"true\"><span class=\"forminator-icon-upload\" aria-hidden=\"true\"><\/span><p>Drag and Drop (or) <a class=\"forminator-upload-file--forminator-field-upload-1_69d8fff252add\" href=\"#\" onclick=\"return false;\">Choose Files<\/a><\/p><\/div><\/div><ul class=\"forminator-uploaded-files upload-container-upload-1_69d8fff252add\"><\/ul><\/div><\/div><\/div><div class=\"forminator-row\"><div id=\"captcha-1\" class=\"forminator-field-captcha forminator-col forminator-col-12\"><div class=\"forminator-captcha-left forminator-g-recaptcha recaptcha-invisible\" data-theme=\"light\" data-badge=\"bottomright\" data-sitekey=\"6LcnhVIrAAAAANbscIPCfHarNqU_HUSbcfJ7PX8r\" data-size=\"invisible\"><\/div> <\/div><\/div><input type=\"hidden\" name=\"referer_url\" value=\"\" \/><div class=\"forminator-row forminator-row-last\"><div class=\"forminator-col\"><div class=\"forminator-field\"><button class=\"forminator-button forminator-button-submit\">Send<\/button><\/div><\/div><\/div><input type=\"hidden\" id=\"forminator_nonce\" name=\"forminator_nonce\" value=\"c48fd6b9b5\" \/><input type=\"hidden\" name=\"_wp_http_referer\" value=\"\/en\/wp-json\/wp\/v2\/pages\/2631\" \/><input type=\"hidden\" name=\"form_id\" value=\"4578\"><input type=\"hidden\" name=\"page_id\" value=\"2631\"><input type=\"hidden\" name=\"form_type\" value=\"default\"><input type=\"hidden\" name=\"current_url\" value=\"https:\/\/puli.hu\/en\/alomhirek-bejelentese\/\"><input type=\"hidden\" name=\"render_id\" value=\"0\"><input type=\"hidden\" name=\"forminator-multifile-hidden\" class=\"forminator-multifile-hidden\"><input type=\"hidden\" name=\"action\" value=\"forminator_submit_form_custom-forms\"><input type=\"hidden\" name=\"trp-form-language\" value=\"en\"\/><\/form>\t\t\t\t<\/div>\n\t\t\t\t<\/div>\n\t\t\t\t<\/div>","protected":false},"excerpt":{"rendered":"<p>Alomh\u00edrek bejelent\u00e9se Teny\u00e9szt\u0151i inform\u00e1ci\u00f3k \/ Alomh\u00edrek bejelent\u00e9se\u00a0 K\u00e9rem az al\u00e1bbi Adatokat a Hung\u00e1ria Puli Klub honlapj\u00e1n megjelentetni. Egyben, e nyilatkozatommal hozz\u00e1j\u00e1rulok, hogy az \u00e1ltalam megadott adatok \u00e9s fot\u00f3k, kiz\u00e1r\u00f3lag a HPK \u00e1ltal megjelentetett elektronikus illetve nyomtatott kiadv\u00e1nyban, nyilv\u00e1noss\u00e1gra ker\u00fcljenek. Mag\u00e1nszem\u00e9ly illetve m\u00e1s szervezet, az itt megjelent adatok k\u00f6zl\u00e9s\u00e9re, tov\u00e1bb ad\u00e1s\u00e1ra nem jogosult!<\/p>","protected":false},"author":1,"featured_media":0,"parent":0,"menu_order":0,"comment_status":"closed","ping_status":"closed","template":"elementor_header_footer","meta":{"iawp_total_views":125,"footnotes":""},"class_list":["post-2631","page","type-page","status-publish","hentry"],"blocksy_meta":[],"yoast_head":"<!-- This site is optimized with the Yoast SEO plugin v26.9 - https:\/\/yoast.com\/product\/yoast-seo-wordpress\/ -->\n<title>Alomh\u00edrek bejelent\u00e9se - Hung\u00e1ria Puli Klub<\/title>\n<meta name=\"robots\" content=\"index, follow, max-snippet:-1, max-image-preview:large, max-video-preview:-1\" \/>\n<link rel=\"canonical\" href=\"https:\/\/puli.hu\/en\/alomhirek-bejelentese\/\" \/>\n<meta property=\"og:locale\" content=\"en_GB\" \/>\n<meta property=\"og:type\" content=\"article\" \/>\n<meta property=\"og:title\" content=\"Alomh\u00edrek bejelent\u00e9se - Hung\u00e1ria Puli Klub\" \/>\n<meta property=\"og:description\" content=\"Alomh\u00edrek bejelent\u00e9se Teny\u00e9szt\u0151i inform\u00e1ci\u00f3k \/ Alomh\u00edrek bejelent\u00e9se\u00a0 K\u00e9rem az al\u00e1bbi Adatokat a Hung\u00e1ria Puli Klub honlapj\u00e1n megjelentetni. Egyben, e nyilatkozatommal hozz\u00e1j\u00e1rulok, hogy az \u00e1ltalam megadott adatok \u00e9s fot\u00f3k, kiz\u00e1r\u00f3lag a HPK \u00e1ltal megjelentetett elektronikus illetve nyomtatott kiadv\u00e1nyban, nyilv\u00e1noss\u00e1gra ker\u00fcljenek. Mag\u00e1nszem\u00e9ly illetve m\u00e1s szervezet, az itt megjelent adatok k\u00f6zl\u00e9s\u00e9re, tov\u00e1bb ad\u00e1s\u00e1ra nem jogosult!\" \/>\n<meta property=\"og:url\" content=\"https:\/\/puli.hu\/en\/alomhirek-bejelentese\/\" \/>\n<meta property=\"og:site_name\" content=\"Hung\u00e1ria Puli Klub\" \/>\n<meta property=\"article:modified_time\" content=\"2025-07-24T17:52:59+00:00\" \/>\n<meta name=\"twitter:card\" content=\"summary_large_image\" \/>\n<meta name=\"twitter:label1\" content=\"Estimated reading time\" \/>\n\t<meta name=\"twitter:data1\" content=\"1 minute\" \/>\n<script type=\"application\/ld+json\" class=\"yoast-schema-graph\">{\"@context\":\"https:\/\/schema.org\",\"@graph\":[{\"@type\":\"WebPage\",\"@id\":\"https:\/\/puli.hu\/alomhirek-bejelentese\/\",\"url\":\"https:\/\/puli.hu\/alomhirek-bejelentese\/\",\"name\":\"Alomh\u00edrek bejelent\u00e9se - Hung\u00e1ria Puli Klub\",\"isPartOf\":{\"@id\":\"https:\/\/puli.hu\/#website\"},\"datePublished\":\"2025-01-20T12:32:01+00:00\",\"dateModified\":\"2025-07-24T17:52:59+00:00\",\"breadcrumb\":{\"@id\":\"https:\/\/puli.hu\/alomhirek-bejelentese\/#breadcrumb\"},\"inLanguage\":\"en-GB\",\"potentialAction\":[{\"@type\":\"ReadAction\",\"target\":[\"https:\/\/puli.hu\/alomhirek-bejelentese\/\"]}]},{\"@type\":\"BreadcrumbList\",\"@id\":\"https:\/\/puli.hu\/alomhirek-bejelentese\/#breadcrumb\",\"itemListElement\":[{\"@type\":\"ListItem\",\"position\":1,\"name\":\"Home\",\"item\":\"https:\/\/puli.hu\/\"},{\"@type\":\"ListItem\",\"position\":2,\"name\":\"Alomh\u00edrek bejelent\u00e9se\"}]},{\"@type\":\"WebSite\",\"@id\":\"https:\/\/puli.hu\/#website\",\"url\":\"https:\/\/puli.hu\/\",\"name\":\"Hung\u00e1ria Puli Klub\",\"description\":\"Puli kutya: hagyom\u00e1ny, gondoz\u00e1s, sport \u00e9s teny\u00e9szt\u00e9s bemutat\u00e1sa.\",\"potentialAction\":[{\"@type\":\"SearchAction\",\"target\":{\"@type\":\"EntryPoint\",\"urlTemplate\":\"https:\/\/puli.hu\/?s={search_term_string}\"},\"query-input\":{\"@type\":\"PropertyValueSpecification\",\"valueRequired\":true,\"valueName\":\"search_term_string\"}}],\"inLanguage\":\"en-GB\"}]}<\/script>\n<!-- \/ Yoast SEO plugin. -->","yoast_head_json":{"title":"Alomh\u00edrek bejelent\u00e9se - Hung\u00e1ria Puli Klub","robots":{"index":"index","follow":"follow","max-snippet":"max-snippet:-1","max-image-preview":"max-image-preview:large","max-video-preview":"max-video-preview:-1"},"canonical":"https:\/\/puli.hu\/en\/alomhirek-bejelentese\/","og_locale":"en_GB","og_type":"article","og_title":"Alomh\u00edrek bejelent\u00e9se - Hung\u00e1ria Puli Klub","og_description":"Alomh\u00edrek bejelent\u00e9se Teny\u00e9szt\u0151i inform\u00e1ci\u00f3k \/ Alomh\u00edrek bejelent\u00e9se\u00a0 K\u00e9rem az al\u00e1bbi Adatokat a Hung\u00e1ria Puli Klub honlapj\u00e1n megjelentetni. Egyben, e nyilatkozatommal hozz\u00e1j\u00e1rulok, hogy az \u00e1ltalam megadott adatok \u00e9s fot\u00f3k, kiz\u00e1r\u00f3lag a HPK \u00e1ltal megjelentetett elektronikus illetve nyomtatott kiadv\u00e1nyban, nyilv\u00e1noss\u00e1gra ker\u00fcljenek. Mag\u00e1nszem\u00e9ly illetve m\u00e1s szervezet, az itt megjelent adatok k\u00f6zl\u00e9s\u00e9re, tov\u00e1bb ad\u00e1s\u00e1ra nem jogosult!","og_url":"https:\/\/puli.hu\/en\/alomhirek-bejelentese\/","og_site_name":"Hung\u00e1ria Puli Klub","article_modified_time":"2025-07-24T17:52:59+00:00","twitter_card":"summary_large_image","twitter_misc":{"Estimated reading time":"1 minute"},"schema":{"@context":"https:\/\/schema.org","@graph":[{"@type":"WebPage","@id":"https:\/\/puli.hu\/alomhirek-bejelentese\/","url":"https:\/\/puli.hu\/alomhirek-bejelentese\/","name":"Alomh\u00edrek bejelent\u00e9se - Hung\u00e1ria Puli Klub","isPartOf":{"@id":"https:\/\/puli.hu\/#website"},"datePublished":"2025-01-20T12:32:01+00:00","dateModified":"2025-07-24T17:52:59+00:00","breadcrumb":{"@id":"https:\/\/puli.hu\/alomhirek-bejelentese\/#breadcrumb"},"inLanguage":"en-GB","potentialAction":[{"@type":"ReadAction","target":["https:\/\/puli.hu\/alomhirek-bejelentese\/"]}]},{"@type":"BreadcrumbList","@id":"https:\/\/puli.hu\/alomhirek-bejelentese\/#breadcrumb","itemListElement":[{"@type":"ListItem","position":1,"name":"Home","item":"https:\/\/puli.hu\/"},{"@type":"ListItem","position":2,"name":"Alomh\u00edrek bejelent\u00e9se"}]},{"@type":"WebSite","@id":"https:\/\/puli.hu\/#website","url":"https:\/\/puli.hu\/","name":"HUNGARIAN PULI CLUB","description":"Puli kutya: hagyom\u00e1ny, gondoz\u00e1s, sport \u00e9s teny\u00e9szt\u00e9s bemutat\u00e1sa.","potentialAction":[{"@type":"SearchAction","target":{"@type":"EntryPoint","urlTemplate":"https:\/\/puli.hu\/?s={search_term_string}"},"query-input":{"@type":"PropertyValueSpecification","valueRequired":true,"valueName":"search_term_string"}}],"inLanguage":"en-GB"}]}},"_links":{"self":[{"href":"https:\/\/puli.hu\/en\/wp-json\/wp\/v2\/pages\/2631","targetHints":{"allow":["GET"]}}],"collection":[{"href":"https:\/\/puli.hu\/en\/wp-json\/wp\/v2\/pages"}],"about":[{"href":"https:\/\/puli.hu\/en\/wp-json\/wp\/v2\/types\/page"}],"author":[{"embeddable":true,"href":"https:\/\/puli.hu\/en\/wp-json\/wp\/v2\/users\/1"}],"replies":[{"embeddable":true,"href":"https:\/\/puli.hu\/en\/wp-json\/wp\/v2\/comments?post=2631"}],"version-history":[{"count":9,"href":"https:\/\/puli.hu\/en\/wp-json\/wp\/v2\/pages\/2631\/revisions"}],"predecessor-version":[{"id":4581,"href":"https:\/\/puli.hu\/en\/wp-json\/wp\/v2\/pages\/2631\/revisions\/4581"}],"wp:attachment":[{"href":"https:\/\/puli.hu\/en\/wp-json\/wp\/v2\/media?parent=2631"}],"curies":[{"name":"wp","href":"https:\/\/api.w.org\/{rel}","templated":true}]}}