{"id":3472,"date":"2025-03-17T17:29:50","date_gmt":"2025-03-17T16:29:50","guid":{"rendered":"https:\/\/mystifying-euclid.185-59-211-253.plesk.page\/?page_id=3472"},"modified":"2025-03-17T17:33:04","modified_gmt":"2025-03-17T16:33:04","slug":"tamogatok","status":"publish","type":"page","link":"https:\/\/puli.hu\/en\/tamogatok\/","title":{"rendered":"Supporters"},"content":{"rendered":"<div data-elementor-type=\"wp-page\" data-elementor-id=\"3472\" class=\"elementor elementor-3472\" data-elementor-post-type=\"page\">\n\t\t\t\t<div class=\"elementor-element elementor-element-3d45986 e-con-full e-flex e-con e-parent\" data-id=\"3d45986\" data-element_type=\"container\" data-e-type=\"container\" data-settings=\"{&quot;background_background&quot;:&quot;classic&quot;}\">\n\t\t<div class=\"elementor-element elementor-element-0967429 e-con-full e-flex e-con e-child\" data-id=\"0967429\" data-element_type=\"container\" data-e-type=\"container\">\n\t\t\t\t<div class=\"elementor-element elementor-element-2fc9d63 e-transform elementor-widget elementor-widget-image\" data-id=\"2fc9d63\" data-element_type=\"widget\" data-e-type=\"widget\" data-settings=\"{&quot;_transform_scale_effect&quot;:{&quot;unit&quot;:&quot;px&quot;,&quot;size&quot;:&quot;&quot;,&quot;sizes&quot;:[]},&quot;_transform_scale_effect_tablet&quot;:{&quot;unit&quot;:&quot;px&quot;,&quot;size&quot;:&quot;&quot;,&quot;sizes&quot;:[]},&quot;_transform_scale_effect_mobile&quot;:{&quot;unit&quot;:&quot;px&quot;,&quot;size&quot;:&quot;&quot;,&quot;sizes&quot;:[]}}\" data-widget_type=\"image.default\">\n\t\t\t\t\t\t\t\t\t\t\t\t\t\t\t\t<a href=\"https:\/\/www.expodom.hu\/\">\n\t\t\t\t\t\t\t<img decoding=\"async\" width=\"310\" height=\"80\" src=\"https:\/\/puli.hu\/wp-content\/uploads\/2025\/03\/expodom-logo-hu.png\" class=\"attachment-full size-full wp-image-3477\" alt=\"\" srcset=\"https:\/\/puli.hu\/wp-content\/uploads\/2025\/03\/expodom-logo-hu.png 310w, https:\/\/puli.hu\/wp-content\/uploads\/2025\/03\/expodom-logo-hu-300x77.png 300w, https:\/\/puli.hu\/wp-content\/uploads\/2025\/03\/expodom-logo-hu-18x5.png 18w\" sizes=\"(max-width: 310px) 100vw, 310px\" \/>\t\t\t\t\t\t\t\t<\/a>\n\t\t\t\t\t\t\t\t\t\t\t\t\t\t\t<\/div>\n\t\t\t\t<\/div>\n\t\t<div class=\"elementor-element elementor-element-38a8963 e-con-full e-flex e-con e-child\" data-id=\"38a8963\" data-element_type=\"container\" data-e-type=\"container\">\n\t\t\t\t<div class=\"elementor-element elementor-element-8c1d333 e-transform elementor-widget elementor-widget-image\" data-id=\"8c1d333\" data-element_type=\"widget\" data-e-type=\"widget\" data-settings=\"{&quot;_transform_scale_effect&quot;:{&quot;unit&quot;:&quot;px&quot;,&quot;size&quot;:&quot;&quot;,&quot;sizes&quot;:[]},&quot;_transform_scale_effect_tablet&quot;:{&quot;unit&quot;:&quot;px&quot;,&quot;size&quot;:&quot;&quot;,&quot;sizes&quot;:[]},&quot;_transform_scale_effect_mobile&quot;:{&quot;unit&quot;:&quot;px&quot;,&quot;size&quot;:&quot;&quot;,&quot;sizes&quot;:[]}}\" data-widget_type=\"image.default\">\n\t\t\t\t\t\t\t\t\t\t\t\t\t\t\t\t<a href=\"https:\/\/bgazrt.hu\/\">\n\t\t\t\t\t\t\t<img fetchpriority=\"high\" decoding=\"async\" width=\"1024\" height=\"217\" src=\"https:\/\/puli.hu\/wp-content\/uploads\/2025\/03\/bga-logo-250-1-1024x217.jpg\" class=\"attachment-large size-large wp-image-3480\" alt=\"\" srcset=\"https:\/\/puli.hu\/wp-content\/uploads\/2025\/03\/bga-logo-250-1-1024x217.jpg 1024w, https:\/\/puli.hu\/wp-content\/uploads\/2025\/03\/bga-logo-250-1-300x64.jpg 300w, https:\/\/puli.hu\/wp-content\/uploads\/2025\/03\/bga-logo-250-1-768x163.jpg 768w, https:\/\/puli.hu\/wp-content\/uploads\/2025\/03\/bga-logo-250-1-18x4.jpg 18w, https:\/\/puli.hu\/wp-content\/uploads\/2025\/03\/bga-logo-250-1.jpg 1181w\" sizes=\"(max-width: 1024px) 100vw, 1024px\" \/>\t\t\t\t\t\t\t\t<\/a>\n\t\t\t\t\t\t\t\t\t\t\t\t\t\t\t<\/div>\n\t\t\t\t<\/div>\n\t\t<div class=\"elementor-element elementor-element-fa972c9 e-con-full e-flex e-con e-child\" data-id=\"fa972c9\" data-element_type=\"container\" data-e-type=\"container\">\n\t\t\t\t<div class=\"elementor-element elementor-element-40e7de6 e-transform elementor-widget elementor-widget-image\" data-id=\"40e7de6\" data-element_type=\"widget\" data-e-type=\"widget\" data-settings=\"{&quot;_transform_scale_effect&quot;:{&quot;unit&quot;:&quot;px&quot;,&quot;size&quot;:&quot;&quot;,&quot;sizes&quot;:[]},&quot;_transform_scale_effect_tablet&quot;:{&quot;unit&quot;:&quot;px&quot;,&quot;size&quot;:&quot;&quot;,&quot;sizes&quot;:[]},&quot;_transform_scale_effect_mobile&quot;:{&quot;unit&quot;:&quot;px&quot;,&quot;size&quot;:&quot;&quot;,&quot;sizes&quot;:[]}}\" data-widget_type=\"image.default\">\n\t\t\t\t\t\t\t\t\t\t\t\t\t\t\t\t<a href=\"https:\/\/www.hungarikum.hu\/\">\n\t\t\t\t\t\t\t<img decoding=\"async\" width=\"211\" height=\"105\" src=\"https:\/\/puli.hu\/wp-content\/uploads\/2025\/03\/hungarikum-header-logo.jpg\" class=\"attachment-full size-full wp-image-3481\" alt=\"\" srcset=\"https:\/\/puli.hu\/wp-content\/uploads\/2025\/03\/hungarikum-header-logo.jpg 211w, https:\/\/puli.hu\/wp-content\/uploads\/2025\/03\/hungarikum-header-logo-18x9.jpg 18w\" sizes=\"(max-width: 211px) 100vw, 211px\" \/>\t\t\t\t\t\t\t\t<\/a>\n\t\t\t\t\t\t\t\t\t\t\t\t\t\t\t<\/div>\n\t\t\t\t<\/div>\n\t\t\t\t<\/div>\n\t\t\t\t<\/div>","protected":false},"excerpt":{"rendered":"","protected":false},"author":1,"featured_media":0,"parent":0,"menu_order":0,"comment_status":"closed","ping_status":"closed","template":"elementor_header_footer","meta":{"iawp_total_views":28,"footnotes":""},"class_list":["post-3472","page","type-page","status-publish","hentry"],"blocksy_meta":[],"yoast_head":"<!-- This site is optimized with the Yoast SEO plugin v26.9 - https:\/\/yoast.com\/product\/yoast-seo-wordpress\/ -->\n<title>T\u00e1mogat\u00f3k - Hung\u00e1ria Puli Klub<\/title>\n<meta name=\"robots\" content=\"index, follow, max-snippet:-1, max-image-preview:large, max-video-preview:-1\" \/>\n<link rel=\"canonical\" href=\"https:\/\/puli.hu\/en\/tamogatok\/\" \/>\n<meta property=\"og:locale\" content=\"en_GB\" \/>\n<meta property=\"og:type\" content=\"article\" \/>\n<meta property=\"og:title\" content=\"T\u00e1mogat\u00f3k - Hung\u00e1ria Puli Klub\" \/>\n<meta property=\"og:url\" content=\"https:\/\/puli.hu\/en\/tamogatok\/\" \/>\n<meta property=\"og:site_name\" content=\"Hung\u00e1ria Puli Klub\" \/>\n<meta property=\"article:modified_time\" content=\"2025-03-17T16:33:04+00:00\" \/>\n<meta property=\"og:image\" content=\"https:\/\/puli.hu\/wp-content\/uploads\/2025\/03\/expodom-logo-hu.png\" \/>\n\t<meta property=\"og:image:width\" content=\"310\" \/>\n\t<meta property=\"og:image:height\" content=\"80\" \/>\n\t<meta property=\"og:image:type\" content=\"image\/png\" \/>\n<meta name=\"twitter:card\" content=\"summary_large_image\" \/>\n<script type=\"application\/ld+json\" class=\"yoast-schema-graph\">{\"@context\":\"https:\/\/schema.org\",\"@graph\":[{\"@type\":\"WebPage\",\"@id\":\"https:\/\/puli.hu\/tamogatok\/\",\"url\":\"https:\/\/puli.hu\/tamogatok\/\",\"name\":\"T\u00e1mogat\u00f3k - Hung\u00e1ria Puli Klub\",\"isPartOf\":{\"@id\":\"https:\/\/puli.hu\/#website\"},\"primaryImageOfPage\":{\"@id\":\"https:\/\/puli.hu\/tamogatok\/#primaryimage\"},\"image\":{\"@id\":\"https:\/\/puli.hu\/tamogatok\/#primaryimage\"},\"thumbnailUrl\":\"https:\/\/puli.hu\/wp-content\/uploads\/2025\/03\/expodom-logo-hu.png\",\"datePublished\":\"2025-03-17T16:29:50+00:00\",\"dateModified\":\"2025-03-17T16:33:04+00:00\",\"breadcrumb\":{\"@id\":\"https:\/\/puli.hu\/tamogatok\/#breadcrumb\"},\"inLanguage\":\"en-GB\",\"potentialAction\":[{\"@type\":\"ReadAction\",\"target\":[\"https:\/\/puli.hu\/tamogatok\/\"]}]},{\"@type\":\"ImageObject\",\"inLanguage\":\"en-GB\",\"@id\":\"https:\/\/puli.hu\/tamogatok\/#primaryimage\",\"url\":\"https:\/\/puli.hu\/wp-content\/uploads\/2025\/03\/expodom-logo-hu.png\",\"contentUrl\":\"https:\/\/puli.hu\/wp-content\/uploads\/2025\/03\/expodom-logo-hu.png\"},{\"@type\":\"BreadcrumbList\",\"@id\":\"https:\/\/puli.hu\/tamogatok\/#breadcrumb\",\"itemListElement\":[{\"@type\":\"ListItem\",\"position\":1,\"name\":\"Home\",\"item\":\"https:\/\/puli.hu\/\"},{\"@type\":\"ListItem\",\"position\":2,\"name\":\"T\u00e1mogat\u00f3k\"}]},{\"@type\":\"WebSite\",\"@id\":\"https:\/\/puli.hu\/#website\",\"url\":\"https:\/\/puli.hu\/\",\"name\":\"Hung\u00e1ria Puli Klub\",\"description\":\"Puli kutya: hagyom\u00e1ny, gondoz\u00e1s, sport \u00e9s teny\u00e9szt\u00e9s bemutat\u00e1sa.\",\"potentialAction\":[{\"@type\":\"SearchAction\",\"target\":{\"@type\":\"EntryPoint\",\"urlTemplate\":\"https:\/\/puli.hu\/?s={search_term_string}\"},\"query-input\":{\"@type\":\"PropertyValueSpecification\",\"valueRequired\":true,\"valueName\":\"search_term_string\"}}],\"inLanguage\":\"en-GB\"}]}<\/script>\n<!-- \/ Yoast SEO plugin. -->","yoast_head_json":{"title":"T\u00e1mogat\u00f3k - Hung\u00e1ria Puli Klub","robots":{"index":"index","follow":"follow","max-snippet":"max-snippet:-1","max-image-preview":"max-image-preview:large","max-video-preview":"max-video-preview:-1"},"canonical":"https:\/\/puli.hu\/en\/tamogatok\/","og_locale":"en_GB","og_type":"article","og_title":"T\u00e1mogat\u00f3k - Hung\u00e1ria Puli Klub","og_url":"https:\/\/puli.hu\/en\/tamogatok\/","og_site_name":"Hung\u00e1ria Puli Klub","article_modified_time":"2025-03-17T16:33:04+00:00","og_image":[{"width":310,"height":80,"url":"https:\/\/puli.hu\/wp-content\/uploads\/2025\/03\/expodom-logo-hu.png","type":"image\/png"}],"twitter_card":"summary_large_image","schema":{"@context":"https:\/\/schema.org","@graph":[{"@type":"WebPage","@id":"https:\/\/puli.hu\/tamogatok\/","url":"https:\/\/puli.hu\/tamogatok\/","name":"T\u00e1mogat\u00f3k - Hung\u00e1ria Puli Klub","isPartOf":{"@id":"https:\/\/puli.hu\/#website"},"primaryImageOfPage":{"@id":"https:\/\/puli.hu\/tamogatok\/#primaryimage"},"image":{"@id":"https:\/\/puli.hu\/tamogatok\/#primaryimage"},"thumbnailUrl":"https:\/\/puli.hu\/wp-content\/uploads\/2025\/03\/expodom-logo-hu.png","datePublished":"2025-03-17T16:29:50+00:00","dateModified":"2025-03-17T16:33:04+00:00","breadcrumb":{"@id":"https:\/\/puli.hu\/tamogatok\/#breadcrumb"},"inLanguage":"en-GB","potentialAction":[{"@type":"ReadAction","target":["https:\/\/puli.hu\/tamogatok\/"]}]},{"@type":"ImageObject","inLanguage":"en-GB","@id":"https:\/\/puli.hu\/tamogatok\/#primaryimage","url":"https:\/\/puli.hu\/wp-content\/uploads\/2025\/03\/expodom-logo-hu.png","contentUrl":"https:\/\/puli.hu\/wp-content\/uploads\/2025\/03\/expodom-logo-hu.png"},{"@type":"BreadcrumbList","@id":"https:\/\/puli.hu\/tamogatok\/#breadcrumb","itemListElement":[{"@type":"ListItem","position":1,"name":"Home","item":"https:\/\/puli.hu\/"},{"@type":"ListItem","position":2,"name":"T\u00e1mogat\u00f3k"}]},{"@type":"WebSite","@id":"https:\/\/puli.hu\/#website","url":"https:\/\/puli.hu\/","name":"HUNGARIAN PULI CLUB","description":"Puli kutya: hagyom\u00e1ny, gondoz\u00e1s, sport \u00e9s teny\u00e9szt\u00e9s bemutat\u00e1sa.","potentialAction":[{"@type":"SearchAction","target":{"@type":"EntryPoint","urlTemplate":"https:\/\/puli.hu\/?s={search_term_string}"},"query-input":{"@type":"PropertyValueSpecification","valueRequired":true,"valueName":"search_term_string"}}],"inLanguage":"en-GB"}]}},"_links":{"self":[{"href":"https:\/\/puli.hu\/en\/wp-json\/wp\/v2\/pages\/3472","targetHints":{"allow":["GET"]}}],"collection":[{"href":"https:\/\/puli.hu\/en\/wp-json\/wp\/v2\/pages"}],"about":[{"href":"https:\/\/puli.hu\/en\/wp-json\/wp\/v2\/types\/page"}],"author":[{"embeddable":true,"href":"https:\/\/puli.hu\/en\/wp-json\/wp\/v2\/users\/1"}],"replies":[{"embeddable":true,"href":"https:\/\/puli.hu\/en\/wp-json\/wp\/v2\/comments?post=3472"}],"version-history":[{"count":0,"href":"https:\/\/puli.hu\/en\/wp-json\/wp\/v2\/pages\/3472\/revisions"}],"wp:attachment":[{"href":"https:\/\/puli.hu\/en\/wp-json\/wp\/v2\/media?parent=3472"}],"curies":[{"name":"wp","href":"https:\/\/api.w.org\/{rel}","templated":true}]}}