{"id":4068,"date":"2025-05-30T19:45:52","date_gmt":"2025-05-30T18:45:52","guid":{"rendered":"https:\/\/mystifying-euclid.185-59-211-253.plesk.page\/?page_id=4068"},"modified":"2025-05-30T19:47:23","modified_gmt":"2025-05-30T18:47:23","slug":"egyeb-szuresek","status":"publish","type":"page","link":"https:\/\/puli.hu\/en\/egyeb-szuresek\/","title":{"rendered":"Other screenings"},"content":{"rendered":"<div data-elementor-type=\"wp-page\" data-elementor-id=\"4068\" class=\"elementor elementor-4068\" data-elementor-post-type=\"page\">\n\t\t\t\t\t\t<section class=\"elementor-section elementor-top-section elementor-element elementor-element-a87be5a elementor-section-full_width elementor-section-height-min-height elementor-section-height-default elementor-section-items-middle\" data-id=\"a87be5a\" data-element_type=\"section\" data-e-type=\"section\" data-settings=\"{&quot;background_background&quot;:&quot;classic&quot;}\">\n\t\t\t\t\t\t\t<div class=\"elementor-background-overlay\"><\/div>\n\t\t\t\t\t\t\t<div class=\"elementor-container elementor-column-gap-default\">\n\t\t\t\t\t<div class=\"elementor-column elementor-col-100 elementor-top-column elementor-element elementor-element-17eed43\" data-id=\"17eed43\" data-element_type=\"column\" data-e-type=\"column\">\n\t\t\t<div class=\"elementor-widget-wrap elementor-element-populated\">\n\t\t\t\t\t\t<div class=\"elementor-element elementor-element-4d033be elementor-widget elementor-widget-heading\" data-id=\"4d033be\" data-element_type=\"widget\" data-e-type=\"widget\" data-widget_type=\"heading.default\">\n\t\t\t\t\t<h2 class=\"elementor-heading-title elementor-size-default\">Other screenings<\/h2>\t\t\t\t<\/div>\n\t\t\t\t<div class=\"elementor-element elementor-element-b33d0dd elementor-widget elementor-widget-text-editor\" data-id=\"b33d0dd\" data-element_type=\"widget\" data-e-type=\"widget\" data-widget_type=\"text-editor.default\">\n\t\t\t\t\t\t\t\t\t<p>Eg\u00e9szs\u00e9g\u00fcgyi sz\u0171r\u00e9s eredm\u00e9nyek \/ Egy\u00e9b sz\u0171r\u00e9sek<\/p>\t\t\t\t\t\t\t\t<\/div>\n\t\t\t\t\t<\/div>\n\t\t<\/div>\n\t\t\t\t\t<\/div>\n\t\t<\/section>\n\t\t<div class=\"elementor-element elementor-element-a4870ba e-flex e-con-boxed e-con e-parent\" data-id=\"a4870ba\" data-element_type=\"container\" data-e-type=\"container\" data-settings=\"{&quot;background_background&quot;:&quot;classic&quot;}\">\n\t\t\t\t\t<div class=\"e-con-inner\">\n\t\t\t\t<div class=\"elementor-element elementor-element-c873f9e elementor-widget elementor-widget-heading\" data-id=\"c873f9e\" data-element_type=\"widget\" data-e-type=\"widget\" data-widget_type=\"heading.default\">\n\t\t\t\t\t<h2 class=\"elementor-heading-title elementor-size-default\">Fejleszt\u00e9s alatt<\/h2>\t\t\t\t<\/div>\n\t\t\t\t\t<\/div>\n\t\t\t\t<\/div>\n\t\t\t\t<\/div>","protected":false},"excerpt":{"rendered":"<p>Egy\u00e9b sz\u0171r\u00e9sek Eg\u00e9szs\u00e9g\u00fcgyi sz\u0171r\u00e9s eredm\u00e9nyek \/ Egy\u00e9b sz\u0171r\u00e9sek Fejleszt\u00e9s alatt<\/p>","protected":false},"author":1,"featured_media":0,"parent":0,"menu_order":0,"comment_status":"closed","ping_status":"closed","template":"elementor_header_footer","meta":{"iawp_total_views":5,"footnotes":""},"class_list":["post-4068","page","type-page","status-publish","hentry"],"blocksy_meta":[],"yoast_head":"<!-- This site is optimized with the Yoast SEO plugin v26.9 - https:\/\/yoast.com\/product\/yoast-seo-wordpress\/ -->\n<title>Egy\u00e9b sz\u0171r\u00e9sek - Hung\u00e1ria Puli Klub<\/title>\n<meta name=\"robots\" content=\"index, follow, max-snippet:-1, max-image-preview:large, max-video-preview:-1\" \/>\n<link rel=\"canonical\" href=\"https:\/\/puli.hu\/en\/egyeb-szuresek\/\" \/>\n<meta property=\"og:locale\" content=\"en_GB\" \/>\n<meta property=\"og:type\" content=\"article\" \/>\n<meta property=\"og:title\" content=\"Egy\u00e9b sz\u0171r\u00e9sek - Hung\u00e1ria Puli Klub\" \/>\n<meta property=\"og:description\" content=\"Egy\u00e9b sz\u0171r\u00e9sek Eg\u00e9szs\u00e9g\u00fcgyi sz\u0171r\u00e9s eredm\u00e9nyek \/ Egy\u00e9b sz\u0171r\u00e9sek Fejleszt\u00e9s alatt\" \/>\n<meta property=\"og:url\" content=\"https:\/\/puli.hu\/en\/egyeb-szuresek\/\" \/>\n<meta property=\"og:site_name\" content=\"Hung\u00e1ria Puli Klub\" \/>\n<meta property=\"article:modified_time\" content=\"2025-05-30T18:47:23+00:00\" \/>\n<meta name=\"twitter:card\" content=\"summary_large_image\" \/>\n<script type=\"application\/ld+json\" class=\"yoast-schema-graph\">{\"@context\":\"https:\/\/schema.org\",\"@graph\":[{\"@type\":\"WebPage\",\"@id\":\"https:\/\/puli.hu\/egyeb-szuresek\/\",\"url\":\"https:\/\/puli.hu\/egyeb-szuresek\/\",\"name\":\"Egy\u00e9b sz\u0171r\u00e9sek - Hung\u00e1ria Puli Klub\",\"isPartOf\":{\"@id\":\"https:\/\/puli.hu\/#website\"},\"datePublished\":\"2025-05-30T18:45:52+00:00\",\"dateModified\":\"2025-05-30T18:47:23+00:00\",\"breadcrumb\":{\"@id\":\"https:\/\/puli.hu\/egyeb-szuresek\/#breadcrumb\"},\"inLanguage\":\"en-GB\",\"potentialAction\":[{\"@type\":\"ReadAction\",\"target\":[\"https:\/\/puli.hu\/egyeb-szuresek\/\"]}]},{\"@type\":\"BreadcrumbList\",\"@id\":\"https:\/\/puli.hu\/egyeb-szuresek\/#breadcrumb\",\"itemListElement\":[{\"@type\":\"ListItem\",\"position\":1,\"name\":\"Home\",\"item\":\"https:\/\/puli.hu\/\"},{\"@type\":\"ListItem\",\"position\":2,\"name\":\"Egy\u00e9b sz\u0171r\u00e9sek\"}]},{\"@type\":\"WebSite\",\"@id\":\"https:\/\/puli.hu\/#website\",\"url\":\"https:\/\/puli.hu\/\",\"name\":\"Hung\u00e1ria Puli Klub\",\"description\":\"Puli kutya: hagyom\u00e1ny, gondoz\u00e1s, sport \u00e9s teny\u00e9szt\u00e9s bemutat\u00e1sa.\",\"potentialAction\":[{\"@type\":\"SearchAction\",\"target\":{\"@type\":\"EntryPoint\",\"urlTemplate\":\"https:\/\/puli.hu\/?s={search_term_string}\"},\"query-input\":{\"@type\":\"PropertyValueSpecification\",\"valueRequired\":true,\"valueName\":\"search_term_string\"}}],\"inLanguage\":\"en-GB\"}]}<\/script>\n<!-- \/ Yoast SEO plugin. -->","yoast_head_json":{"title":"Egy\u00e9b sz\u0171r\u00e9sek - Hung\u00e1ria Puli Klub","robots":{"index":"index","follow":"follow","max-snippet":"max-snippet:-1","max-image-preview":"max-image-preview:large","max-video-preview":"max-video-preview:-1"},"canonical":"https:\/\/puli.hu\/en\/egyeb-szuresek\/","og_locale":"en_GB","og_type":"article","og_title":"Egy\u00e9b sz\u0171r\u00e9sek - Hung\u00e1ria Puli Klub","og_description":"Egy\u00e9b sz\u0171r\u00e9sek Eg\u00e9szs\u00e9g\u00fcgyi sz\u0171r\u00e9s eredm\u00e9nyek \/ Egy\u00e9b sz\u0171r\u00e9sek Fejleszt\u00e9s alatt","og_url":"https:\/\/puli.hu\/en\/egyeb-szuresek\/","og_site_name":"Hung\u00e1ria Puli Klub","article_modified_time":"2025-05-30T18:47:23+00:00","twitter_card":"summary_large_image","schema":{"@context":"https:\/\/schema.org","@graph":[{"@type":"WebPage","@id":"https:\/\/puli.hu\/egyeb-szuresek\/","url":"https:\/\/puli.hu\/egyeb-szuresek\/","name":"Egy\u00e9b sz\u0171r\u00e9sek - Hung\u00e1ria Puli Klub","isPartOf":{"@id":"https:\/\/puli.hu\/#website"},"datePublished":"2025-05-30T18:45:52+00:00","dateModified":"2025-05-30T18:47:23+00:00","breadcrumb":{"@id":"https:\/\/puli.hu\/egyeb-szuresek\/#breadcrumb"},"inLanguage":"en-GB","potentialAction":[{"@type":"ReadAction","target":["https:\/\/puli.hu\/egyeb-szuresek\/"]}]},{"@type":"BreadcrumbList","@id":"https:\/\/puli.hu\/egyeb-szuresek\/#breadcrumb","itemListElement":[{"@type":"ListItem","position":1,"name":"Home","item":"https:\/\/puli.hu\/"},{"@type":"ListItem","position":2,"name":"Egy\u00e9b sz\u0171r\u00e9sek"}]},{"@type":"WebSite","@id":"https:\/\/puli.hu\/#website","url":"https:\/\/puli.hu\/","name":"HUNGARIAN PULI CLUB","description":"Puli kutya: hagyom\u00e1ny, gondoz\u00e1s, sport \u00e9s teny\u00e9szt\u00e9s bemutat\u00e1sa.","potentialAction":[{"@type":"SearchAction","target":{"@type":"EntryPoint","urlTemplate":"https:\/\/puli.hu\/?s={search_term_string}"},"query-input":{"@type":"PropertyValueSpecification","valueRequired":true,"valueName":"search_term_string"}}],"inLanguage":"en-GB"}]}},"_links":{"self":[{"href":"https:\/\/puli.hu\/en\/wp-json\/wp\/v2\/pages\/4068","targetHints":{"allow":["GET"]}}],"collection":[{"href":"https:\/\/puli.hu\/en\/wp-json\/wp\/v2\/pages"}],"about":[{"href":"https:\/\/puli.hu\/en\/wp-json\/wp\/v2\/types\/page"}],"author":[{"embeddable":true,"href":"https:\/\/puli.hu\/en\/wp-json\/wp\/v2\/users\/1"}],"replies":[{"embeddable":true,"href":"https:\/\/puli.hu\/en\/wp-json\/wp\/v2\/comments?post=4068"}],"version-history":[{"count":0,"href":"https:\/\/puli.hu\/en\/wp-json\/wp\/v2\/pages\/4068\/revisions"}],"wp:attachment":[{"href":"https:\/\/puli.hu\/en\/wp-json\/wp\/v2\/media?parent=4068"}],"curies":[{"name":"wp","href":"https:\/\/api.w.org\/{rel}","templated":true}]}}