{"id":4615,"date":"2025-08-04T23:59:53","date_gmt":"2025-08-04T22:59:53","guid":{"rendered":"https:\/\/puli.hu\/?page_id=4615"},"modified":"2025-08-05T00:02:09","modified_gmt":"2025-08-04T23:02:09","slug":"impresszum","status":"publish","type":"page","link":"https:\/\/puli.hu\/en\/impresszum\/","title":{"rendered":"Impresszum"},"content":{"rendered":"<div data-elementor-type=\"wp-page\" data-elementor-id=\"4615\" class=\"elementor elementor-4615\" data-elementor-post-type=\"page\">\n\t\t\t\t<div class=\"elementor-element elementor-element-d84445f e-flex e-con-boxed e-con e-parent\" data-id=\"d84445f\" data-element_type=\"container\" data-e-type=\"container\">\n\t\t\t\t\t<div class=\"e-con-inner\">\n\t\t\t\t<div class=\"elementor-element elementor-element-a8bd0b5 elementor-widget elementor-widget-text-editor\" data-id=\"a8bd0b5\" data-element_type=\"widget\" data-e-type=\"widget\" data-widget_type=\"text-editor.default\">\n\t\t\t\t\t\t\t\t\t<p data-start=\"0\" data-end=\"49\"><strong data-start=\"0\" data-end=\"47\">Impresszum \u2013 <em data-start=\"15\" data-end=\"35\">HUNGARIAN PULI CLUB<\/em> (puli.hu)<\/strong><\/p><div class=\"_tableContainer_16hzy_1\"><div class=\"_tableWrapper_16hzy_14 group flex w-fit flex-col-reverse\" tabindex=\"-1\"><table class=\"w-fit min-w-(--thread-content-width)\" data-start=\"51\" data-end=\"2104\"><thead data-start=\"51\" data-end=\"78\"><tr data-start=\"51\" data-end=\"78\"><th data-start=\"51\" data-end=\"62\" data-col-size=\"md\"><strong data-start=\"53\" data-end=\"61\">Mez\u0151<\/strong><\/th><th data-start=\"62\" data-end=\"78\" data-col-size=\"xl\"><strong data-start=\"64\" data-end=\"76\">Tartalom<\/strong><\/th><\/tr><\/thead><tbody data-start=\"107\" data-end=\"2104\"><tr data-start=\"107\" data-end=\"173\"><td data-start=\"107\" data-end=\"132\" data-col-size=\"md\"><strong data-start=\"109\" data-end=\"131\">Kiad\u00f3 \/ \u00dczemeltet\u0151<\/strong><\/td><td data-start=\"132\" data-end=\"173\" data-col-size=\"xl\"><span class=\"relative -mx-px my-[-0.2rem] rounded px-px py-[0.2rem] transition-colors duration-100 ease-in-out\">Hung\u00e1ria Puli Klub \u2013 regisztr\u00e1lt egyes\u00fclet<\/span><\/td><\/tr><tr data-start=\"174\" data-end=\"267\"><td data-start=\"174\" data-end=\"189\" data-col-size=\"md\"><strong data-start=\"176\" data-end=\"188\">Sz\u00e9khely<\/strong><\/td><td data-start=\"189\" data-end=\"267\" data-col-size=\"xl\"><span class=\"relative -mx-px my-[-0.2rem] rounded px-px py-[0.2rem] transition-colors duration-100 ease-in-out\">2364 \u00d3csa,\u202f0543\/2\u202fhrs\u202f(ingatlan-nyilv\u00e1ntart\u00e1si helyrajzi sz\u00e1m)\u202f<\/span><\/td><\/tr><tr data-start=\"268\" data-end=\"409\"><td data-start=\"268\" data-end=\"289\" data-col-size=\"md\"><strong data-start=\"270\" data-end=\"288\">Levelez\u00e9si c\u00edm<\/strong><\/td><td data-start=\"289\" data-end=\"409\" data-col-size=\"xl\">1188 Budapest, Lajos u.\u202f5\/b\u202f(az adatv\u00e9delmi t\u00e1j\u00e9koztat\u00f3 szerinti ir\u00e1nyad\u00f3 c\u00edm)<\/td><\/tr><tr data-start=\"410\" data-end=\"560\"><td data-start=\"410\" data-end=\"436\" data-col-size=\"md\"><strong data-start=\"412\" data-end=\"435\">Nyilv\u00e1ntart\u00e1si info<\/strong><\/td><td data-start=\"436\" data-end=\"560\" data-col-size=\"xl\">Bejegyezve a Budapest K\u00f6rny\u00e9ki T\u00f6rv\u00e9nysz\u00e9kn\u00e9l \u2013 13\u201102\u201100002857 nyilv\u00e1ntart\u00e1si sz\u00e1m<\/td><\/tr><tr data-start=\"561\" data-end=\"695\"><td data-start=\"561\" data-end=\"575\" data-col-size=\"md\"><strong data-start=\"563\" data-end=\"574\">Ad\u00f3sz\u00e1m<\/strong><\/td><td data-start=\"575\" data-end=\"695\" data-col-size=\"xl\">18687666\u20111\u201113\u202f(alap\u00edt\u00f3 tagb\u00e9lyegz\u00e9s: t\u00e1rsadalmi\/adom\u00e1ny k\u00f6zhaszn\u00fa tev\u00e9kenys\u00e9g)<\/td><\/tr><tr data-start=\"696\" data-end=\"834\"><td data-start=\"696\" data-end=\"723\" data-col-size=\"md\"><strong data-start=\"698\" data-end=\"722\">Banksz\u00e1mlasz\u00e1m, IBAN<\/strong><\/td><td data-start=\"723\" data-end=\"834\" data-col-size=\"xl\">OTP Bank: 11716008\u201120167275, IBAN:\u202fHU08\u202f1171\u202f6008\u202f2016\u202f7275\u202f0000\u202f0000<span class=\"\" data-state=\"closed\"><span class=\"ms-1 inline-flex max-w-full items-center relative top-[-0.094rem] animate-[show_150ms_ease-in]\"><a class=\"flex h-4.5 overflow-hidden rounded-xl px-2 text-[9px] font-medium text-token-text-secondary! bg-[#F4F4F4]! dark:bg-[#303030]! transition-colors duration-150 ease-in-out\" href=\"https:\/\/www.puli.hu\/hu\/news?utm_source=chatgpt.com\" target=\"_blank\" rel=\"noopener\"><span class=\"relative start-0 bottom-0 flex h-full w-full items-center\"><span class=\"flex h-4 w-full items-center justify-between overflow-hidden\"><span class=\"max-w-full grow truncate overflow-hidden text-center\">\u00a0 <\/span><\/span><\/span><\/a><\/span><\/span><\/td><\/tr><tr data-start=\"835\" data-end=\"858\"><td data-start=\"835\" data-end=\"858\" data-col-size=\"md\"><strong data-start=\"837\" data-end=\"856\">Kapcsolattart\u00e1s<\/strong><\/td><td data-col-size=\"xl\">\u00a0<\/td><\/tr><tr data-start=\"859\" data-end=\"945\"><td data-start=\"859\" data-end=\"870\" data-col-size=\"md\">\u2013 E\u2011mail<\/td><td data-start=\"870\" data-end=\"945\" data-col-size=\"xl\"><a class=\"cursor-pointer\" rel=\"noopener\" data-start=\"872\" data-end=\"884\">puli@puli.hu<\/a>\u202f(k\u00f6zponti levelez\u00e9s)<\/td><\/tr><tr data-start=\"946\" data-end=\"1023\"><td data-start=\"946\" data-end=\"958\" data-col-size=\"md\">\u2013 Telefon<\/td><td data-start=\"958\" data-end=\"1023\" data-col-size=\"xl\">+36\u202f30\u202f561\u202f3565\u202f(mobil)<\/td><\/tr><tr data-start=\"1024\" data-end=\"1203\"><td data-start=\"1024\" data-end=\"1067\" data-col-size=\"md\"><strong data-start=\"1026\" data-end=\"1066\">Felel\u0151s szerkeszt\u0151 (tartalomfelel\u0151s)<\/strong><\/td><td data-col-size=\"xl\" data-start=\"1067\" data-end=\"1203\">Kl\u00e1ra Imre \u2013 e\u2011mail: <a class=\"cursor-pointer\" rel=\"noopener\" data-start=\"1090\" data-end=\"1111\">imreklara69@gmail.com<\/a>; telefon: +36\u202f30\u202f561\u202f3565\u202f(r\u00e9szletes klubkapcsolat)\u202f<\/td><\/tr><tr data-start=\"1204\" data-end=\"1372\"><td data-start=\"1204\" data-end=\"1262\" data-col-size=\"md\"><strong data-start=\"1206\" data-end=\"1261\">Felel\u0151s \u00fczemeltet\u0151 (sz\u00e1ml\u00e1z\u00e1s\u202f\/\u202ftulajdonjog \u00e1t\u00edr\u00e1s)<\/strong><\/td><td data-col-size=\"xl\" data-start=\"1262\" data-end=\"1372\">Nagy\u202fIstv\u00e1nn\u00e9 Kl\u00e1ra \u2013 t\u00e1von: +36\u202f30\u202f561\u202f3565; e\u2011mail: <a class=\"cursor-pointer\" rel=\"noopener\" data-start=\"1318\" data-end=\"1330\">puli@puli.hu<\/a>\u202f<\/td><\/tr><tr data-start=\"1373\" data-end=\"1535\"><td data-start=\"1373\" data-end=\"1410\" data-col-size=\"md\"><strong data-start=\"1375\" data-end=\"1409\">Adatv\u00e9delmi tisztvisel\u0151 (GDPR)<\/strong><\/td><td data-start=\"1410\" data-end=\"1535\" data-col-size=\"xl\">dr.\u202fGreksza Andr\u00e1s \u2013 e\u2011mail: <a class=\"cursor-pointer\" rel=\"noopener\" data-start=\"1441\" data-end=\"1460\">greksza13@gmail.com<\/a>\u202f(2024\u2011es adatv\u00e9delmi szab\u00e1lyzat)\u202f<\/td><\/tr><tr data-start=\"1536\" data-end=\"1735\"><td data-start=\"1536\" data-end=\"1597\" data-col-size=\"md\"><strong data-start=\"1538\" data-end=\"1596\">Sz\u00e1rmaz\u00e1si lap \u00e9s teny\u00e9szt\u00e9ssel kapcsolatos \u00fcgyint\u00e9z\u00e9s<\/strong><\/td><td data-start=\"1597\" data-end=\"1735\" data-col-size=\"xl\">Dr.\u202fBrauswetter Viktor \u2013 <a class=\"cursor-pointer\" rel=\"noopener\" data-start=\"1624\" data-end=\"1636\">info@puli.hu<\/a>; telefon: +36\u202f30\u202f950\u202f1403 (a t\u00e1j\u00e9koztat\u00f3 szakasz adatai)\u202f<\/td><\/tr><tr data-start=\"1736\" data-end=\"1852\"><td data-start=\"1736\" data-end=\"1759\" data-col-size=\"md\"><strong data-start=\"1738\" data-end=\"1758\">Honlap k\u00e9sz\u00edt\u0151je<\/strong><\/td><td data-start=\"1759\" data-end=\"1852\" data-col-size=\"xl\">MLZA (eweboldal.hu \u2013 az oldal l\u00e1bl\u00e9c\u00e9ben jel\u00f6lve)\u202f<\/td><\/tr><tr data-start=\"1853\" data-end=\"2104\"><td data-start=\"1853\" data-end=\"1882\" data-col-size=\"md\"><strong data-start=\"1855\" data-end=\"1881\">Jogszab\u00e1lyi tudnival\u00f3k<\/strong><\/td><td data-start=\"1882\" data-end=\"2104\" data-col-size=\"xl\">A puli.hu oldala az elektronikus kereskedelmi jogvita al\u00e1 tartozik; az 2001. \u00e9vi CVIII. tv. \u00e9s az Info tv. hat\u00e1lya al\u00e1 esik; a szolg\u00e1ltat\u00f3 a fel\u00fcgyeleti szervn\u00e9l regisztr\u00e1lt \u00e9s panasz eset\u00e9n el\u00e9rhet\u0151 (<a class=\"cursor-pointer\" target=\"_new\" rel=\"noopener\" data-start=\"2085\" data-end=\"2100\">https:\/\/naih.hu<\/a>).<\/td><\/tr><\/tbody><\/table><\/div><\/div>\t\t\t\t\t\t\t\t<\/div>\n\t\t\t\t\t<\/div>\n\t\t\t\t<\/div>\n\t\t\t\t<\/div>","protected":false},"excerpt":{"rendered":"<p>Impresszum \u2013 Hung\u00e1ria Puli Klub (puli.hu) Mez\u0151 Tartalom Kiad\u00f3 \/ \u00dczemeltet\u0151 Hung\u00e1ria Puli Klub \u2013 regisztr\u00e1lt egyes\u00fclet Sz\u00e9khely 2364 \u00d3csa,\u202f0543\/2\u202fhrs\u202f(ingatlan-nyilv\u00e1ntart\u00e1si helyrajzi sz\u00e1m)\u202f Levelez\u00e9si c\u00edm 1188 Budapest, Lajos u.\u202f5\/b\u202f(az adatv\u00e9delmi t\u00e1j\u00e9koztat\u00f3 szerinti ir\u00e1nyad\u00f3 c\u00edm) Nyilv\u00e1ntart\u00e1si info Bejegyezve a Budapest K\u00f6rny\u00e9ki T\u00f6rv\u00e9nysz\u00e9kn\u00e9l \u2013 13\u201102\u201100002857 nyilv\u00e1ntart\u00e1si sz\u00e1m Ad\u00f3sz\u00e1m 18687666\u20111\u201113\u202f(alap\u00edt\u00f3 tagb\u00e9lyegz\u00e9s: t\u00e1rsadalmi\/adom\u00e1ny k\u00f6zhaszn\u00fa tev\u00e9kenys\u00e9g) Banksz\u00e1mlasz\u00e1m, IBAN OTP Bank: 11716008\u201120167275, [&hellip;]<\/p>","protected":false},"author":1,"featured_media":0,"parent":0,"menu_order":0,"comment_status":"closed","ping_status":"closed","template":"elementor_header_footer","meta":{"iawp_total_views":6,"footnotes":""},"class_list":["post-4615","page","type-page","status-publish","hentry"],"blocksy_meta":[],"yoast_head":"<!-- This site is optimized with the Yoast SEO plugin v26.9 - https:\/\/yoast.com\/product\/yoast-seo-wordpress\/ -->\n<title>Impresszum - Hung\u00e1ria Puli Klub<\/title>\n<meta name=\"robots\" content=\"index, follow, max-snippet:-1, max-image-preview:large, max-video-preview:-1\" \/>\n<link rel=\"canonical\" href=\"https:\/\/puli.hu\/en\/impresszum\/\" \/>\n<meta property=\"og:locale\" content=\"en_GB\" \/>\n<meta property=\"og:type\" content=\"article\" \/>\n<meta property=\"og:title\" content=\"Impresszum - Hung\u00e1ria Puli Klub\" \/>\n<meta property=\"og:description\" content=\"Impresszum \u2013 Hung\u00e1ria Puli Klub (puli.hu) Mez\u0151 Tartalom Kiad\u00f3 \/ \u00dczemeltet\u0151 Hung\u00e1ria Puli Klub \u2013 regisztr\u00e1lt egyes\u00fclet Sz\u00e9khely 2364 \u00d3csa,\u202f0543\/2\u202fhrs\u202f(ingatlan-nyilv\u00e1ntart\u00e1si helyrajzi sz\u00e1m)\u202f Levelez\u00e9si c\u00edm 1188 Budapest, Lajos u.\u202f5\/b\u202f(az adatv\u00e9delmi t\u00e1j\u00e9koztat\u00f3 szerinti ir\u00e1nyad\u00f3 c\u00edm) Nyilv\u00e1ntart\u00e1si info Bejegyezve a Budapest K\u00f6rny\u00e9ki T\u00f6rv\u00e9nysz\u00e9kn\u00e9l \u2013 13\u201102\u201100002857 nyilv\u00e1ntart\u00e1si sz\u00e1m Ad\u00f3sz\u00e1m 18687666\u20111\u201113\u202f(alap\u00edt\u00f3 tagb\u00e9lyegz\u00e9s: t\u00e1rsadalmi\/adom\u00e1ny k\u00f6zhaszn\u00fa tev\u00e9kenys\u00e9g) Banksz\u00e1mlasz\u00e1m, IBAN OTP Bank: 11716008\u201120167275, [&hellip;]\" \/>\n<meta property=\"og:url\" content=\"https:\/\/puli.hu\/en\/impresszum\/\" \/>\n<meta property=\"og:site_name\" content=\"Hung\u00e1ria Puli Klub\" \/>\n<meta property=\"article:modified_time\" content=\"2025-08-04T23:02:09+00:00\" \/>\n<meta name=\"twitter:card\" content=\"summary_large_image\" \/>\n<meta name=\"twitter:label1\" content=\"Estimated reading time\" \/>\n\t<meta name=\"twitter:data1\" content=\"1 minute\" \/>\n<script type=\"application\/ld+json\" class=\"yoast-schema-graph\">{\"@context\":\"https:\/\/schema.org\",\"@graph\":[{\"@type\":\"WebPage\",\"@id\":\"https:\/\/puli.hu\/impresszum\/\",\"url\":\"https:\/\/puli.hu\/impresszum\/\",\"name\":\"Impresszum - Hung\u00e1ria Puli Klub\",\"isPartOf\":{\"@id\":\"https:\/\/puli.hu\/#website\"},\"datePublished\":\"2025-08-04T22:59:53+00:00\",\"dateModified\":\"2025-08-04T23:02:09+00:00\",\"breadcrumb\":{\"@id\":\"https:\/\/puli.hu\/impresszum\/#breadcrumb\"},\"inLanguage\":\"en-GB\",\"potentialAction\":[{\"@type\":\"ReadAction\",\"target\":[\"https:\/\/puli.hu\/impresszum\/\"]}]},{\"@type\":\"BreadcrumbList\",\"@id\":\"https:\/\/puli.hu\/impresszum\/#breadcrumb\",\"itemListElement\":[{\"@type\":\"ListItem\",\"position\":1,\"name\":\"Home\",\"item\":\"https:\/\/puli.hu\/\"},{\"@type\":\"ListItem\",\"position\":2,\"name\":\"Impresszum\"}]},{\"@type\":\"WebSite\",\"@id\":\"https:\/\/puli.hu\/#website\",\"url\":\"https:\/\/puli.hu\/\",\"name\":\"Hung\u00e1ria Puli Klub\",\"description\":\"Puli kutya: hagyom\u00e1ny, gondoz\u00e1s, sport \u00e9s teny\u00e9szt\u00e9s bemutat\u00e1sa.\",\"potentialAction\":[{\"@type\":\"SearchAction\",\"target\":{\"@type\":\"EntryPoint\",\"urlTemplate\":\"https:\/\/puli.hu\/?s={search_term_string}\"},\"query-input\":{\"@type\":\"PropertyValueSpecification\",\"valueRequired\":true,\"valueName\":\"search_term_string\"}}],\"inLanguage\":\"en-GB\"}]}<\/script>\n<!-- \/ Yoast SEO plugin. -->","yoast_head_json":{"title":"Impresszum - Hung\u00e1ria Puli Klub","robots":{"index":"index","follow":"follow","max-snippet":"max-snippet:-1","max-image-preview":"max-image-preview:large","max-video-preview":"max-video-preview:-1"},"canonical":"https:\/\/puli.hu\/en\/impresszum\/","og_locale":"en_GB","og_type":"article","og_title":"Impresszum - Hung\u00e1ria Puli Klub","og_description":"Impresszum \u2013 Hung\u00e1ria Puli Klub (puli.hu) Mez\u0151 Tartalom Kiad\u00f3 \/ \u00dczemeltet\u0151 Hung\u00e1ria Puli Klub \u2013 regisztr\u00e1lt egyes\u00fclet Sz\u00e9khely 2364 \u00d3csa,\u202f0543\/2\u202fhrs\u202f(ingatlan-nyilv\u00e1ntart\u00e1si helyrajzi sz\u00e1m)\u202f Levelez\u00e9si c\u00edm 1188 Budapest, Lajos u.\u202f5\/b\u202f(az adatv\u00e9delmi t\u00e1j\u00e9koztat\u00f3 szerinti ir\u00e1nyad\u00f3 c\u00edm) Nyilv\u00e1ntart\u00e1si info Bejegyezve a Budapest K\u00f6rny\u00e9ki T\u00f6rv\u00e9nysz\u00e9kn\u00e9l \u2013 13\u201102\u201100002857 nyilv\u00e1ntart\u00e1si sz\u00e1m Ad\u00f3sz\u00e1m 18687666\u20111\u201113\u202f(alap\u00edt\u00f3 tagb\u00e9lyegz\u00e9s: t\u00e1rsadalmi\/adom\u00e1ny k\u00f6zhaszn\u00fa tev\u00e9kenys\u00e9g) Banksz\u00e1mlasz\u00e1m, IBAN OTP Bank: 11716008\u201120167275, [&hellip;]","og_url":"https:\/\/puli.hu\/en\/impresszum\/","og_site_name":"Hung\u00e1ria Puli Klub","article_modified_time":"2025-08-04T23:02:09+00:00","twitter_card":"summary_large_image","twitter_misc":{"Estimated reading time":"1 minute"},"schema":{"@context":"https:\/\/schema.org","@graph":[{"@type":"WebPage","@id":"https:\/\/puli.hu\/impresszum\/","url":"https:\/\/puli.hu\/impresszum\/","name":"Impresszum - Hung\u00e1ria Puli Klub","isPartOf":{"@id":"https:\/\/puli.hu\/#website"},"datePublished":"2025-08-04T22:59:53+00:00","dateModified":"2025-08-04T23:02:09+00:00","breadcrumb":{"@id":"https:\/\/puli.hu\/impresszum\/#breadcrumb"},"inLanguage":"en-GB","potentialAction":[{"@type":"ReadAction","target":["https:\/\/puli.hu\/impresszum\/"]}]},{"@type":"BreadcrumbList","@id":"https:\/\/puli.hu\/impresszum\/#breadcrumb","itemListElement":[{"@type":"ListItem","position":1,"name":"Home","item":"https:\/\/puli.hu\/"},{"@type":"ListItem","position":2,"name":"Impresszum"}]},{"@type":"WebSite","@id":"https:\/\/puli.hu\/#website","url":"https:\/\/puli.hu\/","name":"HUNGARIAN PULI CLUB","description":"Puli kutya: hagyom\u00e1ny, gondoz\u00e1s, sport \u00e9s teny\u00e9szt\u00e9s bemutat\u00e1sa.","potentialAction":[{"@type":"SearchAction","target":{"@type":"EntryPoint","urlTemplate":"https:\/\/puli.hu\/?s={search_term_string}"},"query-input":{"@type":"PropertyValueSpecification","valueRequired":true,"valueName":"search_term_string"}}],"inLanguage":"en-GB"}]}},"_links":{"self":[{"href":"https:\/\/puli.hu\/en\/wp-json\/wp\/v2\/pages\/4615","targetHints":{"allow":["GET"]}}],"collection":[{"href":"https:\/\/puli.hu\/en\/wp-json\/wp\/v2\/pages"}],"about":[{"href":"https:\/\/puli.hu\/en\/wp-json\/wp\/v2\/types\/page"}],"author":[{"embeddable":true,"href":"https:\/\/puli.hu\/en\/wp-json\/wp\/v2\/users\/1"}],"replies":[{"embeddable":true,"href":"https:\/\/puli.hu\/en\/wp-json\/wp\/v2\/comments?post=4615"}],"version-history":[{"count":7,"href":"https:\/\/puli.hu\/en\/wp-json\/wp\/v2\/pages\/4615\/revisions"}],"predecessor-version":[{"id":4622,"href":"https:\/\/puli.hu\/en\/wp-json\/wp\/v2\/pages\/4615\/revisions\/4622"}],"wp:attachment":[{"href":"https:\/\/puli.hu\/en\/wp-json\/wp\/v2\/media?parent=4615"}],"curies":[{"name":"wp","href":"https:\/\/api.w.org\/{rel}","templated":true}]}}