{"id":638,"date":"2024-11-29T14:05:23","date_gmt":"2024-11-29T14:05:23","guid":{"rendered":"https:\/\/mystifying-euclid.185-59-211-253.plesk.page\/?page_id=638"},"modified":"2025-06-07T14:11:50","modified_gmt":"2025-06-07T13:11:50","slug":"felugyelo-bizottsag","status":"publish","type":"page","link":"https:\/\/puli.hu\/en\/felugyelo-bizottsag\/","title":{"rendered":"Supervisory Board"},"content":{"rendered":"<div data-elementor-type=\"wp-page\" data-elementor-id=\"638\" class=\"elementor elementor-638\" data-elementor-post-type=\"page\">\n\t\t\t\t\t\t<section class=\"elementor-section elementor-top-section elementor-element elementor-element-3a64973 elementor-section-full_width elementor-section-height-min-height elementor-section-height-default elementor-section-items-middle\" data-id=\"3a64973\" data-element_type=\"section\" data-e-type=\"section\" data-settings=\"{&quot;background_background&quot;:&quot;classic&quot;}\">\n\t\t\t\t\t\t\t<div class=\"elementor-background-overlay\"><\/div>\n\t\t\t\t\t\t\t<div class=\"elementor-container elementor-column-gap-default\">\n\t\t\t\t\t<div class=\"elementor-column elementor-col-100 elementor-top-column elementor-element elementor-element-ec72804\" data-id=\"ec72804\" data-element_type=\"column\" data-e-type=\"column\">\n\t\t\t<div class=\"elementor-widget-wrap elementor-element-populated\">\n\t\t\t\t\t\t<div class=\"elementor-element elementor-element-0ec531b elementor-widget elementor-widget-heading\" data-id=\"0ec531b\" data-element_type=\"widget\" data-e-type=\"widget\" data-widget_type=\"heading.default\">\n\t\t\t\t\t<h2 class=\"elementor-heading-title elementor-size-default\">Supervisory Board<\/h2>\t\t\t\t<\/div>\n\t\t\t\t<div class=\"elementor-element elementor-element-4925315 elementor-widget elementor-widget-text-editor\" data-id=\"4925315\" data-element_type=\"widget\" data-e-type=\"widget\" data-widget_type=\"text-editor.default\">\n\t\t\t\t\t\t\t\t\t<p>Organizational structure \/ Supervisory Board<\/p>\t\t\t\t\t\t\t\t<\/div>\n\t\t\t\t\t<\/div>\n\t\t<\/div>\n\t\t\t\t\t<\/div>\n\t\t<\/section>\n\t\t<div class=\"elementor-element elementor-element-95b1492 e-flex e-con-boxed e-con e-parent\" data-id=\"95b1492\" data-element_type=\"container\" data-e-type=\"container\" data-settings=\"{&quot;background_background&quot;:&quot;classic&quot;}\">\n\t\t\t\t\t<div class=\"e-con-inner\">\n\t\t<div class=\"elementor-element elementor-element-a2f2a8f e-con-full e-flex e-con e-child\" data-id=\"a2f2a8f\" data-element_type=\"container\" data-e-type=\"container\">\n\t\t\t\t<div class=\"elementor-element elementor-element-5e33dfd elementor-widget elementor-widget-image\" data-id=\"5e33dfd\" data-element_type=\"widget\" data-e-type=\"widget\" data-widget_type=\"image.default\">\n\t\t\t\t\t\t\t\t\t\t\t\t\t\t\t<img fetchpriority=\"high\" decoding=\"async\" width=\"1024\" height=\"862\" src=\"https:\/\/puli.hu\/wp-content\/uploads\/2025\/05\/Kata-1024x862.jpg\" class=\"attachment-large size-large wp-image-3576\" alt=\"\" srcset=\"https:\/\/puli.hu\/wp-content\/uploads\/2025\/05\/Kata-1024x862.jpg 1024w, https:\/\/puli.hu\/wp-content\/uploads\/2025\/05\/Kata-300x253.jpg 300w, https:\/\/puli.hu\/wp-content\/uploads\/2025\/05\/Kata-768x647.jpg 768w, https:\/\/puli.hu\/wp-content\/uploads\/2025\/05\/Kata-1536x1293.jpg 1536w, https:\/\/puli.hu\/wp-content\/uploads\/2025\/05\/Kata-2048x1724.jpg 2048w, https:\/\/puli.hu\/wp-content\/uploads\/2025\/05\/Kata-14x12.jpg 14w\" sizes=\"(max-width: 1024px) 100vw, 1024px\" \/>\t\t\t\t\t\t\t\t\t\t\t\t\t\t\t<\/div>\n\t\t<div class=\"elementor-element elementor-element-a3ca4f2 e-con-full e-flex e-con e-child\" data-id=\"a3ca4f2\" data-element_type=\"container\" data-e-type=\"container\">\n\t\t\t\t<div class=\"elementor-element elementor-element-01bf740 elementor-widget elementor-widget-heading\" data-id=\"01bf740\" data-element_type=\"widget\" data-e-type=\"widget\" data-widget_type=\"heading.default\">\n\t\t\t\t\t<h2 class=\"elementor-heading-title elementor-size-default\">President<\/h2>\t\t\t\t<\/div>\n\t\t\t\t<div class=\"elementor-element elementor-element-ba9f263 elementor-widget elementor-widget-heading\" data-id=\"ba9f263\" data-element_type=\"widget\" data-e-type=\"widget\" data-widget_type=\"heading.default\">\n\t\t\t\t\t<h2 class=\"elementor-heading-title elementor-size-default\">Z\u00e1tonyi L\u00e1szl\u00f3 \u00c1rp\u00e1dn\u00e9<\/h2>\t\t\t\t<\/div>\n\t\t\t\t<div class=\"elementor-element elementor-element-734bd79 elementor-icon-list--layout-traditional elementor-list-item-link-full_width elementor-widget elementor-widget-icon-list\" data-id=\"734bd79\" data-element_type=\"widget\" data-e-type=\"widget\" data-widget_type=\"icon-list.default\">\n\t\t\t\t\t\t\t<ul class=\"elementor-icon-list-items\">\n\t\t\t\t\t\t\t<li class=\"elementor-icon-list-item\">\n\t\t\t\t\t\t\t\t\t\t\t<span class=\"elementor-icon-list-icon\">\n\t\t\t\t\t\t\t<svg aria-hidden=\"true\" class=\"e-font-icon-svg e-fas-phone\" viewbox=\"0 0 512 512\" xmlns=\"http:\/\/www.w3.org\/2000\/svg\"><path d=\"M493.4 24.6l-104-24c-11.3-2.6-22.9 3.3-27.5 13.9l-48 112c-4.2 9.8-1.4 21.3 6.9 28l60.6 49.6c-36 76.7-98.9 140.5-177.2 177.2l-49.6-60.6c-6.8-8.3-18.2-11.1-28-6.9l-112 48C3.9 366.5-2 378.1.6 389.4l24 104C27.1 504.2 36.7 512 48 512c256.1 0 464-207.5 464-464 0-11.2-7.7-20.9-18.6-23.4z\"><\/path><\/svg>\t\t\t\t\t\t<\/span>\n\t\t\t\t\t\t\t\t\t\t<span class=\"elementor-icon-list-text\">+36-20-966-1835<\/span>\n\t\t\t\t\t\t\t\t\t<\/li>\n\t\t\t\t\t\t<\/ul>\n\t\t\t\t\t\t<\/div>\n\t\t\t\t<\/div>\n\t\t\t\t<div class=\"elementor-element elementor-element-6cf061e elementor-widget elementor-widget-image\" data-id=\"6cf061e\" data-element_type=\"widget\" data-e-type=\"widget\" data-widget_type=\"image.default\">\n\t\t\t\t\t\t\t\t\t\t\t\t\t\t\t<img decoding=\"async\" width=\"768\" height=\"998\" src=\"https:\/\/puli.hu\/wp-content\/uploads\/2025\/05\/Anett-768x998.jpg\" class=\"attachment-medium_large size-medium_large wp-image-3580\" alt=\"\" srcset=\"https:\/\/puli.hu\/wp-content\/uploads\/2025\/05\/Anett-768x998.jpg 768w, https:\/\/puli.hu\/wp-content\/uploads\/2025\/05\/Anett-231x300.jpg 231w, https:\/\/puli.hu\/wp-content\/uploads\/2025\/05\/Anett-788x1024.jpg 788w, https:\/\/puli.hu\/wp-content\/uploads\/2025\/05\/Anett-1182x1536.jpg 1182w, https:\/\/puli.hu\/wp-content\/uploads\/2025\/05\/Anett-9x12.jpg 9w, https:\/\/puli.hu\/wp-content\/uploads\/2025\/05\/Anett.jpg 1217w\" sizes=\"(max-width: 768px) 100vw, 768px\" \/>\t\t\t\t\t\t\t\t\t\t\t\t\t\t\t<\/div>\n\t\t<div class=\"elementor-element elementor-element-f6a5ae7 e-con-full e-flex e-con e-child\" data-id=\"f6a5ae7\" data-element_type=\"container\" data-e-type=\"container\">\n\t\t\t\t<div class=\"elementor-element elementor-element-fb8de4f elementor-widget elementor-widget-heading\" data-id=\"fb8de4f\" data-element_type=\"widget\" data-e-type=\"widget\" data-widget_type=\"heading.default\">\n\t\t\t\t\t<h2 class=\"elementor-heading-title elementor-size-default\">Member<\/h2>\t\t\t\t<\/div>\n\t\t\t\t<div class=\"elementor-element elementor-element-321f1e7 elementor-widget elementor-widget-heading\" data-id=\"321f1e7\" data-element_type=\"widget\" data-e-type=\"widget\" data-widget_type=\"heading.default\">\n\t\t\t\t\t<h2 class=\"elementor-heading-title elementor-size-default\">Kov\u00e1csn\u00e9 Raffai Anett<\/h2>\t\t\t\t<\/div>\n\t\t\t\t<div class=\"elementor-element elementor-element-269f21d elementor-icon-list--layout-traditional elementor-list-item-link-full_width elementor-widget elementor-widget-icon-list\" data-id=\"269f21d\" data-element_type=\"widget\" data-e-type=\"widget\" data-widget_type=\"icon-list.default\">\n\t\t\t\t\t\t\t<ul class=\"elementor-icon-list-items\">\n\t\t\t\t\t\t\t<li class=\"elementor-icon-list-item\">\n\t\t\t\t\t\t\t\t\t\t\t<span class=\"elementor-icon-list-icon\">\n\t\t\t\t\t\t\t<svg aria-hidden=\"true\" class=\"e-font-icon-svg e-fas-phone\" viewbox=\"0 0 512 512\" xmlns=\"http:\/\/www.w3.org\/2000\/svg\"><path d=\"M493.4 24.6l-104-24c-11.3-2.6-22.9 3.3-27.5 13.9l-48 112c-4.2 9.8-1.4 21.3 6.9 28l60.6 49.6c-36 76.7-98.9 140.5-177.2 177.2l-49.6-60.6c-6.8-8.3-18.2-11.1-28-6.9l-112 48C3.9 366.5-2 378.1.6 389.4l24 104C27.1 504.2 36.7 512 48 512c256.1 0 464-207.5 464-464 0-11.2-7.7-20.9-18.6-23.4z\"><\/path><\/svg>\t\t\t\t\t\t<\/span>\n\t\t\t\t\t\t\t\t\t\t<span class=\"elementor-icon-list-text\">+36-30-437-2142<\/span>\n\t\t\t\t\t\t\t\t\t<\/li>\n\t\t\t\t\t\t<\/ul>\n\t\t\t\t\t\t<\/div>\n\t\t\t\t<\/div>\n\t\t\t\t<\/div>\n\t\t<div class=\"elementor-element elementor-element-77a3297 e-con-full e-flex e-con e-child\" data-id=\"77a3297\" data-element_type=\"container\" data-e-type=\"container\">\n\t\t\t\t<div class=\"elementor-element elementor-element-de81063 elementor-widget elementor-widget-image\" data-id=\"de81063\" data-element_type=\"widget\" data-e-type=\"widget\" data-widget_type=\"image.default\">\n\t\t\t\t\t\t\t\t\t\t\t\t\t\t\t<img decoding=\"async\" width=\"1024\" height=\"768\" src=\"https:\/\/puli.hu\/wp-content\/uploads\/2025\/06\/dr-Burany-Bela-1024x768.jpg\" class=\"attachment-large size-large wp-image-4290\" alt=\"\" srcset=\"https:\/\/puli.hu\/wp-content\/uploads\/2025\/06\/dr-Burany-Bela-1024x768.jpg 1024w, https:\/\/puli.hu\/wp-content\/uploads\/2025\/06\/dr-Burany-Bela-300x225.jpg 300w, https:\/\/puli.hu\/wp-content\/uploads\/2025\/06\/dr-Burany-Bela-768x576.jpg 768w, https:\/\/puli.hu\/wp-content\/uploads\/2025\/06\/dr-Burany-Bela-1536x1152.jpg 1536w, https:\/\/puli.hu\/wp-content\/uploads\/2025\/06\/dr-Burany-Bela-16x12.jpg 16w, https:\/\/puli.hu\/wp-content\/uploads\/2025\/06\/dr-Burany-Bela.jpg 2048w\" sizes=\"(max-width: 1024px) 100vw, 1024px\" \/>\t\t\t\t\t\t\t\t\t\t\t\t\t\t\t<\/div>\n\t\t<div class=\"elementor-element elementor-element-40ed37d e-con-full e-flex e-con e-child\" data-id=\"40ed37d\" data-element_type=\"container\" data-e-type=\"container\">\n\t\t\t\t<div class=\"elementor-element elementor-element-d232509 elementor-widget elementor-widget-heading\" data-id=\"d232509\" data-element_type=\"widget\" data-e-type=\"widget\" data-widget_type=\"heading.default\">\n\t\t\t\t\t<h2 class=\"elementor-heading-title elementor-size-default\">Member<\/h2>\t\t\t\t<\/div>\n\t\t\t\t<div class=\"elementor-element elementor-element-a56b426 elementor-widget elementor-widget-heading\" data-id=\"a56b426\" data-element_type=\"widget\" data-e-type=\"widget\" data-widget_type=\"heading.default\">\n\t\t\t\t\t<h2 class=\"elementor-heading-title elementor-size-default\">Dr. Bur\u00e1ny B\u00e9la<\/h2>\t\t\t\t<\/div>\n\t\t\t\t<div class=\"elementor-element elementor-element-b9369f9 elementor-icon-list--layout-traditional elementor-list-item-link-full_width elementor-widget elementor-widget-icon-list\" data-id=\"b9369f9\" data-element_type=\"widget\" data-e-type=\"widget\" data-widget_type=\"icon-list.default\">\n\t\t\t\t\t\t\t<ul class=\"elementor-icon-list-items\">\n\t\t\t\t\t\t\t<li class=\"elementor-icon-list-item\">\n\t\t\t\t\t\t\t\t\t\t\t<span class=\"elementor-icon-list-icon\">\n\t\t\t\t\t\t\t<svg aria-hidden=\"true\" class=\"e-font-icon-svg e-fas-phone\" viewbox=\"0 0 512 512\" xmlns=\"http:\/\/www.w3.org\/2000\/svg\"><path d=\"M493.4 24.6l-104-24c-11.3-2.6-22.9 3.3-27.5 13.9l-48 112c-4.2 9.8-1.4 21.3 6.9 28l60.6 49.6c-36 76.7-98.9 140.5-177.2 177.2l-49.6-60.6c-6.8-8.3-18.2-11.1-28-6.9l-112 48C3.9 366.5-2 378.1.6 389.4l24 104C27.1 504.2 36.7 512 48 512c256.1 0 464-207.5 464-464 0-11.2-7.7-20.9-18.6-23.4z\"><\/path><\/svg>\t\t\t\t\t\t<\/span>\n\t\t\t\t\t\t\t\t\t\t<span class=\"elementor-icon-list-text\">+36-20-454-4429<\/span>\n\t\t\t\t\t\t\t\t\t<\/li>\n\t\t\t\t\t\t<\/ul>\n\t\t\t\t\t\t<\/div>\n\t\t\t\t<\/div>\n\t\t\t\t<div class=\"elementor-element elementor-element-36aea65 elementor-widget elementor-widget-image\" data-id=\"36aea65\" data-element_type=\"widget\" data-e-type=\"widget\" data-widget_type=\"image.default\">\n\t\t\t\t\t\t\t\t\t\t\t\t\t\t\t<img loading=\"lazy\" decoding=\"async\" width=\"1024\" height=\"682\" src=\"https:\/\/puli.hu\/wp-content\/uploads\/2025\/05\/RL7_7724-1024x682.jpg\" class=\"attachment-large size-large wp-image-3578\" alt=\"\" srcset=\"https:\/\/puli.hu\/wp-content\/uploads\/2025\/05\/RL7_7724-1024x682.jpg 1024w, https:\/\/puli.hu\/wp-content\/uploads\/2025\/05\/RL7_7724-300x200.jpg 300w, https:\/\/puli.hu\/wp-content\/uploads\/2025\/05\/RL7_7724-768x511.jpg 768w, https:\/\/puli.hu\/wp-content\/uploads\/2025\/05\/RL7_7724-1536x1022.jpg 1536w, https:\/\/puli.hu\/wp-content\/uploads\/2025\/05\/RL7_7724-2048x1363.jpg 2048w, https:\/\/puli.hu\/wp-content\/uploads\/2025\/05\/RL7_7724-18x12.jpg 18w\" sizes=\"(max-width: 1024px) 100vw, 1024px\" \/>\t\t\t\t\t\t\t\t\t\t\t\t\t\t\t<\/div>\n\t\t<div class=\"elementor-element elementor-element-5f2daba e-con-full e-flex e-con e-child\" data-id=\"5f2daba\" data-element_type=\"container\" data-e-type=\"container\">\n\t\t\t\t<div class=\"elementor-element elementor-element-1e3664e elementor-widget elementor-widget-heading\" data-id=\"1e3664e\" data-element_type=\"widget\" data-e-type=\"widget\" data-widget_type=\"heading.default\">\n\t\t\t\t\t<h2 class=\"elementor-heading-title elementor-size-default\">Substitute Member<\/h2>\t\t\t\t<\/div>\n\t\t\t\t<div class=\"elementor-element elementor-element-5086da2 elementor-widget elementor-widget-heading\" data-id=\"5086da2\" data-element_type=\"widget\" data-e-type=\"widget\" data-widget_type=\"heading.default\">\n\t\t\t\t\t<h2 class=\"elementor-heading-title elementor-size-default\">K\u00f3r\u00f3di Ildik\u00f3<\/h2>\t\t\t\t<\/div>\n\t\t\t\t<div class=\"elementor-element elementor-element-3e518ae elementor-icon-list--layout-traditional elementor-list-item-link-full_width elementor-widget elementor-widget-icon-list\" data-id=\"3e518ae\" data-element_type=\"widget\" data-e-type=\"widget\" data-widget_type=\"icon-list.default\">\n\t\t\t\t\t\t\t<ul class=\"elementor-icon-list-items\">\n\t\t\t\t\t\t\t<li class=\"elementor-icon-list-item\">\n\t\t\t\t\t\t\t\t\t\t\t<span class=\"elementor-icon-list-icon\">\n\t\t\t\t\t\t\t<svg aria-hidden=\"true\" class=\"e-font-icon-svg e-fas-phone\" viewbox=\"0 0 512 512\" xmlns=\"http:\/\/www.w3.org\/2000\/svg\"><path d=\"M493.4 24.6l-104-24c-11.3-2.6-22.9 3.3-27.5 13.9l-48 112c-4.2 9.8-1.4 21.3 6.9 28l60.6 49.6c-36 76.7-98.9 140.5-177.2 177.2l-49.6-60.6c-6.8-8.3-18.2-11.1-28-6.9l-112 48C3.9 366.5-2 378.1.6 389.4l24 104C27.1 504.2 36.7 512 48 512c256.1 0 464-207.5 464-464 0-11.2-7.7-20.9-18.6-23.4z\"><\/path><\/svg>\t\t\t\t\t\t<\/span>\n\t\t\t\t\t\t\t\t\t\t<span class=\"elementor-icon-list-text\">+36-30-575-8376<\/span>\n\t\t\t\t\t\t\t\t\t<\/li>\n\t\t\t\t\t\t<\/ul>\n\t\t\t\t\t\t<\/div>\n\t\t\t\t<\/div>\n\t\t\t\t<\/div>\n\t\t\t\t\t<\/div>\n\t\t\t\t<\/div>\n\t\t\t\t<\/div>","protected":false},"excerpt":{"rendered":"<p>Fel\u00fcgyel\u0151 bizotts\u00e1g Szervezeti fel\u00e9p\u00edt\u00e9s \/ Fel\u00fcgyel\u0151 bizotts\u00e1g Eln\u00f6k Z\u00e1tonyi L\u00e1szl\u00f3 \u00c1rp\u00e1dn\u00e9 +36-20-966-1835 Tag Kov\u00e1csn\u00e9 Raffai Anett +36-30-437-2142 Tag Dr. Bur\u00e1ny B\u00e9la +36-20-454-4429 P\u00f3ttag K\u00f3r\u00f3di Ildik\u00f3 +36-30-575-8376<\/p>","protected":false},"author":1,"featured_media":0,"parent":0,"menu_order":0,"comment_status":"closed","ping_status":"closed","template":"elementor_header_footer","meta":{"iawp_total_views":100,"footnotes":""},"class_list":["post-638","page","type-page","status-publish","hentry"],"blocksy_meta":[],"yoast_head":"<!-- This site is optimized with the Yoast SEO plugin v26.9 - https:\/\/yoast.com\/product\/yoast-seo-wordpress\/ -->\n<title>Fel\u00fcgyel\u0151 bizotts\u00e1g - Hung\u00e1ria Puli Klub<\/title>\n<meta name=\"robots\" content=\"index, follow, max-snippet:-1, max-image-preview:large, max-video-preview:-1\" \/>\n<link rel=\"canonical\" href=\"https:\/\/puli.hu\/en\/felugyelo-bizottsag\/\" \/>\n<meta property=\"og:locale\" content=\"en_GB\" \/>\n<meta property=\"og:type\" content=\"article\" \/>\n<meta property=\"og:title\" content=\"Fel\u00fcgyel\u0151 bizotts\u00e1g - Hung\u00e1ria Puli Klub\" \/>\n<meta property=\"og:description\" content=\"Fel\u00fcgyel\u0151 bizotts\u00e1g Szervezeti fel\u00e9p\u00edt\u00e9s \/ Fel\u00fcgyel\u0151 bizotts\u00e1g Eln\u00f6k Z\u00e1tonyi L\u00e1szl\u00f3 \u00c1rp\u00e1dn\u00e9 +36-20-966-1835 Tag Kov\u00e1csn\u00e9 Raffai Anett +36-30-437-2142 Tag Dr. Bur\u00e1ny B\u00e9la +36-20-454-4429 P\u00f3ttag K\u00f3r\u00f3di Ildik\u00f3 +36-30-575-8376\" \/>\n<meta property=\"og:url\" content=\"https:\/\/puli.hu\/en\/felugyelo-bizottsag\/\" \/>\n<meta property=\"og:site_name\" content=\"Hung\u00e1ria Puli Klub\" \/>\n<meta property=\"article:modified_time\" content=\"2025-06-07T13:11:50+00:00\" \/>\n<meta property=\"og:image\" content=\"https:\/\/puli.hu\/wp-content\/uploads\/2025\/05\/Kata.jpg\" \/>\n\t<meta property=\"og:image:width\" content=\"2352\" \/>\n\t<meta property=\"og:image:height\" content=\"1980\" \/>\n\t<meta property=\"og:image:type\" content=\"image\/jpeg\" \/>\n<meta name=\"twitter:card\" content=\"summary_large_image\" \/>\n<meta name=\"twitter:label1\" content=\"Estimated reading time\" \/>\n\t<meta name=\"twitter:data1\" content=\"1 minute\" \/>\n<script type=\"application\/ld+json\" class=\"yoast-schema-graph\">{\"@context\":\"https:\/\/schema.org\",\"@graph\":[{\"@type\":\"WebPage\",\"@id\":\"https:\/\/puli.hu\/felugyelo-bizottsag\/\",\"url\":\"https:\/\/puli.hu\/felugyelo-bizottsag\/\",\"name\":\"Fel\u00fcgyel\u0151 bizotts\u00e1g - Hung\u00e1ria Puli Klub\",\"isPartOf\":{\"@id\":\"https:\/\/puli.hu\/#website\"},\"primaryImageOfPage\":{\"@id\":\"https:\/\/puli.hu\/felugyelo-bizottsag\/#primaryimage\"},\"image\":{\"@id\":\"https:\/\/puli.hu\/felugyelo-bizottsag\/#primaryimage\"},\"thumbnailUrl\":\"https:\/\/puli.hu\/wp-content\/uploads\/2025\/05\/Kata-1024x862.jpg\",\"datePublished\":\"2024-11-29T14:05:23+00:00\",\"dateModified\":\"2025-06-07T13:11:50+00:00\",\"breadcrumb\":{\"@id\":\"https:\/\/puli.hu\/felugyelo-bizottsag\/#breadcrumb\"},\"inLanguage\":\"en-GB\",\"potentialAction\":[{\"@type\":\"ReadAction\",\"target\":[\"https:\/\/puli.hu\/felugyelo-bizottsag\/\"]}]},{\"@type\":\"ImageObject\",\"inLanguage\":\"en-GB\",\"@id\":\"https:\/\/puli.hu\/felugyelo-bizottsag\/#primaryimage\",\"url\":\"https:\/\/puli.hu\/wp-content\/uploads\/2025\/05\/Kata-1024x862.jpg\",\"contentUrl\":\"https:\/\/puli.hu\/wp-content\/uploads\/2025\/05\/Kata-1024x862.jpg\"},{\"@type\":\"BreadcrumbList\",\"@id\":\"https:\/\/puli.hu\/felugyelo-bizottsag\/#breadcrumb\",\"itemListElement\":[{\"@type\":\"ListItem\",\"position\":1,\"name\":\"Home\",\"item\":\"https:\/\/puli.hu\/\"},{\"@type\":\"ListItem\",\"position\":2,\"name\":\"Fel\u00fcgyel\u0151 bizotts\u00e1g\"}]},{\"@type\":\"WebSite\",\"@id\":\"https:\/\/puli.hu\/#website\",\"url\":\"https:\/\/puli.hu\/\",\"name\":\"Hung\u00e1ria Puli Klub\",\"description\":\"Puli kutya: hagyom\u00e1ny, gondoz\u00e1s, sport \u00e9s teny\u00e9szt\u00e9s bemutat\u00e1sa.\",\"potentialAction\":[{\"@type\":\"SearchAction\",\"target\":{\"@type\":\"EntryPoint\",\"urlTemplate\":\"https:\/\/puli.hu\/?s={search_term_string}\"},\"query-input\":{\"@type\":\"PropertyValueSpecification\",\"valueRequired\":true,\"valueName\":\"search_term_string\"}}],\"inLanguage\":\"en-GB\"}]}<\/script>\n<!-- \/ Yoast SEO plugin. -->","yoast_head_json":{"title":"Fel\u00fcgyel\u0151 bizotts\u00e1g - Hung\u00e1ria Puli Klub","robots":{"index":"index","follow":"follow","max-snippet":"max-snippet:-1","max-image-preview":"max-image-preview:large","max-video-preview":"max-video-preview:-1"},"canonical":"https:\/\/puli.hu\/en\/felugyelo-bizottsag\/","og_locale":"en_GB","og_type":"article","og_title":"Fel\u00fcgyel\u0151 bizotts\u00e1g - Hung\u00e1ria Puli Klub","og_description":"Fel\u00fcgyel\u0151 bizotts\u00e1g Szervezeti fel\u00e9p\u00edt\u00e9s \/ Fel\u00fcgyel\u0151 bizotts\u00e1g Eln\u00f6k Z\u00e1tonyi L\u00e1szl\u00f3 \u00c1rp\u00e1dn\u00e9 +36-20-966-1835 Tag Kov\u00e1csn\u00e9 Raffai Anett +36-30-437-2142 Tag Dr. Bur\u00e1ny B\u00e9la +36-20-454-4429 P\u00f3ttag K\u00f3r\u00f3di Ildik\u00f3 +36-30-575-8376","og_url":"https:\/\/puli.hu\/en\/felugyelo-bizottsag\/","og_site_name":"Hung\u00e1ria Puli Klub","article_modified_time":"2025-06-07T13:11:50+00:00","og_image":[{"width":2352,"height":1980,"url":"https:\/\/puli.hu\/wp-content\/uploads\/2025\/05\/Kata.jpg","type":"image\/jpeg"}],"twitter_card":"summary_large_image","twitter_misc":{"Estimated reading time":"1 minute"},"schema":{"@context":"https:\/\/schema.org","@graph":[{"@type":"WebPage","@id":"https:\/\/puli.hu\/felugyelo-bizottsag\/","url":"https:\/\/puli.hu\/felugyelo-bizottsag\/","name":"Fel\u00fcgyel\u0151 bizotts\u00e1g - Hung\u00e1ria Puli Klub","isPartOf":{"@id":"https:\/\/puli.hu\/#website"},"primaryImageOfPage":{"@id":"https:\/\/puli.hu\/felugyelo-bizottsag\/#primaryimage"},"image":{"@id":"https:\/\/puli.hu\/felugyelo-bizottsag\/#primaryimage"},"thumbnailUrl":"https:\/\/puli.hu\/wp-content\/uploads\/2025\/05\/Kata-1024x862.jpg","datePublished":"2024-11-29T14:05:23+00:00","dateModified":"2025-06-07T13:11:50+00:00","breadcrumb":{"@id":"https:\/\/puli.hu\/felugyelo-bizottsag\/#breadcrumb"},"inLanguage":"en-GB","potentialAction":[{"@type":"ReadAction","target":["https:\/\/puli.hu\/felugyelo-bizottsag\/"]}]},{"@type":"ImageObject","inLanguage":"en-GB","@id":"https:\/\/puli.hu\/felugyelo-bizottsag\/#primaryimage","url":"https:\/\/puli.hu\/wp-content\/uploads\/2025\/05\/Kata-1024x862.jpg","contentUrl":"https:\/\/puli.hu\/wp-content\/uploads\/2025\/05\/Kata-1024x862.jpg"},{"@type":"BreadcrumbList","@id":"https:\/\/puli.hu\/felugyelo-bizottsag\/#breadcrumb","itemListElement":[{"@type":"ListItem","position":1,"name":"Home","item":"https:\/\/puli.hu\/"},{"@type":"ListItem","position":2,"name":"Fel\u00fcgyel\u0151 bizotts\u00e1g"}]},{"@type":"WebSite","@id":"https:\/\/puli.hu\/#website","url":"https:\/\/puli.hu\/","name":"HUNGARIAN PULI CLUB","description":"Puli kutya: hagyom\u00e1ny, gondoz\u00e1s, sport \u00e9s teny\u00e9szt\u00e9s bemutat\u00e1sa.","potentialAction":[{"@type":"SearchAction","target":{"@type":"EntryPoint","urlTemplate":"https:\/\/puli.hu\/?s={search_term_string}"},"query-input":{"@type":"PropertyValueSpecification","valueRequired":true,"valueName":"search_term_string"}}],"inLanguage":"en-GB"}]}},"_links":{"self":[{"href":"https:\/\/puli.hu\/en\/wp-json\/wp\/v2\/pages\/638","targetHints":{"allow":["GET"]}}],"collection":[{"href":"https:\/\/puli.hu\/en\/wp-json\/wp\/v2\/pages"}],"about":[{"href":"https:\/\/puli.hu\/en\/wp-json\/wp\/v2\/types\/page"}],"author":[{"embeddable":true,"href":"https:\/\/puli.hu\/en\/wp-json\/wp\/v2\/users\/1"}],"replies":[{"embeddable":true,"href":"https:\/\/puli.hu\/en\/wp-json\/wp\/v2\/comments?post=638"}],"version-history":[{"count":0,"href":"https:\/\/puli.hu\/en\/wp-json\/wp\/v2\/pages\/638\/revisions"}],"wp:attachment":[{"href":"https:\/\/puli.hu\/en\/wp-json\/wp\/v2\/media?parent=638"}],"curies":[{"name":"wp","href":"https:\/\/api.w.org\/{rel}","templated":true}]}}