{"id":647,"date":"2024-11-29T14:29:33","date_gmt":"2024-11-29T14:29:33","guid":{"rendered":"https:\/\/mystifying-euclid.185-59-211-253.plesk.page\/?page_id=647"},"modified":"2025-06-07T14:12:20","modified_gmt":"2025-06-07T13:12:20","slug":"etikai-es-fegyelmi-bizottsag","status":"publish","type":"page","link":"https:\/\/puli.hu\/en\/etikai-es-fegyelmi-bizottsag\/","title":{"rendered":"Etikai \u00e9s Fegyelmi bizotts\u00e1g"},"content":{"rendered":"<div data-elementor-type=\"wp-page\" data-elementor-id=\"647\" class=\"elementor elementor-647\" data-elementor-post-type=\"page\">\n\t\t\t\t\t\t<section class=\"elementor-section elementor-top-section elementor-element elementor-element-c36004f elementor-section-full_width elementor-section-height-min-height elementor-section-height-default elementor-section-items-middle\" data-id=\"c36004f\" data-element_type=\"section\" data-e-type=\"section\" data-settings=\"{&quot;background_background&quot;:&quot;classic&quot;}\">\n\t\t\t\t\t\t\t<div class=\"elementor-background-overlay\"><\/div>\n\t\t\t\t\t\t\t<div class=\"elementor-container elementor-column-gap-default\">\n\t\t\t\t\t<div class=\"elementor-column elementor-col-100 elementor-top-column elementor-element elementor-element-5a2f5e9\" data-id=\"5a2f5e9\" data-element_type=\"column\" data-e-type=\"column\">\n\t\t\t<div class=\"elementor-widget-wrap elementor-element-populated\">\n\t\t\t\t\t\t<div class=\"elementor-element elementor-element-db97e48 elementor-widget elementor-widget-heading\" data-id=\"db97e48\" data-element_type=\"widget\" data-e-type=\"widget\" data-widget_type=\"heading.default\">\n\t\t\t\t\t<h2 class=\"elementor-heading-title elementor-size-default\">Ethics and Disciplinary Committee<\/h2>\t\t\t\t<\/div>\n\t\t\t\t<div class=\"elementor-element elementor-element-e1fbb2c elementor-widget elementor-widget-text-editor\" data-id=\"e1fbb2c\" data-element_type=\"widget\" data-e-type=\"widget\" data-widget_type=\"text-editor.default\">\n\t\t\t\t\t\t\t\t\t<p>Organizational structure \/ Ethics and Disciplinary Committee<\/p>\t\t\t\t\t\t\t\t<\/div>\n\t\t\t\t\t<\/div>\n\t\t<\/div>\n\t\t\t\t\t<\/div>\n\t\t<\/section>\n\t\t<div class=\"elementor-element elementor-element-c560939 e-flex e-con-boxed e-con e-parent\" data-id=\"c560939\" data-element_type=\"container\" data-e-type=\"container\" data-settings=\"{&quot;background_background&quot;:&quot;classic&quot;}\">\n\t\t\t\t\t<div class=\"e-con-inner\">\n\t\t<div class=\"elementor-element elementor-element-efd5ef8 e-con-full e-flex e-con e-child\" data-id=\"efd5ef8\" data-element_type=\"container\" data-e-type=\"container\">\n\t\t\t\t<div class=\"elementor-element elementor-element-ad95e82 elementor-widget elementor-widget-image\" data-id=\"ad95e82\" data-element_type=\"widget\" data-e-type=\"widget\" data-widget_type=\"image.default\">\n\t\t\t\t\t\t\t\t\t\t\t\t\t\t\t<img fetchpriority=\"high\" decoding=\"async\" width=\"1024\" height=\"720\" src=\"https:\/\/puli.hu\/wp-content\/uploads\/2025\/05\/DSC_0685-1024x720.jpg\" class=\"attachment-large size-large wp-image-3572\" alt=\"\" srcset=\"https:\/\/puli.hu\/wp-content\/uploads\/2025\/05\/DSC_0685-1024x720.jpg 1024w, https:\/\/puli.hu\/wp-content\/uploads\/2025\/05\/DSC_0685-300x211.jpg 300w, https:\/\/puli.hu\/wp-content\/uploads\/2025\/05\/DSC_0685-768x540.jpg 768w, https:\/\/puli.hu\/wp-content\/uploads\/2025\/05\/DSC_0685-1536x1081.jpg 1536w, https:\/\/puli.hu\/wp-content\/uploads\/2025\/05\/DSC_0685-2048x1441.jpg 2048w, https:\/\/puli.hu\/wp-content\/uploads\/2025\/05\/DSC_0685-18x12.jpg 18w\" sizes=\"(max-width: 1024px) 100vw, 1024px\" \/>\t\t\t\t\t\t\t\t\t\t\t\t\t\t\t<\/div>\n\t\t<div class=\"elementor-element elementor-element-4f35c4c e-con-full e-flex e-con e-child\" data-id=\"4f35c4c\" data-element_type=\"container\" data-e-type=\"container\">\n\t\t\t\t<div class=\"elementor-element elementor-element-8e319a5 elementor-widget elementor-widget-heading\" data-id=\"8e319a5\" data-element_type=\"widget\" data-e-type=\"widget\" data-widget_type=\"heading.default\">\n\t\t\t\t\t<h2 class=\"elementor-heading-title elementor-size-default\">President<\/h2>\t\t\t\t<\/div>\n\t\t\t\t<div class=\"elementor-element elementor-element-fb0d0c7 elementor-widget elementor-widget-heading\" data-id=\"fb0d0c7\" data-element_type=\"widget\" data-e-type=\"widget\" data-widget_type=\"heading.default\">\n\t\t\t\t\t<h2 class=\"elementor-heading-title elementor-size-default\">Dr. Babk\u00f3 Norbert<\/h2>\t\t\t\t<\/div>\n\t\t\t\t<div class=\"elementor-element elementor-element-4a937c7 elementor-icon-list--layout-traditional elementor-list-item-link-full_width elementor-widget elementor-widget-icon-list\" data-id=\"4a937c7\" data-element_type=\"widget\" data-e-type=\"widget\" data-widget_type=\"icon-list.default\">\n\t\t\t\t\t\t\t<ul class=\"elementor-icon-list-items\">\n\t\t\t\t\t\t\t<li class=\"elementor-icon-list-item\">\n\t\t\t\t\t\t\t\t\t\t\t<span class=\"elementor-icon-list-icon\">\n\t\t\t\t\t\t\t<svg aria-hidden=\"true\" class=\"e-font-icon-svg e-fas-phone\" viewbox=\"0 0 512 512\" xmlns=\"http:\/\/www.w3.org\/2000\/svg\"><path d=\"M493.4 24.6l-104-24c-11.3-2.6-22.9 3.3-27.5 13.9l-48 112c-4.2 9.8-1.4 21.3 6.9 28l60.6 49.6c-36 76.7-98.9 140.5-177.2 177.2l-49.6-60.6c-6.8-8.3-18.2-11.1-28-6.9l-112 48C3.9 366.5-2 378.1.6 389.4l24 104C27.1 504.2 36.7 512 48 512c256.1 0 464-207.5 464-464 0-11.2-7.7-20.9-18.6-23.4z\"><\/path><\/svg>\t\t\t\t\t\t<\/span>\n\t\t\t\t\t\t\t\t\t\t<span class=\"elementor-icon-list-text\">+36-20-480-5657<\/span>\n\t\t\t\t\t\t\t\t\t<\/li>\n\t\t\t\t\t\t<\/ul>\n\t\t\t\t\t\t<\/div>\n\t\t\t\t<\/div>\n\t\t\t\t<div class=\"elementor-element elementor-element-8581fe2 elementor-widget elementor-widget-image\" data-id=\"8581fe2\" data-element_type=\"widget\" data-e-type=\"widget\" data-widget_type=\"image.default\">\n\t\t\t\t\t\t\t\t\t\t\t\t\t\t\t<img decoding=\"async\" width=\"1024\" height=\"722\" src=\"https:\/\/puli.hu\/wp-content\/uploads\/2025\/05\/Bogancs-1024x722.jpg\" class=\"attachment-large size-large wp-image-3570\" alt=\"\" srcset=\"https:\/\/puli.hu\/wp-content\/uploads\/2025\/05\/Bogancs-1024x722.jpg 1024w, https:\/\/puli.hu\/wp-content\/uploads\/2025\/05\/Bogancs-300x212.jpg 300w, https:\/\/puli.hu\/wp-content\/uploads\/2025\/05\/Bogancs-768x542.jpg 768w, https:\/\/puli.hu\/wp-content\/uploads\/2025\/05\/Bogancs-1536x1083.jpg 1536w, https:\/\/puli.hu\/wp-content\/uploads\/2025\/05\/Bogancs-18x12.jpg 18w, https:\/\/puli.hu\/wp-content\/uploads\/2025\/05\/Bogancs.jpg 2048w\" sizes=\"(max-width: 1024px) 100vw, 1024px\" \/>\t\t\t\t\t\t\t\t\t\t\t\t\t\t\t<\/div>\n\t\t<div class=\"elementor-element elementor-element-9817105 e-con-full e-flex e-con e-child\" data-id=\"9817105\" data-element_type=\"container\" data-e-type=\"container\">\n\t\t\t\t<div class=\"elementor-element elementor-element-430c5d2 elementor-widget elementor-widget-heading\" data-id=\"430c5d2\" data-element_type=\"widget\" data-e-type=\"widget\" data-widget_type=\"heading.default\">\n\t\t\t\t\t<h2 class=\"elementor-heading-title elementor-size-default\">Member<\/h2>\t\t\t\t<\/div>\n\t\t\t\t<div class=\"elementor-element elementor-element-a2ec70f elementor-widget elementor-widget-heading\" data-id=\"a2ec70f\" data-element_type=\"widget\" data-e-type=\"widget\" data-widget_type=\"heading.default\">\n\t\t\t\t\t<h2 class=\"elementor-heading-title elementor-size-default\">Doh\u00e1nyn\u00e9 N\u00e9meth Enik\u0151<\/h2>\t\t\t\t<\/div>\n\t\t\t\t<div class=\"elementor-element elementor-element-5d68d97 elementor-icon-list--layout-traditional elementor-list-item-link-full_width elementor-widget elementor-widget-icon-list\" data-id=\"5d68d97\" data-element_type=\"widget\" data-e-type=\"widget\" data-widget_type=\"icon-list.default\">\n\t\t\t\t\t\t\t<ul class=\"elementor-icon-list-items\">\n\t\t\t\t\t\t\t<li class=\"elementor-icon-list-item\">\n\t\t\t\t\t\t\t\t\t\t\t<span class=\"elementor-icon-list-icon\">\n\t\t\t\t\t\t\t<svg aria-hidden=\"true\" class=\"e-font-icon-svg e-fas-phone\" viewbox=\"0 0 512 512\" xmlns=\"http:\/\/www.w3.org\/2000\/svg\"><path d=\"M493.4 24.6l-104-24c-11.3-2.6-22.9 3.3-27.5 13.9l-48 112c-4.2 9.8-1.4 21.3 6.9 28l60.6 49.6c-36 76.7-98.9 140.5-177.2 177.2l-49.6-60.6c-6.8-8.3-18.2-11.1-28-6.9l-112 48C3.9 366.5-2 378.1.6 389.4l24 104C27.1 504.2 36.7 512 48 512c256.1 0 464-207.5 464-464 0-11.2-7.7-20.9-18.6-23.4z\"><\/path><\/svg>\t\t\t\t\t\t<\/span>\n\t\t\t\t\t\t\t\t\t\t<span class=\"elementor-icon-list-text\">+36-30-559-7430<\/span>\n\t\t\t\t\t\t\t\t\t<\/li>\n\t\t\t\t\t\t<\/ul>\n\t\t\t\t\t\t<\/div>\n\t\t\t\t<\/div>\n\t\t\t\t<\/div>\n\t\t<div class=\"elementor-element elementor-element-b4deb0e e-con-full e-flex e-con e-child\" data-id=\"b4deb0e\" data-element_type=\"container\" data-e-type=\"container\">\n\t\t\t\t<div class=\"elementor-element elementor-element-32a40dd elementor-widget elementor-widget-image\" data-id=\"32a40dd\" data-element_type=\"widget\" data-e-type=\"widget\" data-widget_type=\"image.default\">\n\t\t\t\t\t\t\t\t\t\t\t\t\t\t\t<img decoding=\"async\" width=\"865\" height=\"744\" src=\"https:\/\/puli.hu\/wp-content\/uploads\/2024\/11\/Veres-Zsolt.jpg\" class=\"attachment-large size-large wp-image-3556\" alt=\"\" srcset=\"https:\/\/puli.hu\/wp-content\/uploads\/2024\/11\/Veres-Zsolt.jpg 865w, https:\/\/puli.hu\/wp-content\/uploads\/2024\/11\/Veres-Zsolt-300x258.jpg 300w, https:\/\/puli.hu\/wp-content\/uploads\/2024\/11\/Veres-Zsolt-768x661.jpg 768w, https:\/\/puli.hu\/wp-content\/uploads\/2024\/11\/Veres-Zsolt-14x12.jpg 14w\" sizes=\"(max-width: 865px) 100vw, 865px\" \/>\t\t\t\t\t\t\t\t\t\t\t\t\t\t\t<\/div>\n\t\t<div class=\"elementor-element elementor-element-3785a96 e-con-full e-flex e-con e-child\" data-id=\"3785a96\" data-element_type=\"container\" data-e-type=\"container\">\n\t\t\t\t<div class=\"elementor-element elementor-element-cddf819 elementor-widget elementor-widget-heading\" data-id=\"cddf819\" data-element_type=\"widget\" data-e-type=\"widget\" data-widget_type=\"heading.default\">\n\t\t\t\t\t<h2 class=\"elementor-heading-title elementor-size-default\">Member<\/h2>\t\t\t\t<\/div>\n\t\t\t\t<div class=\"elementor-element elementor-element-f7846e1 elementor-widget elementor-widget-heading\" data-id=\"f7846e1\" data-element_type=\"widget\" data-e-type=\"widget\" data-widget_type=\"heading.default\">\n\t\t\t\t\t<h2 class=\"elementor-heading-title elementor-size-default\">Veres Zsolt<\/h2>\t\t\t\t<\/div>\n\t\t\t\t<div class=\"elementor-element elementor-element-f8c4c58 elementor-icon-list--layout-traditional elementor-list-item-link-full_width elementor-widget elementor-widget-icon-list\" data-id=\"f8c4c58\" data-element_type=\"widget\" data-e-type=\"widget\" data-widget_type=\"icon-list.default\">\n\t\t\t\t\t\t\t<ul class=\"elementor-icon-list-items\">\n\t\t\t\t\t\t\t<li class=\"elementor-icon-list-item\">\n\t\t\t\t\t\t\t\t\t\t\t<span class=\"elementor-icon-list-icon\">\n\t\t\t\t\t\t\t<svg aria-hidden=\"true\" class=\"e-font-icon-svg e-fas-phone\" viewbox=\"0 0 512 512\" xmlns=\"http:\/\/www.w3.org\/2000\/svg\"><path d=\"M493.4 24.6l-104-24c-11.3-2.6-22.9 3.3-27.5 13.9l-48 112c-4.2 9.8-1.4 21.3 6.9 28l60.6 49.6c-36 76.7-98.9 140.5-177.2 177.2l-49.6-60.6c-6.8-8.3-18.2-11.1-28-6.9l-112 48C3.9 366.5-2 378.1.6 389.4l24 104C27.1 504.2 36.7 512 48 512c256.1 0 464-207.5 464-464 0-11.2-7.7-20.9-18.6-23.4z\"><\/path><\/svg>\t\t\t\t\t\t<\/span>\n\t\t\t\t\t\t\t\t\t\t<span class=\"elementor-icon-list-text\">+36-30-488-1705<\/span>\n\t\t\t\t\t\t\t\t\t<\/li>\n\t\t\t\t\t\t<\/ul>\n\t\t\t\t\t\t<\/div>\n\t\t\t\t<\/div>\n\t\t\t\t<div class=\"elementor-element elementor-element-3f86386 elementor-widget elementor-widget-image\" data-id=\"3f86386\" data-element_type=\"widget\" data-e-type=\"widget\" data-widget_type=\"image.default\">\n\t\t\t\t\t\t\t\t\t\t\t\t\t\t\t<img loading=\"lazy\" decoding=\"async\" width=\"1024\" height=\"827\" src=\"https:\/\/puli.hu\/wp-content\/uploads\/2025\/05\/DSC_4308_00138-1024x827.jpg\" class=\"attachment-large size-large wp-image-3571\" alt=\"\" srcset=\"https:\/\/puli.hu\/wp-content\/uploads\/2025\/05\/DSC_4308_00138-1024x827.jpg 1024w, https:\/\/puli.hu\/wp-content\/uploads\/2025\/05\/DSC_4308_00138-300x242.jpg 300w, https:\/\/puli.hu\/wp-content\/uploads\/2025\/05\/DSC_4308_00138-768x620.jpg 768w, https:\/\/puli.hu\/wp-content\/uploads\/2025\/05\/DSC_4308_00138-1536x1240.jpg 1536w, https:\/\/puli.hu\/wp-content\/uploads\/2025\/05\/DSC_4308_00138-2048x1654.jpg 2048w, https:\/\/puli.hu\/wp-content\/uploads\/2025\/05\/DSC_4308_00138-15x12.jpg 15w\" sizes=\"(max-width: 1024px) 100vw, 1024px\" \/>\t\t\t\t\t\t\t\t\t\t\t\t\t\t\t<\/div>\n\t\t<div class=\"elementor-element elementor-element-98ee28b e-con-full e-flex e-con e-child\" data-id=\"98ee28b\" data-element_type=\"container\" data-e-type=\"container\">\n\t\t\t\t<div class=\"elementor-element elementor-element-5921b7f elementor-widget elementor-widget-heading\" data-id=\"5921b7f\" data-element_type=\"widget\" data-e-type=\"widget\" data-widget_type=\"heading.default\">\n\t\t\t\t\t<h2 class=\"elementor-heading-title elementor-size-default\">Substitute Member<\/h2>\t\t\t\t<\/div>\n\t\t\t\t<div class=\"elementor-element elementor-element-0a12e79 elementor-widget elementor-widget-heading\" data-id=\"0a12e79\" data-element_type=\"widget\" data-e-type=\"widget\" data-widget_type=\"heading.default\">\n\t\t\t\t\t<h2 class=\"elementor-heading-title elementor-size-default\">Hajdu Judit<\/h2>\t\t\t\t<\/div>\n\t\t\t\t<div class=\"elementor-element elementor-element-9abe759 elementor-icon-list--layout-traditional elementor-list-item-link-full_width elementor-widget elementor-widget-icon-list\" data-id=\"9abe759\" data-element_type=\"widget\" data-e-type=\"widget\" data-widget_type=\"icon-list.default\">\n\t\t\t\t\t\t\t<ul class=\"elementor-icon-list-items\">\n\t\t\t\t\t\t\t<li class=\"elementor-icon-list-item\">\n\t\t\t\t\t\t\t\t\t\t\t<span class=\"elementor-icon-list-icon\">\n\t\t\t\t\t\t\t<svg aria-hidden=\"true\" class=\"e-font-icon-svg e-fas-phone\" viewbox=\"0 0 512 512\" xmlns=\"http:\/\/www.w3.org\/2000\/svg\"><path d=\"M493.4 24.6l-104-24c-11.3-2.6-22.9 3.3-27.5 13.9l-48 112c-4.2 9.8-1.4 21.3 6.9 28l60.6 49.6c-36 76.7-98.9 140.5-177.2 177.2l-49.6-60.6c-6.8-8.3-18.2-11.1-28-6.9l-112 48C3.9 366.5-2 378.1.6 389.4l24 104C27.1 504.2 36.7 512 48 512c256.1 0 464-207.5 464-464 0-11.2-7.7-20.9-18.6-23.4z\"><\/path><\/svg>\t\t\t\t\t\t<\/span>\n\t\t\t\t\t\t\t\t\t\t<span class=\"elementor-icon-list-text\">+36-30-433-8439<\/span>\n\t\t\t\t\t\t\t\t\t<\/li>\n\t\t\t\t\t\t<\/ul>\n\t\t\t\t\t\t<\/div>\n\t\t\t\t<\/div>\n\t\t\t\t<\/div>\n\t\t\t\t\t<\/div>\n\t\t\t\t<\/div>\n\t\t\t\t<\/div>","protected":false},"excerpt":{"rendered":"<p>Etikai \u00e9s Fegyelmi Bizotts\u00e1g Szervezeti fel\u00e9p\u00edt\u00e9s \/ Etikai \u00e9s Fegyelmi bizotts\u00e1g Eln\u00f6k Dr. Babk\u00f3 Norbert +36-20-480-5657 Tag Doh\u00e1nyn\u00e9 N\u00e9meth Enik\u0151 +36-30-559-7430 Tag Veres Zsolt +36-30-488-1705 P\u00f3ttag Hajdu Judit +36-30-433-8439<\/p>","protected":false},"author":1,"featured_media":0,"parent":0,"menu_order":0,"comment_status":"closed","ping_status":"closed","template":"elementor_header_footer","meta":{"iawp_total_views":64,"footnotes":""},"class_list":["post-647","page","type-page","status-publish","hentry"],"blocksy_meta":[],"yoast_head":"<!-- This site is optimized with the Yoast SEO plugin v26.9 - https:\/\/yoast.com\/product\/yoast-seo-wordpress\/ -->\n<title>Etikai \u00e9s Fegyelmi bizotts\u00e1g - Hung\u00e1ria Puli Klub<\/title>\n<meta name=\"robots\" content=\"index, follow, max-snippet:-1, max-image-preview:large, max-video-preview:-1\" \/>\n<link rel=\"canonical\" href=\"https:\/\/puli.hu\/en\/etikai-es-fegyelmi-bizottsag\/\" \/>\n<meta property=\"og:locale\" content=\"en_GB\" \/>\n<meta property=\"og:type\" content=\"article\" \/>\n<meta property=\"og:title\" content=\"Etikai \u00e9s Fegyelmi bizotts\u00e1g - Hung\u00e1ria Puli Klub\" \/>\n<meta property=\"og:description\" content=\"Etikai \u00e9s Fegyelmi Bizotts\u00e1g Szervezeti fel\u00e9p\u00edt\u00e9s \/ Etikai \u00e9s Fegyelmi bizotts\u00e1g Eln\u00f6k Dr. Babk\u00f3 Norbert +36-20-480-5657 Tag Doh\u00e1nyn\u00e9 N\u00e9meth Enik\u0151 +36-30-559-7430 Tag Veres Zsolt +36-30-488-1705 P\u00f3ttag Hajdu Judit +36-30-433-8439\" \/>\n<meta property=\"og:url\" content=\"https:\/\/puli.hu\/en\/etikai-es-fegyelmi-bizottsag\/\" \/>\n<meta property=\"og:site_name\" content=\"Hung\u00e1ria Puli Klub\" \/>\n<meta property=\"article:modified_time\" content=\"2025-06-07T13:12:20+00:00\" \/>\n<meta property=\"og:image\" content=\"https:\/\/puli.hu\/wp-content\/uploads\/2025\/05\/DSC_0685-scaled.jpg\" \/>\n\t<meta property=\"og:image:width\" content=\"2560\" \/>\n\t<meta property=\"og:image:height\" content=\"1801\" \/>\n\t<meta property=\"og:image:type\" content=\"image\/jpeg\" \/>\n<meta name=\"twitter:card\" content=\"summary_large_image\" \/>\n<meta name=\"twitter:label1\" content=\"Estimated reading time\" \/>\n\t<meta name=\"twitter:data1\" content=\"1 minute\" \/>\n<script type=\"application\/ld+json\" class=\"yoast-schema-graph\">{\"@context\":\"https:\/\/schema.org\",\"@graph\":[{\"@type\":\"WebPage\",\"@id\":\"https:\/\/puli.hu\/etikai-es-fegyelmi-bizottsag\/\",\"url\":\"https:\/\/puli.hu\/etikai-es-fegyelmi-bizottsag\/\",\"name\":\"Etikai \u00e9s Fegyelmi bizotts\u00e1g - Hung\u00e1ria Puli Klub\",\"isPartOf\":{\"@id\":\"https:\/\/puli.hu\/#website\"},\"primaryImageOfPage\":{\"@id\":\"https:\/\/puli.hu\/etikai-es-fegyelmi-bizottsag\/#primaryimage\"},\"image\":{\"@id\":\"https:\/\/puli.hu\/etikai-es-fegyelmi-bizottsag\/#primaryimage\"},\"thumbnailUrl\":\"https:\/\/puli.hu\/wp-content\/uploads\/2025\/05\/DSC_0685-1024x720.jpg\",\"datePublished\":\"2024-11-29T14:29:33+00:00\",\"dateModified\":\"2025-06-07T13:12:20+00:00\",\"breadcrumb\":{\"@id\":\"https:\/\/puli.hu\/etikai-es-fegyelmi-bizottsag\/#breadcrumb\"},\"inLanguage\":\"en-GB\",\"potentialAction\":[{\"@type\":\"ReadAction\",\"target\":[\"https:\/\/puli.hu\/etikai-es-fegyelmi-bizottsag\/\"]}]},{\"@type\":\"ImageObject\",\"inLanguage\":\"en-GB\",\"@id\":\"https:\/\/puli.hu\/etikai-es-fegyelmi-bizottsag\/#primaryimage\",\"url\":\"https:\/\/puli.hu\/wp-content\/uploads\/2025\/05\/DSC_0685-1024x720.jpg\",\"contentUrl\":\"https:\/\/puli.hu\/wp-content\/uploads\/2025\/05\/DSC_0685-1024x720.jpg\"},{\"@type\":\"BreadcrumbList\",\"@id\":\"https:\/\/puli.hu\/etikai-es-fegyelmi-bizottsag\/#breadcrumb\",\"itemListElement\":[{\"@type\":\"ListItem\",\"position\":1,\"name\":\"Home\",\"item\":\"https:\/\/puli.hu\/\"},{\"@type\":\"ListItem\",\"position\":2,\"name\":\"Etikai \u00e9s Fegyelmi bizotts\u00e1g\"}]},{\"@type\":\"WebSite\",\"@id\":\"https:\/\/puli.hu\/#website\",\"url\":\"https:\/\/puli.hu\/\",\"name\":\"Hung\u00e1ria Puli Klub\",\"description\":\"Puli kutya: hagyom\u00e1ny, gondoz\u00e1s, sport \u00e9s teny\u00e9szt\u00e9s bemutat\u00e1sa.\",\"potentialAction\":[{\"@type\":\"SearchAction\",\"target\":{\"@type\":\"EntryPoint\",\"urlTemplate\":\"https:\/\/puli.hu\/?s={search_term_string}\"},\"query-input\":{\"@type\":\"PropertyValueSpecification\",\"valueRequired\":true,\"valueName\":\"search_term_string\"}}],\"inLanguage\":\"en-GB\"}]}<\/script>\n<!-- \/ Yoast SEO plugin. -->","yoast_head_json":{"title":"Etikai \u00e9s Fegyelmi bizotts\u00e1g - Hung\u00e1ria Puli Klub","robots":{"index":"index","follow":"follow","max-snippet":"max-snippet:-1","max-image-preview":"max-image-preview:large","max-video-preview":"max-video-preview:-1"},"canonical":"https:\/\/puli.hu\/en\/etikai-es-fegyelmi-bizottsag\/","og_locale":"en_GB","og_type":"article","og_title":"Etikai \u00e9s Fegyelmi bizotts\u00e1g - Hung\u00e1ria Puli Klub","og_description":"Etikai \u00e9s Fegyelmi Bizotts\u00e1g Szervezeti fel\u00e9p\u00edt\u00e9s \/ Etikai \u00e9s Fegyelmi bizotts\u00e1g Eln\u00f6k Dr. Babk\u00f3 Norbert +36-20-480-5657 Tag Doh\u00e1nyn\u00e9 N\u00e9meth Enik\u0151 +36-30-559-7430 Tag Veres Zsolt +36-30-488-1705 P\u00f3ttag Hajdu Judit +36-30-433-8439","og_url":"https:\/\/puli.hu\/en\/etikai-es-fegyelmi-bizottsag\/","og_site_name":"Hung\u00e1ria Puli Klub","article_modified_time":"2025-06-07T13:12:20+00:00","og_image":[{"width":2560,"height":1801,"url":"https:\/\/puli.hu\/wp-content\/uploads\/2025\/05\/DSC_0685-scaled.jpg","type":"image\/jpeg"}],"twitter_card":"summary_large_image","twitter_misc":{"Estimated reading time":"1 minute"},"schema":{"@context":"https:\/\/schema.org","@graph":[{"@type":"WebPage","@id":"https:\/\/puli.hu\/etikai-es-fegyelmi-bizottsag\/","url":"https:\/\/puli.hu\/etikai-es-fegyelmi-bizottsag\/","name":"Etikai \u00e9s Fegyelmi bizotts\u00e1g - Hung\u00e1ria Puli Klub","isPartOf":{"@id":"https:\/\/puli.hu\/#website"},"primaryImageOfPage":{"@id":"https:\/\/puli.hu\/etikai-es-fegyelmi-bizottsag\/#primaryimage"},"image":{"@id":"https:\/\/puli.hu\/etikai-es-fegyelmi-bizottsag\/#primaryimage"},"thumbnailUrl":"https:\/\/puli.hu\/wp-content\/uploads\/2025\/05\/DSC_0685-1024x720.jpg","datePublished":"2024-11-29T14:29:33+00:00","dateModified":"2025-06-07T13:12:20+00:00","breadcrumb":{"@id":"https:\/\/puli.hu\/etikai-es-fegyelmi-bizottsag\/#breadcrumb"},"inLanguage":"en-GB","potentialAction":[{"@type":"ReadAction","target":["https:\/\/puli.hu\/etikai-es-fegyelmi-bizottsag\/"]}]},{"@type":"ImageObject","inLanguage":"en-GB","@id":"https:\/\/puli.hu\/etikai-es-fegyelmi-bizottsag\/#primaryimage","url":"https:\/\/puli.hu\/wp-content\/uploads\/2025\/05\/DSC_0685-1024x720.jpg","contentUrl":"https:\/\/puli.hu\/wp-content\/uploads\/2025\/05\/DSC_0685-1024x720.jpg"},{"@type":"BreadcrumbList","@id":"https:\/\/puli.hu\/etikai-es-fegyelmi-bizottsag\/#breadcrumb","itemListElement":[{"@type":"ListItem","position":1,"name":"Home","item":"https:\/\/puli.hu\/"},{"@type":"ListItem","position":2,"name":"Etikai \u00e9s Fegyelmi bizotts\u00e1g"}]},{"@type":"WebSite","@id":"https:\/\/puli.hu\/#website","url":"https:\/\/puli.hu\/","name":"HUNGARIAN PULI CLUB","description":"Puli kutya: hagyom\u00e1ny, gondoz\u00e1s, sport \u00e9s teny\u00e9szt\u00e9s bemutat\u00e1sa.","potentialAction":[{"@type":"SearchAction","target":{"@type":"EntryPoint","urlTemplate":"https:\/\/puli.hu\/?s={search_term_string}"},"query-input":{"@type":"PropertyValueSpecification","valueRequired":true,"valueName":"search_term_string"}}],"inLanguage":"en-GB"}]}},"_links":{"self":[{"href":"https:\/\/puli.hu\/en\/wp-json\/wp\/v2\/pages\/647","targetHints":{"allow":["GET"]}}],"collection":[{"href":"https:\/\/puli.hu\/en\/wp-json\/wp\/v2\/pages"}],"about":[{"href":"https:\/\/puli.hu\/en\/wp-json\/wp\/v2\/types\/page"}],"author":[{"embeddable":true,"href":"https:\/\/puli.hu\/en\/wp-json\/wp\/v2\/users\/1"}],"replies":[{"embeddable":true,"href":"https:\/\/puli.hu\/en\/wp-json\/wp\/v2\/comments?post=647"}],"version-history":[{"count":0,"href":"https:\/\/puli.hu\/en\/wp-json\/wp\/v2\/pages\/647\/revisions"}],"wp:attachment":[{"href":"https:\/\/puli.hu\/en\/wp-json\/wp\/v2\/media?parent=647"}],"curies":[{"name":"wp","href":"https:\/\/api.w.org\/{rel}","templated":true}]}}