{"id":687,"date":"2024-11-30T14:19:22","date_gmt":"2024-11-30T14:19:22","guid":{"rendered":"https:\/\/mystifying-euclid.185-59-211-253.plesk.page\/?page_id=687"},"modified":"2025-05-20T21:33:38","modified_gmt":"2025-05-20T20:33:38","slug":"egeszsegugyi-szures-bejelentese","status":"publish","type":"page","link":"https:\/\/puli.hu\/en\/egeszsegugyi-szures-bejelentese\/","title":{"rendered":"Health Screening Results"},"content":{"rendered":"<div data-elementor-type=\"wp-page\" data-elementor-id=\"687\" class=\"elementor elementor-687\" data-elementor-post-type=\"page\">\n\t\t\t\t\t\t<section class=\"elementor-section elementor-top-section elementor-element elementor-element-0600311 elementor-section-full_width elementor-section-height-min-height elementor-section-height-default elementor-section-items-middle\" data-id=\"0600311\" data-element_type=\"section\" data-e-type=\"section\" data-settings=\"{&quot;background_background&quot;:&quot;classic&quot;}\">\n\t\t\t\t\t\t\t<div class=\"elementor-background-overlay\"><\/div>\n\t\t\t\t\t\t\t<div class=\"elementor-container elementor-column-gap-default\">\n\t\t\t\t\t<div class=\"elementor-column elementor-col-100 elementor-top-column elementor-element elementor-element-7397783\" data-id=\"7397783\" data-element_type=\"column\" data-e-type=\"column\">\n\t\t\t<div class=\"elementor-widget-wrap elementor-element-populated\">\n\t\t\t\t\t\t<div class=\"elementor-element elementor-element-310be28 elementor-widget elementor-widget-heading\" data-id=\"310be28\" data-element_type=\"widget\" data-e-type=\"widget\" data-widget_type=\"heading.default\">\n\t\t\t\t\t<h2 class=\"elementor-heading-title elementor-size-default\">Health Screening Results<\/h2>\t\t\t\t<\/div>\n\t\t\t\t<div class=\"elementor-element elementor-element-65d3b04 elementor-widget elementor-widget-text-editor\" data-id=\"65d3b04\" data-element_type=\"widget\" data-e-type=\"widget\" data-widget_type=\"text-editor.default\">\n\t\t\t\t\t\t\t\t\t<p>Health screening results \/ Health screening announcement<\/p>\t\t\t\t\t\t\t\t<\/div>\n\t\t\t\t\t<\/div>\n\t\t<\/div>\n\t\t\t\t\t<\/div>\n\t\t<\/section>\n\t\t<div class=\"elementor-element elementor-element-33b378c e-con-full e-flex e-con e-parent\" data-id=\"33b378c\" data-element_type=\"container\" data-e-type=\"container\" data-settings=\"{&quot;background_background&quot;:&quot;classic&quot;}\">\n\t\t\t\t<div class=\"elementor-element elementor-element-543a743 elementor-widget__width-initial elementor-widget elementor-widget-heading\" data-id=\"543a743\" data-element_type=\"widget\" data-e-type=\"widget\" data-widget_type=\"heading.default\">\n\t\t\t\t\t<h2 class=\"elementor-heading-title elementor-size-default\">According to the Breeding Regulations of the Hung\u00e1ria Puli Club<\/h2>\t\t\t\t<\/div>\n\t\t\t\t<div class=\"elementor-element elementor-element-915fea8 elementor-widget__width-initial elementor-widget elementor-widget-text-editor\" data-id=\"915fea8\" data-element_type=\"widget\" data-e-type=\"widget\" data-widget_type=\"text-editor.default\">\n\t\t\t\t\t\t\t\t\t<p class=\"nagyobb\"><span data-mce-mark=\"1\">According to the Breeding Regulations of the Hung\u00e1ria Puli Club, it is not allowed to breed a Puli with defects that would lead to disqualification as listed in the breed standard, as well as with cryptorchidism (hidden testes), monorchidism (one testicle), hip dysplasia, or visible clinical symptoms of knee joint dysplasia, epilepsy, hereditary eye diseases, or hereditary or debilitating diseases that make life impossible. According to the decision of the HPK, a condition for breeding eligibility is the presence of a hip dysplasia screening result issued by FDB or MKOE for dogs over 12 months of age.<\/span><\/p><p class=\"nagyobb\"><span data-mce-mark=\"1\">For black, mask-faced fako, and gray individuals, based on the reassuring population size and genetic diversity, the screening result must be at least of a mild classification. Since the bloodline diversity and population of the white Puli stock have become very limited and inbred, individuals with a medium classification that do not show clinical symptoms can also be included in breeding.<\/span><\/p><p class=\"nagyobb\"><span data-mce-mark=\"1\">White Pulik with a severe classification, as well as colored Pulik with a medium or severe classification, must be excluded from breeding.<\/span><\/p><p class=\"nagyobb\"><span data-mce-mark=\"1\">The medium-rated white dogs that have been evaluated and can be kept for breeding may only be bred with dogs that have a dysplasia-free rating (normal, almost normal, mild).<\/span><\/p><p class=\"nagyobb\"><span data-mce-mark=\"1\">\u00a0<\/span><\/p><p class=\"nagyobb\"><em><span data-mce-mark=\"1\">White \u2013 other color pairings can only be requested from the HPK Breeding Council if the dogs are dysplasia-free (normal, almost normal, mild) and have at least a breedable breeding qualification. This permission can be obtained through a majority vote by presenting the breeding pair at the two annual Main Breeding Inspections.<\/span><\/em><\/p><p class=\"nagyobb\"><span data-mce-mark=\"1\">\u00a0<\/span><\/p><p class=\"nagyobb\">To assist breeders and prospective breeders, we maintain a list of individuals with mandatory and recommended health screenings.<\/p>\t\t\t\t\t\t\t\t<\/div>\n\t\t\t\t<div class=\"elementor-element elementor-element-a2057ea elementor-widget__width-initial elementor-widget elementor-widget-heading\" data-id=\"a2057ea\" data-element_type=\"widget\" data-e-type=\"widget\" data-widget_type=\"heading.default\">\n\t\t\t\t\t<h5 class=\"elementor-heading-title elementor-size-default\">If you would like your breeding dog to be included in the lists, please send the following declaration and data, along with the proof of the screening result, via email to info@puli.hu:<\/h5>\t\t\t\t<\/div>\n\t\t\t\t<div class=\"elementor-element elementor-element-400245c elementor-widget__width-initial elementor-widget elementor-widget-text-editor\" data-id=\"400245c\" data-element_type=\"widget\" data-e-type=\"widget\" data-widget_type=\"text-editor.default\">\n\t\t\t\t\t\t\t\t\t<p>Please publish the following information on the Hung\u00e1ria Puli Club website. By this statement, I also consent to the publication of the provided data and photos, exclusively in electronic or printed publications issued by the HPK.<\/p><p class=\"nagyobb\">Individuals or other organizations are not authorized to disclose or forward the information published here!<\/p><p class=\"nagyobb\">\u00a0<\/p><p class=\"nagyobb\">\u00a0<\/p><p class=\"nagyobb\">Dated:<\/p><p class=\"nagyobb\">Name:<\/p><p class=\"nagyobb\">\u00a0<\/p><p class=\"nagyobb\">\u00a0<\/p><p class=\"nagyobb\">\u00a0<strong><em>Hip screening:\u00a0<\/em><\/strong>(+ proof of the result)<\/p><p><strong><em>\u00a0<\/em><\/strong><\/p><p>\u2013 Name, parents' names (parents' hip screening results)<\/p><p>\u2013 Gender, color:<\/p><p>\u2013 Screening result:<\/p><p>\u2013 Age at the time of screening:<\/p><p>\u2013 Pedigree number:<\/p><p>\u2013 Owner's name:<\/p><p>\u00a0<\/p><p><strong><em>Patella screening:<\/em><\/strong>\u00a0(+ proof of the result)<\/p><p>\u00a0<\/p><p>\u2013 Name, parents' names (parents' patella screening results)<\/p><p>\u2013 Gender, color:<\/p><p>\u2013 Screening result:<\/p><p>\u2013 Age at the time of screening:<\/p><p>\u2013 Pedigree number:<\/p><p>\u2013 Owner's name:<\/p><p>\u00a0<\/p><p><strong><em>Eye screening:<\/em><\/strong>\u00a0(+ proof of the result)<\/p><p>\u00a0<\/p><p>\u2013 Name, parents' names (parents' eye screening results)<\/p><p>\u2013 Gender, color:<\/p><p>\u2013 Screening result:<\/p><p>\u2013 Age at the time of screening:<\/p><p>\u2013 Pedigree number:<\/p><p>\u2013 Owner's name:<\/p>\t\t\t\t\t\t\t\t<\/div>\n\t\t\t\t<\/div>\n\t\t\t\t<\/div>","protected":false},"excerpt":{"rendered":"<p>Eg\u00e9szs\u00e9g\u00fcgyi sz\u0171r\u00e9s bejelent\u00e9se Eg\u00e9szs\u00e9g\u00fcgyi sz\u0171r\u00e9s eredm\u00e9nyek \/ Eg\u00e9szs\u00e9g\u00fcgyi sz\u0171r\u00e9s bejelent\u00e9se A Hung\u00e1ria Puli Klub Teny\u00e9szt\u00e9si Szab\u00e1lyzata szerint Nem lehet pulit teny\u00e9szteni a fajta standardj\u00e1ban felsorolt kiz\u00e1r\u00e1sra okot ad\u00f3 hib\u00e1kkal, valamint rejtetther\u00e9j\u0171s\u00e9ggel (kryptorhizmus), f\u00e9lher\u00e9j\u0171s\u00e9ggel (monorhizmus), cs\u00edp\u0151 \u00e9s l\u00e1that\u00f3an klinikai t\u00fcneteket mutat\u00f3 t\u00e9rd \u00edz\u00fcleti diszpl\u00e1zi\u00e1val, epilepszi\u00e1val, \u00f6r\u00f6kletes szembetegs\u00e9gekkel, illetve \u00f6r\u00f6kletes vagy az \u00e9letvitelt lehetetlenn\u00e9 tev\u0151 betegs\u00e9gekkel. A [&hellip;]<\/p>","protected":false},"author":1,"featured_media":0,"parent":0,"menu_order":0,"comment_status":"closed","ping_status":"closed","template":"elementor_header_footer","meta":{"iawp_total_views":23,"footnotes":""},"class_list":["post-687","page","type-page","status-publish","hentry"],"blocksy_meta":[],"yoast_head":"<!-- This site is optimized with the Yoast SEO plugin v26.9 - https:\/\/yoast.com\/product\/yoast-seo-wordpress\/ -->\n<title>Eg\u00e9szs\u00e9g\u00fcgyi sz\u0171r\u00e9s bejelent\u00e9se - Hung\u00e1ria Puli Klub<\/title>\n<meta name=\"robots\" content=\"index, follow, max-snippet:-1, max-image-preview:large, max-video-preview:-1\" \/>\n<link rel=\"canonical\" href=\"https:\/\/puli.hu\/en\/egeszsegugyi-szures-bejelentese\/\" \/>\n<meta property=\"og:locale\" content=\"en_GB\" \/>\n<meta property=\"og:type\" content=\"article\" \/>\n<meta property=\"og:title\" content=\"Eg\u00e9szs\u00e9g\u00fcgyi sz\u0171r\u00e9s bejelent\u00e9se - Hung\u00e1ria Puli Klub\" \/>\n<meta property=\"og:description\" content=\"Eg\u00e9szs\u00e9g\u00fcgyi sz\u0171r\u00e9s bejelent\u00e9se Eg\u00e9szs\u00e9g\u00fcgyi sz\u0171r\u00e9s eredm\u00e9nyek \/ Eg\u00e9szs\u00e9g\u00fcgyi sz\u0171r\u00e9s bejelent\u00e9se A Hung\u00e1ria Puli Klub Teny\u00e9szt\u00e9si Szab\u00e1lyzata szerint Nem lehet pulit teny\u00e9szteni a fajta standardj\u00e1ban felsorolt kiz\u00e1r\u00e1sra okot ad\u00f3 hib\u00e1kkal, valamint rejtetther\u00e9j\u0171s\u00e9ggel (kryptorhizmus), f\u00e9lher\u00e9j\u0171s\u00e9ggel (monorhizmus), cs\u00edp\u0151 \u00e9s l\u00e1that\u00f3an klinikai t\u00fcneteket mutat\u00f3 t\u00e9rd \u00edz\u00fcleti diszpl\u00e1zi\u00e1val, epilepszi\u00e1val, \u00f6r\u00f6kletes szembetegs\u00e9gekkel, illetve \u00f6r\u00f6kletes vagy az \u00e9letvitelt lehetetlenn\u00e9 tev\u0151 betegs\u00e9gekkel. A [&hellip;]\" \/>\n<meta property=\"og:url\" content=\"https:\/\/puli.hu\/en\/egeszsegugyi-szures-bejelentese\/\" \/>\n<meta property=\"og:site_name\" content=\"Hung\u00e1ria Puli Klub\" \/>\n<meta property=\"article:modified_time\" content=\"2025-05-20T20:33:38+00:00\" \/>\n<meta name=\"twitter:card\" content=\"summary_large_image\" \/>\n<meta name=\"twitter:label1\" content=\"Estimated reading time\" \/>\n\t<meta name=\"twitter:data1\" content=\"3 minutes\" \/>\n<script type=\"application\/ld+json\" class=\"yoast-schema-graph\">{\"@context\":\"https:\/\/schema.org\",\"@graph\":[{\"@type\":\"WebPage\",\"@id\":\"https:\/\/puli.hu\/egeszsegugyi-szures-bejelentese\/\",\"url\":\"https:\/\/puli.hu\/egeszsegugyi-szures-bejelentese\/\",\"name\":\"Eg\u00e9szs\u00e9g\u00fcgyi sz\u0171r\u00e9s bejelent\u00e9se - Hung\u00e1ria Puli Klub\",\"isPartOf\":{\"@id\":\"https:\/\/puli.hu\/#website\"},\"datePublished\":\"2024-11-30T14:19:22+00:00\",\"dateModified\":\"2025-05-20T20:33:38+00:00\",\"breadcrumb\":{\"@id\":\"https:\/\/puli.hu\/egeszsegugyi-szures-bejelentese\/#breadcrumb\"},\"inLanguage\":\"en-GB\",\"potentialAction\":[{\"@type\":\"ReadAction\",\"target\":[\"https:\/\/puli.hu\/egeszsegugyi-szures-bejelentese\/\"]}]},{\"@type\":\"BreadcrumbList\",\"@id\":\"https:\/\/puli.hu\/egeszsegugyi-szures-bejelentese\/#breadcrumb\",\"itemListElement\":[{\"@type\":\"ListItem\",\"position\":1,\"name\":\"Home\",\"item\":\"https:\/\/puli.hu\/\"},{\"@type\":\"ListItem\",\"position\":2,\"name\":\"Eg\u00e9szs\u00e9g\u00fcgyi sz\u0171r\u00e9s bejelent\u00e9se\"}]},{\"@type\":\"WebSite\",\"@id\":\"https:\/\/puli.hu\/#website\",\"url\":\"https:\/\/puli.hu\/\",\"name\":\"Hung\u00e1ria Puli Klub\",\"description\":\"Puli kutya: hagyom\u00e1ny, gondoz\u00e1s, sport \u00e9s teny\u00e9szt\u00e9s bemutat\u00e1sa.\",\"potentialAction\":[{\"@type\":\"SearchAction\",\"target\":{\"@type\":\"EntryPoint\",\"urlTemplate\":\"https:\/\/puli.hu\/?s={search_term_string}\"},\"query-input\":{\"@type\":\"PropertyValueSpecification\",\"valueRequired\":true,\"valueName\":\"search_term_string\"}}],\"inLanguage\":\"en-GB\"}]}<\/script>\n<!-- \/ Yoast SEO plugin. -->","yoast_head_json":{"title":"Eg\u00e9szs\u00e9g\u00fcgyi sz\u0171r\u00e9s bejelent\u00e9se - Hung\u00e1ria Puli Klub","robots":{"index":"index","follow":"follow","max-snippet":"max-snippet:-1","max-image-preview":"max-image-preview:large","max-video-preview":"max-video-preview:-1"},"canonical":"https:\/\/puli.hu\/en\/egeszsegugyi-szures-bejelentese\/","og_locale":"en_GB","og_type":"article","og_title":"Eg\u00e9szs\u00e9g\u00fcgyi sz\u0171r\u00e9s bejelent\u00e9se - Hung\u00e1ria Puli Klub","og_description":"Eg\u00e9szs\u00e9g\u00fcgyi sz\u0171r\u00e9s bejelent\u00e9se Eg\u00e9szs\u00e9g\u00fcgyi sz\u0171r\u00e9s eredm\u00e9nyek \/ Eg\u00e9szs\u00e9g\u00fcgyi sz\u0171r\u00e9s bejelent\u00e9se A Hung\u00e1ria Puli Klub Teny\u00e9szt\u00e9si Szab\u00e1lyzata szerint Nem lehet pulit teny\u00e9szteni a fajta standardj\u00e1ban felsorolt kiz\u00e1r\u00e1sra okot ad\u00f3 hib\u00e1kkal, valamint rejtetther\u00e9j\u0171s\u00e9ggel (kryptorhizmus), f\u00e9lher\u00e9j\u0171s\u00e9ggel (monorhizmus), cs\u00edp\u0151 \u00e9s l\u00e1that\u00f3an klinikai t\u00fcneteket mutat\u00f3 t\u00e9rd \u00edz\u00fcleti diszpl\u00e1zi\u00e1val, epilepszi\u00e1val, \u00f6r\u00f6kletes szembetegs\u00e9gekkel, illetve \u00f6r\u00f6kletes vagy az \u00e9letvitelt lehetetlenn\u00e9 tev\u0151 betegs\u00e9gekkel. A [&hellip;]","og_url":"https:\/\/puli.hu\/en\/egeszsegugyi-szures-bejelentese\/","og_site_name":"Hung\u00e1ria Puli Klub","article_modified_time":"2025-05-20T20:33:38+00:00","twitter_card":"summary_large_image","twitter_misc":{"Estimated reading time":"3 minutes"},"schema":{"@context":"https:\/\/schema.org","@graph":[{"@type":"WebPage","@id":"https:\/\/puli.hu\/egeszsegugyi-szures-bejelentese\/","url":"https:\/\/puli.hu\/egeszsegugyi-szures-bejelentese\/","name":"Eg\u00e9szs\u00e9g\u00fcgyi sz\u0171r\u00e9s bejelent\u00e9se - Hung\u00e1ria Puli Klub","isPartOf":{"@id":"https:\/\/puli.hu\/#website"},"datePublished":"2024-11-30T14:19:22+00:00","dateModified":"2025-05-20T20:33:38+00:00","breadcrumb":{"@id":"https:\/\/puli.hu\/egeszsegugyi-szures-bejelentese\/#breadcrumb"},"inLanguage":"en-GB","potentialAction":[{"@type":"ReadAction","target":["https:\/\/puli.hu\/egeszsegugyi-szures-bejelentese\/"]}]},{"@type":"BreadcrumbList","@id":"https:\/\/puli.hu\/egeszsegugyi-szures-bejelentese\/#breadcrumb","itemListElement":[{"@type":"ListItem","position":1,"name":"Home","item":"https:\/\/puli.hu\/"},{"@type":"ListItem","position":2,"name":"Eg\u00e9szs\u00e9g\u00fcgyi sz\u0171r\u00e9s bejelent\u00e9se"}]},{"@type":"WebSite","@id":"https:\/\/puli.hu\/#website","url":"https:\/\/puli.hu\/","name":"HUNGARIAN PULI CLUB","description":"Puli kutya: hagyom\u00e1ny, gondoz\u00e1s, sport \u00e9s teny\u00e9szt\u00e9s bemutat\u00e1sa.","potentialAction":[{"@type":"SearchAction","target":{"@type":"EntryPoint","urlTemplate":"https:\/\/puli.hu\/?s={search_term_string}"},"query-input":{"@type":"PropertyValueSpecification","valueRequired":true,"valueName":"search_term_string"}}],"inLanguage":"en-GB"}]}},"_links":{"self":[{"href":"https:\/\/puli.hu\/en\/wp-json\/wp\/v2\/pages\/687","targetHints":{"allow":["GET"]}}],"collection":[{"href":"https:\/\/puli.hu\/en\/wp-json\/wp\/v2\/pages"}],"about":[{"href":"https:\/\/puli.hu\/en\/wp-json\/wp\/v2\/types\/page"}],"author":[{"embeddable":true,"href":"https:\/\/puli.hu\/en\/wp-json\/wp\/v2\/users\/1"}],"replies":[{"embeddable":true,"href":"https:\/\/puli.hu\/en\/wp-json\/wp\/v2\/comments?post=687"}],"version-history":[{"count":0,"href":"https:\/\/puli.hu\/en\/wp-json\/wp\/v2\/pages\/687\/revisions"}],"wp:attachment":[{"href":"https:\/\/puli.hu\/en\/wp-json\/wp\/v2\/media?parent=687"}],"curies":[{"name":"wp","href":"https:\/\/api.w.org\/{rel}","templated":true}]}}