{"id":713,"date":"2024-11-30T14:36:00","date_gmt":"2024-11-30T14:36:00","guid":{"rendered":"https:\/\/mystifying-euclid.185-59-211-253.plesk.page\/?page_id=713"},"modified":"2025-05-30T19:39:25","modified_gmt":"2025-05-30T18:39:25","slug":"patella-szures","status":"publish","type":"page","link":"https:\/\/puli.hu\/en\/patella-szures\/","title":{"rendered":"Patella Screening"},"content":{"rendered":"<div data-elementor-type=\"wp-page\" data-elementor-id=\"713\" class=\"elementor elementor-713\" data-elementor-post-type=\"page\">\n\t\t\t\t\t\t<section class=\"elementor-section elementor-top-section elementor-element elementor-element-0bda7cd elementor-section-full_width elementor-section-height-min-height elementor-section-height-default elementor-section-items-middle\" data-id=\"0bda7cd\" data-element_type=\"section\" data-e-type=\"section\" data-settings=\"{&quot;background_background&quot;:&quot;classic&quot;}\">\n\t\t\t\t\t\t\t<div class=\"elementor-background-overlay\"><\/div>\n\t\t\t\t\t\t\t<div class=\"elementor-container elementor-column-gap-default\">\n\t\t\t\t\t<div class=\"elementor-column elementor-col-100 elementor-top-column elementor-element elementor-element-6eaa46f\" data-id=\"6eaa46f\" data-element_type=\"column\" data-e-type=\"column\">\n\t\t\t<div class=\"elementor-widget-wrap elementor-element-populated\">\n\t\t\t\t\t\t<div class=\"elementor-element elementor-element-3885beb elementor-widget elementor-widget-heading\" data-id=\"3885beb\" data-element_type=\"widget\" data-e-type=\"widget\" data-widget_type=\"heading.default\">\n\t\t\t\t\t<h2 class=\"elementor-heading-title elementor-size-default\">Patella Screening<\/h2>\t\t\t\t<\/div>\n\t\t\t\t<div class=\"elementor-element elementor-element-692a227 elementor-widget elementor-widget-text-editor\" data-id=\"692a227\" data-element_type=\"widget\" data-e-type=\"widget\" data-widget_type=\"text-editor.default\">\n\t\t\t\t\t\t\t\t\t<p>Health screening results \/ Patella screening<\/p>\t\t\t\t\t\t\t\t<\/div>\n\t\t\t\t\t<\/div>\n\t\t<\/div>\n\t\t\t\t\t<\/div>\n\t\t<\/section>\n\t\t<div class=\"elementor-element elementor-element-896aa51 e-flex e-con-boxed e-con e-parent\" data-id=\"896aa51\" data-element_type=\"container\" data-e-type=\"container\" data-settings=\"{&quot;background_background&quot;:&quot;classic&quot;}\">\n\t\t\t\t\t<div class=\"e-con-inner\">\n\t\t\t\t<div class=\"elementor-element elementor-element-02f3704 elementor-widget elementor-widget-heading\" data-id=\"02f3704\" data-element_type=\"widget\" data-e-type=\"widget\" data-widget_type=\"heading.default\">\n\t\t\t\t\t<h2 class=\"elementor-heading-title elementor-size-default\">Black and other colors, patella screening<\/h2>\t\t\t\t<\/div>\n\t\t<div class=\"elementor-element elementor-element-8b6afd8 e-con-full elementor-hidden-desktop elementor-hidden-tablet elementor-hidden-mobile e-flex e-con e-child\" data-id=\"8b6afd8\" data-element_type=\"container\" data-e-type=\"container\">\n\t\t<div class=\"elementor-element elementor-element-53f7382 e-con-full e-flex e-con e-child\" data-id=\"53f7382\" data-element_type=\"container\" data-e-type=\"container\" data-settings=\"{&quot;background_background&quot;:&quot;classic&quot;}\">\n\t\t<div class=\"elementor-element elementor-element-b14fa0b e-con-full e-flex e-con e-child\" data-id=\"b14fa0b\" data-element_type=\"container\" data-e-type=\"container\">\n\t\t\t\t<div class=\"elementor-element elementor-element-24eb6f4 elementor-widget elementor-widget-heading\" data-id=\"24eb6f4\" data-element_type=\"widget\" data-e-type=\"widget\" data-widget_type=\"heading.default\">\n\t\t\t\t\t<h6 class=\"elementor-heading-title elementor-size-default\">Name, parents' names (parents' patella screening results)<\/h6>\t\t\t\t<\/div>\n\t\t\t\t<\/div>\n\t\t<div class=\"elementor-element elementor-element-59199b3 e-con-full e-flex e-con e-child\" data-id=\"59199b3\" data-element_type=\"container\" data-e-type=\"container\">\n\t\t\t\t<div class=\"elementor-element elementor-element-f9a66d7 elementor-widget elementor-widget-heading\" data-id=\"f9a66d7\" data-element_type=\"widget\" data-e-type=\"widget\" data-widget_type=\"heading.default\">\n\t\t\t\t\t<h6 class=\"elementor-heading-title elementor-size-default\">Gender, color:<\/h6>\t\t\t\t<\/div>\n\t\t\t\t<\/div>\n\t\t<div class=\"elementor-element elementor-element-0a6e51e e-con-full e-flex e-con e-child\" data-id=\"0a6e51e\" data-element_type=\"container\" data-e-type=\"container\">\n\t\t\t\t<div class=\"elementor-element elementor-element-a0be692 elementor-widget elementor-widget-heading\" data-id=\"a0be692\" data-element_type=\"widget\" data-e-type=\"widget\" data-widget_type=\"heading.default\">\n\t\t\t\t\t<h6 class=\"elementor-heading-title elementor-size-default\">Screening result:<\/h6>\t\t\t\t<\/div>\n\t\t\t\t<\/div>\n\t\t<div class=\"elementor-element elementor-element-8d4bac9 e-con-full e-flex e-con e-child\" data-id=\"8d4bac9\" data-element_type=\"container\" data-e-type=\"container\">\n\t\t\t\t<div class=\"elementor-element elementor-element-9391a92 elementor-widget elementor-widget-heading\" data-id=\"9391a92\" data-element_type=\"widget\" data-e-type=\"widget\" data-widget_type=\"heading.default\">\n\t\t\t\t\t<h6 class=\"elementor-heading-title elementor-size-default\">Age at the time of screening:<\/h6>\t\t\t\t<\/div>\n\t\t\t\t<\/div>\n\t\t<div class=\"elementor-element elementor-element-6b46275 e-con-full e-flex e-con e-child\" data-id=\"6b46275\" data-element_type=\"container\" data-e-type=\"container\">\n\t\t\t\t<div class=\"elementor-element elementor-element-191d730 elementor-widget elementor-widget-heading\" data-id=\"191d730\" data-element_type=\"widget\" data-e-type=\"widget\" data-widget_type=\"heading.default\">\n\t\t\t\t\t<h6 class=\"elementor-heading-title elementor-size-default\">Pedigree number:<\/h6>\t\t\t\t<\/div>\n\t\t\t\t<\/div>\n\t\t<div class=\"elementor-element elementor-element-6a19721 e-con-full e-flex e-con e-child\" data-id=\"6a19721\" data-element_type=\"container\" data-e-type=\"container\">\n\t\t\t\t<div class=\"elementor-element elementor-element-3e4846a elementor-widget elementor-widget-heading\" data-id=\"3e4846a\" data-element_type=\"widget\" data-e-type=\"widget\" data-widget_type=\"heading.default\">\n\t\t\t\t\t<h6 class=\"elementor-heading-title elementor-size-default\">Owner's name:<\/h6>\t\t\t\t<\/div>\n\t\t\t\t<\/div>\n\t\t\t\t<\/div>\n\t\t<div class=\"elementor-element elementor-element-2c0085a e-con-full e-flex e-con e-child\" data-id=\"2c0085a\" data-element_type=\"container\" data-e-type=\"container\" data-settings=\"{&quot;background_background&quot;:&quot;classic&quot;}\">\n\t\t<div class=\"elementor-element elementor-element-8115699 e-con-full e-flex e-con e-child\" data-id=\"8115699\" data-element_type=\"container\" data-e-type=\"container\">\n\t\t\t\t<div class=\"elementor-element elementor-element-6493a59 elementor-widget elementor-widget-heading\" data-id=\"6493a59\" data-element_type=\"widget\" data-e-type=\"widget\" data-widget_type=\"heading.default\">\n\t\t\t\t\t<h6 class=\"elementor-heading-title elementor-size-default\"> Csipkebokor Foglya K\u00fcrt\u00f6skal\u00e1cs\nTajt\u00e9k Koroscenko\n\nZugligeti M\u00e1tka<\/h6>\t\t\t\t<\/div>\n\t\t\t\t<\/div>\n\t\t<div class=\"elementor-element elementor-element-3ca7ebb e-con-full e-flex e-con e-child\" data-id=\"3ca7ebb\" data-element_type=\"container\" data-e-type=\"container\">\n\t\t\t\t<div class=\"elementor-element elementor-element-464a583 elementor-widget elementor-widget-heading\" data-id=\"464a583\" data-element_type=\"widget\" data-e-type=\"widget\" data-widget_type=\"heading.default\">\n\t\t\t\t\t<h6 class=\"elementor-heading-title elementor-size-default\"> Female, black<\/h6>\t\t\t\t<\/div>\n\t\t\t\t<\/div>\n\t\t<div class=\"elementor-element elementor-element-0475d0f e-con-full e-flex e-con e-child\" data-id=\"0475d0f\" data-element_type=\"container\" data-e-type=\"container\">\n\t\t\t\t<div class=\"elementor-element elementor-element-4cfc801 elementor-widget elementor-widget-heading\" data-id=\"4cfc801\" data-element_type=\"widget\" data-e-type=\"widget\" data-widget_type=\"heading.default\">\n\t\t\t\t\t<h6 class=\"elementor-heading-title elementor-size-default\">Patella Free<\/h6>\t\t\t\t<\/div>\n\t\t\t\t<\/div>\n\t\t<div class=\"elementor-element elementor-element-1f963ea e-con-full e-flex e-con e-child\" data-id=\"1f963ea\" data-element_type=\"container\" data-e-type=\"container\">\n\t\t\t\t<div class=\"elementor-element elementor-element-f61c334 elementor-widget elementor-widget-heading\" data-id=\"f61c334\" data-element_type=\"widget\" data-e-type=\"widget\" data-widget_type=\"heading.default\">\n\t\t\t\t\t<h6 class=\"elementor-heading-title elementor-size-default\">12 months<\/h6>\t\t\t\t<\/div>\n\t\t\t\t<\/div>\n\t\t<div class=\"elementor-element elementor-element-f760163 e-con-full e-flex e-con e-child\" data-id=\"f760163\" data-element_type=\"container\" data-e-type=\"container\">\n\t\t\t\t<div class=\"elementor-element elementor-element-b396516 elementor-widget elementor-widget-heading\" data-id=\"b396516\" data-element_type=\"widget\" data-e-type=\"widget\" data-widget_type=\"heading.default\">\n\t\t\t\t\t<h6 class=\"elementor-heading-title elementor-size-default\">1259\/ 17<\/h6>\t\t\t\t<\/div>\n\t\t\t\t<\/div>\n\t\t<div class=\"elementor-element elementor-element-f7e9b76 e-con-full e-flex e-con e-child\" data-id=\"f7e9b76\" data-element_type=\"container\" data-e-type=\"container\">\n\t\t\t\t<div class=\"elementor-element elementor-element-70e6146 elementor-widget elementor-widget-heading\" data-id=\"70e6146\" data-element_type=\"widget\" data-e-type=\"widget\" data-widget_type=\"heading.default\">\n\t\t\t\t\t<h6 class=\"elementor-heading-title elementor-size-default\"> Crkvenjakov Dorottya<\/h6>\t\t\t\t<\/div>\n\t\t\t\t<\/div>\n\t\t\t\t<\/div>\n\t\t\t\t<\/div>\n\t\t\t\t\t<\/div>\n\t\t\t\t<\/div>\n\t\t\t\t<\/div>","protected":false},"excerpt":{"rendered":"<p>Patella sz\u0171r\u00e9s Eg\u00e9szs\u00e9g\u00fcgyi sz\u0171r\u00e9s eredm\u00e9nyek \/ Patella sz\u0171r\u00e9s Fekete \u00e9s egy\u00e9b sz\u00ednek, patella sz\u0171r\u00e9s N\u00e9v, sz\u00fcl\u0151k neve (sz\u00fcl\u0151k patella sz\u0171r\u00e9s eredm\u00e9nye) Nem, sz\u00edn: Sz\u0171r\u00e9s eredm\u00e9nye: Sz\u0171r\u00e9skori \u00e9letkor: T\u00f6rzsk\u00f6nyvi sz\u00e1m: Tulajdonos neve: Csipkebokor Foglya K\u00fcrt\u00f6skal\u00e1cs Tajt\u00e9k Koroscenko Zugligeti M\u00e1tka Szuka , fekete Patella Free 12 h\u00f3nap 1259\/ 17 Crkvenjakov Dorottya<\/p>","protected":false},"author":1,"featured_media":0,"parent":0,"menu_order":0,"comment_status":"closed","ping_status":"closed","template":"elementor_header_footer","meta":{"iawp_total_views":15,"footnotes":""},"class_list":["post-713","page","type-page","status-publish","hentry"],"blocksy_meta":[],"yoast_head":"<!-- This site is optimized with the Yoast SEO plugin v26.9 - https:\/\/yoast.com\/product\/yoast-seo-wordpress\/ -->\n<title>Patella sz\u0171r\u00e9s - Hung\u00e1ria Puli Klub<\/title>\n<meta name=\"robots\" content=\"index, follow, max-snippet:-1, max-image-preview:large, max-video-preview:-1\" \/>\n<link rel=\"canonical\" href=\"https:\/\/puli.hu\/en\/patella-szures\/\" \/>\n<meta property=\"og:locale\" content=\"en_GB\" \/>\n<meta property=\"og:type\" content=\"article\" \/>\n<meta property=\"og:title\" content=\"Patella sz\u0171r\u00e9s - Hung\u00e1ria Puli Klub\" \/>\n<meta property=\"og:description\" content=\"Patella sz\u0171r\u00e9s Eg\u00e9szs\u00e9g\u00fcgyi sz\u0171r\u00e9s eredm\u00e9nyek \/ Patella sz\u0171r\u00e9s Fekete \u00e9s egy\u00e9b sz\u00ednek, patella sz\u0171r\u00e9s N\u00e9v, sz\u00fcl\u0151k neve (sz\u00fcl\u0151k patella sz\u0171r\u00e9s eredm\u00e9nye) Nem, sz\u00edn: Sz\u0171r\u00e9s eredm\u00e9nye: Sz\u0171r\u00e9skori \u00e9letkor: T\u00f6rzsk\u00f6nyvi sz\u00e1m: Tulajdonos neve: Csipkebokor Foglya K\u00fcrt\u00f6skal\u00e1cs Tajt\u00e9k Koroscenko Zugligeti M\u00e1tka Szuka , fekete Patella Free 12 h\u00f3nap 1259\/ 17 Crkvenjakov Dorottya\" \/>\n<meta property=\"og:url\" content=\"https:\/\/puli.hu\/en\/patella-szures\/\" \/>\n<meta property=\"og:site_name\" content=\"Hung\u00e1ria Puli Klub\" \/>\n<meta property=\"article:modified_time\" content=\"2025-05-30T18:39:25+00:00\" \/>\n<meta name=\"twitter:card\" content=\"summary_large_image\" \/>\n<script type=\"application\/ld+json\" class=\"yoast-schema-graph\">{\"@context\":\"https:\/\/schema.org\",\"@graph\":[{\"@type\":\"WebPage\",\"@id\":\"https:\/\/puli.hu\/patella-szures\/\",\"url\":\"https:\/\/puli.hu\/patella-szures\/\",\"name\":\"Patella sz\u0171r\u00e9s - Hung\u00e1ria Puli Klub\",\"isPartOf\":{\"@id\":\"https:\/\/puli.hu\/#website\"},\"datePublished\":\"2024-11-30T14:36:00+00:00\",\"dateModified\":\"2025-05-30T18:39:25+00:00\",\"breadcrumb\":{\"@id\":\"https:\/\/puli.hu\/patella-szures\/#breadcrumb\"},\"inLanguage\":\"en-GB\",\"potentialAction\":[{\"@type\":\"ReadAction\",\"target\":[\"https:\/\/puli.hu\/patella-szures\/\"]}]},{\"@type\":\"BreadcrumbList\",\"@id\":\"https:\/\/puli.hu\/patella-szures\/#breadcrumb\",\"itemListElement\":[{\"@type\":\"ListItem\",\"position\":1,\"name\":\"Home\",\"item\":\"https:\/\/puli.hu\/\"},{\"@type\":\"ListItem\",\"position\":2,\"name\":\"Patella sz\u0171r\u00e9s\"}]},{\"@type\":\"WebSite\",\"@id\":\"https:\/\/puli.hu\/#website\",\"url\":\"https:\/\/puli.hu\/\",\"name\":\"Hung\u00e1ria Puli Klub\",\"description\":\"Puli kutya: hagyom\u00e1ny, gondoz\u00e1s, sport \u00e9s teny\u00e9szt\u00e9s bemutat\u00e1sa.\",\"potentialAction\":[{\"@type\":\"SearchAction\",\"target\":{\"@type\":\"EntryPoint\",\"urlTemplate\":\"https:\/\/puli.hu\/?s={search_term_string}\"},\"query-input\":{\"@type\":\"PropertyValueSpecification\",\"valueRequired\":true,\"valueName\":\"search_term_string\"}}],\"inLanguage\":\"en-GB\"}]}<\/script>\n<!-- \/ Yoast SEO plugin. -->","yoast_head_json":{"title":"Patella sz\u0171r\u00e9s - Hung\u00e1ria Puli Klub","robots":{"index":"index","follow":"follow","max-snippet":"max-snippet:-1","max-image-preview":"max-image-preview:large","max-video-preview":"max-video-preview:-1"},"canonical":"https:\/\/puli.hu\/en\/patella-szures\/","og_locale":"en_GB","og_type":"article","og_title":"Patella sz\u0171r\u00e9s - Hung\u00e1ria Puli Klub","og_description":"Patella sz\u0171r\u00e9s Eg\u00e9szs\u00e9g\u00fcgyi sz\u0171r\u00e9s eredm\u00e9nyek \/ Patella sz\u0171r\u00e9s Fekete \u00e9s egy\u00e9b sz\u00ednek, patella sz\u0171r\u00e9s N\u00e9v, sz\u00fcl\u0151k neve (sz\u00fcl\u0151k patella sz\u0171r\u00e9s eredm\u00e9nye) Nem, sz\u00edn: Sz\u0171r\u00e9s eredm\u00e9nye: Sz\u0171r\u00e9skori \u00e9letkor: T\u00f6rzsk\u00f6nyvi sz\u00e1m: Tulajdonos neve: Csipkebokor Foglya K\u00fcrt\u00f6skal\u00e1cs Tajt\u00e9k Koroscenko Zugligeti M\u00e1tka Szuka , fekete Patella Free 12 h\u00f3nap 1259\/ 17 Crkvenjakov Dorottya","og_url":"https:\/\/puli.hu\/en\/patella-szures\/","og_site_name":"Hung\u00e1ria Puli Klub","article_modified_time":"2025-05-30T18:39:25+00:00","twitter_card":"summary_large_image","schema":{"@context":"https:\/\/schema.org","@graph":[{"@type":"WebPage","@id":"https:\/\/puli.hu\/patella-szures\/","url":"https:\/\/puli.hu\/patella-szures\/","name":"Patella sz\u0171r\u00e9s - Hung\u00e1ria Puli Klub","isPartOf":{"@id":"https:\/\/puli.hu\/#website"},"datePublished":"2024-11-30T14:36:00+00:00","dateModified":"2025-05-30T18:39:25+00:00","breadcrumb":{"@id":"https:\/\/puli.hu\/patella-szures\/#breadcrumb"},"inLanguage":"en-GB","potentialAction":[{"@type":"ReadAction","target":["https:\/\/puli.hu\/patella-szures\/"]}]},{"@type":"BreadcrumbList","@id":"https:\/\/puli.hu\/patella-szures\/#breadcrumb","itemListElement":[{"@type":"ListItem","position":1,"name":"Home","item":"https:\/\/puli.hu\/"},{"@type":"ListItem","position":2,"name":"Patella sz\u0171r\u00e9s"}]},{"@type":"WebSite","@id":"https:\/\/puli.hu\/#website","url":"https:\/\/puli.hu\/","name":"HUNGARIAN PULI CLUB","description":"Puli kutya: hagyom\u00e1ny, gondoz\u00e1s, sport \u00e9s teny\u00e9szt\u00e9s bemutat\u00e1sa.","potentialAction":[{"@type":"SearchAction","target":{"@type":"EntryPoint","urlTemplate":"https:\/\/puli.hu\/?s={search_term_string}"},"query-input":{"@type":"PropertyValueSpecification","valueRequired":true,"valueName":"search_term_string"}}],"inLanguage":"en-GB"}]}},"_links":{"self":[{"href":"https:\/\/puli.hu\/en\/wp-json\/wp\/v2\/pages\/713","targetHints":{"allow":["GET"]}}],"collection":[{"href":"https:\/\/puli.hu\/en\/wp-json\/wp\/v2\/pages"}],"about":[{"href":"https:\/\/puli.hu\/en\/wp-json\/wp\/v2\/types\/page"}],"author":[{"embeddable":true,"href":"https:\/\/puli.hu\/en\/wp-json\/wp\/v2\/users\/1"}],"replies":[{"embeddable":true,"href":"https:\/\/puli.hu\/en\/wp-json\/wp\/v2\/comments?post=713"}],"version-history":[{"count":0,"href":"https:\/\/puli.hu\/en\/wp-json\/wp\/v2\/pages\/713\/revisions"}],"wp:attachment":[{"href":"https:\/\/puli.hu\/en\/wp-json\/wp\/v2\/media?parent=713"}],"curies":[{"name":"wp","href":"https:\/\/api.w.org\/{rel}","templated":true}]}}