{"id":754,"date":"2024-11-30T15:32:04","date_gmt":"2024-11-30T15:32:04","guid":{"rendered":"https:\/\/mystifying-euclid.185-59-211-253.plesk.page\/?page_id=754"},"modified":"2025-05-28T10:15:56","modified_gmt":"2025-05-28T09:15:56","slug":"archivum","status":"publish","type":"page","link":"https:\/\/puli.hu\/en\/archivum\/","title":{"rendered":"Archive"},"content":{"rendered":"<div data-elementor-type=\"wp-page\" data-elementor-id=\"754\" class=\"elementor elementor-754\" data-elementor-post-type=\"page\">\n\t\t\t\t\t\t<section class=\"elementor-section elementor-top-section elementor-element elementor-element-21f77b7 elementor-section-full_width elementor-section-height-min-height elementor-section-height-default elementor-section-items-middle\" data-id=\"21f77b7\" data-element_type=\"section\" data-e-type=\"section\" data-settings=\"{&quot;background_background&quot;:&quot;classic&quot;}\">\n\t\t\t\t\t\t\t<div class=\"elementor-background-overlay\"><\/div>\n\t\t\t\t\t\t\t<div class=\"elementor-container elementor-column-gap-default\">\n\t\t\t\t\t<div class=\"elementor-column elementor-col-100 elementor-top-column elementor-element elementor-element-a2e4f62\" data-id=\"a2e4f62\" data-element_type=\"column\" data-e-type=\"column\">\n\t\t\t<div class=\"elementor-widget-wrap elementor-element-populated\">\n\t\t\t\t\t\t<div class=\"elementor-element elementor-element-751367e elementor-widget elementor-widget-heading\" data-id=\"751367e\" data-element_type=\"widget\" data-e-type=\"widget\" data-widget_type=\"heading.default\">\n\t\t\t\t\t<h2 class=\"elementor-heading-title elementor-size-default\">Archive<\/h2>\t\t\t\t<\/div>\n\t\t\t\t<div class=\"elementor-element elementor-element-8e81cab elementor-widget elementor-widget-text-editor\" data-id=\"8e81cab\" data-element_type=\"widget\" data-e-type=\"widget\" data-widget_type=\"text-editor.default\">\n\t\t\t\t\t\t\t\t\t<p>Breeder Information \/ Archive<\/p>\t\t\t\t\t\t\t\t<\/div>\n\t\t\t\t\t<\/div>\n\t\t<\/div>\n\t\t\t\t\t<\/div>\n\t\t<\/section>\n\t\t<div class=\"elementor-element elementor-element-d0684d5 e-con-full e-flex e-con e-parent\" data-id=\"d0684d5\" data-element_type=\"container\" data-e-type=\"container\" data-settings=\"{&quot;background_background&quot;:&quot;classic&quot;}\">\n\t\t<div class=\"elementor-element elementor-element-68091fc e-con-full elementor-hidden-tablet elementor-hidden-mobile e-flex e-con e-child\" data-id=\"68091fc\" data-element_type=\"container\" data-e-type=\"container\">\n\t\t\t\t<div class=\"elementor-element elementor-element-b969039 elementor-widget elementor-widget-image\" data-id=\"b969039\" data-element_type=\"widget\" data-e-type=\"widget\" data-widget_type=\"image.default\">\n\t\t\t\t\t\t\t\t\t\t\t\t\t\t\t<img fetchpriority=\"high\" decoding=\"async\" width=\"526\" height=\"789\" src=\"https:\/\/puli.hu\/wp-content\/uploads\/2024\/11\/448136261_7400640603397921_3212503273769118432_n.jpg\" class=\"attachment-full size-full wp-image-321\" alt=\"\" srcset=\"https:\/\/puli.hu\/wp-content\/uploads\/2024\/11\/448136261_7400640603397921_3212503273769118432_n.jpg 526w, https:\/\/puli.hu\/wp-content\/uploads\/2024\/11\/448136261_7400640603397921_3212503273769118432_n-200x300.jpg 200w\" sizes=\"(max-width: 526px) 100vw, 526px\" \/>\t\t\t\t\t\t\t\t\t\t\t\t\t\t\t<\/div>\n\t\t\t\t<\/div>\n\t\t<div class=\"elementor-element elementor-element-2936cc1 e-con-full e-flex e-con e-child\" data-id=\"2936cc1\" data-element_type=\"container\" data-e-type=\"container\">\n\t\t\t\t<div class=\"elementor-element elementor-element-725f64b elementor-icon-list--layout-traditional elementor-list-item-link-full_width elementor-widget elementor-widget-icon-list\" data-id=\"725f64b\" data-element_type=\"widget\" data-e-type=\"widget\" data-widget_type=\"icon-list.default\">\n\t\t\t\t\t\t\t<ul class=\"elementor-icon-list-items\">\n\t\t\t\t\t\t\t<li class=\"elementor-icon-list-item\">\n\t\t\t\t\t\t\t\t\t\t\t<span class=\"elementor-icon-list-icon\">\n\t\t\t\t\t\t\t<svg aria-hidden=\"true\" class=\"e-font-icon-svg e-fas-external-link-alt\" viewbox=\"0 0 512 512\" xmlns=\"http:\/\/www.w3.org\/2000\/svg\"><path d=\"M432,320H400a16,16,0,0,0-16,16V448H64V128H208a16,16,0,0,0,16-16V80a16,16,0,0,0-16-16H48A48,48,0,0,0,0,112V464a48,48,0,0,0,48,48H400a48,48,0,0,0,48-48V336A16,16,0,0,0,432,320ZM488,0h-128c-21.37,0-32.05,25.91-17,41l35.73,35.73L135,320.37a24,24,0,0,0,0,34L157.67,377a24,24,0,0,0,34,0L435.28,133.32,471,169c15,15,41,4.5,41-17V24A24,24,0,0,0,488,0Z\"><\/path><\/svg>\t\t\t\t\t\t<\/span>\n\t\t\t\t\t\t\t\t\t\t<span class=\"elementor-icon-list-text\">Membership Application Statement<\/span>\n\t\t\t\t\t\t\t\t\t<\/li>\n\t\t\t\t\t\t\t\t<li class=\"elementor-icon-list-item\">\n\t\t\t\t\t\t\t\t\t\t\t<span class=\"elementor-icon-list-icon\">\n\t\t\t\t\t\t\t<svg aria-hidden=\"true\" class=\"e-font-icon-svg e-fas-external-link-alt\" viewbox=\"0 0 512 512\" xmlns=\"http:\/\/www.w3.org\/2000\/svg\"><path d=\"M432,320H400a16,16,0,0,0-16,16V448H64V128H208a16,16,0,0,0,16-16V80a16,16,0,0,0-16-16H48A48,48,0,0,0,0,112V464a48,48,0,0,0,48,48H400a48,48,0,0,0,48-48V336A16,16,0,0,0,432,320ZM488,0h-128c-21.37,0-32.05,25.91-17,41l35.73,35.73L135,320.37a24,24,0,0,0,0,34L157.67,377a24,24,0,0,0,34,0L435.28,133.32,471,169c15,15,41,4.5,41-17V24A24,24,0,0,0,488,0Z\"><\/path><\/svg>\t\t\t\t\t\t<\/span>\n\t\t\t\t\t\t\t\t\t\t<span class=\"elementor-icon-list-text\">Proof of Ownership Change Form<\/span>\n\t\t\t\t\t\t\t\t\t<\/li>\n\t\t\t\t\t\t\t\t<li class=\"elementor-icon-list-item\">\n\t\t\t\t\t\t\t\t\t\t\t<span class=\"elementor-icon-list-icon\">\n\t\t\t\t\t\t\t<svg aria-hidden=\"true\" class=\"e-font-icon-svg e-fas-external-link-alt\" viewbox=\"0 0 512 512\" xmlns=\"http:\/\/www.w3.org\/2000\/svg\"><path d=\"M432,320H400a16,16,0,0,0-16,16V448H64V128H208a16,16,0,0,0,16-16V80a16,16,0,0,0-16-16H48A48,48,0,0,0,0,112V464a48,48,0,0,0,48,48H400a48,48,0,0,0,48-48V336A16,16,0,0,0,432,320ZM488,0h-128c-21.37,0-32.05,25.91-17,41l35.73,35.73L135,320.37a24,24,0,0,0,0,34L157.67,377a24,24,0,0,0,34,0L435.28,133.32,471,169c15,15,41,4.5,41-17V24A24,24,0,0,0,488,0Z\"><\/path><\/svg>\t\t\t\t\t\t<\/span>\n\t\t\t\t\t\t\t\t\t\t<span class=\"elementor-icon-list-text\">Litter registration form<\/span>\n\t\t\t\t\t\t\t\t\t<\/li>\n\t\t\t\t\t\t\t\t<li class=\"elementor-icon-list-item\">\n\t\t\t\t\t\t\t\t\t\t\t<span class=\"elementor-icon-list-icon\">\n\t\t\t\t\t\t\t<svg aria-hidden=\"true\" class=\"e-font-icon-svg e-fas-external-link-alt\" viewbox=\"0 0 512 512\" xmlns=\"http:\/\/www.w3.org\/2000\/svg\"><path d=\"M432,320H400a16,16,0,0,0-16,16V448H64V128H208a16,16,0,0,0,16-16V80a16,16,0,0,0-16-16H48A48,48,0,0,0,0,112V464a48,48,0,0,0,48,48H400a48,48,0,0,0,48-48V336A16,16,0,0,0,432,320ZM488,0h-128c-21.37,0-32.05,25.91-17,41l35.73,35.73L135,320.37a24,24,0,0,0,0,34L157.67,377a24,24,0,0,0,34,0L435.28,133.32,471,169c15,15,41,4.5,41-17V24A24,24,0,0,0,488,0Z\"><\/path><\/svg>\t\t\t\t\t\t<\/span>\n\t\t\t\t\t\t\t\t\t\t<span class=\"elementor-icon-list-text\">Betting ticket<\/span>\n\t\t\t\t\t\t\t\t\t<\/li>\n\t\t\t\t\t\t\t\t<li class=\"elementor-icon-list-item\">\n\t\t\t\t\t\t\t\t\t\t\t<a href=\"https:\/\/puli.hu\/wp-content\/uploads\/2024\/11\/feherpulipublik.pdf\">\n\n\t\t\t\t\t\t\t\t\t\t\t\t<span class=\"elementor-icon-list-icon\">\n\t\t\t\t\t\t\t<svg aria-hidden=\"true\" class=\"e-font-icon-svg e-fas-external-link-alt\" viewbox=\"0 0 512 512\" xmlns=\"http:\/\/www.w3.org\/2000\/svg\"><path d=\"M432,320H400a16,16,0,0,0-16,16V448H64V128H208a16,16,0,0,0,16-16V80a16,16,0,0,0-16-16H48A48,48,0,0,0,0,112V464a48,48,0,0,0,48,48H400a48,48,0,0,0,48-48V336A16,16,0,0,0,432,320ZM488,0h-128c-21.37,0-32.05,25.91-17,41l35.73,35.73L135,320.37a24,24,0,0,0,0,34L157.67,377a24,24,0,0,0,34,0L435.28,133.32,471,169c15,15,41,4.5,41-17V24A24,24,0,0,0,488,0Z\"><\/path><\/svg>\t\t\t\t\t\t<\/span>\n\t\t\t\t\t\t\t\t\t\t<span class=\"elementor-icon-list-text\">Certificate of Transponder (Microchip) Implantation<\/span>\n\t\t\t\t\t\t\t\t\t\t\t<\/a>\n\t\t\t\t\t\t\t\t\t<\/li>\n\t\t\t\t\t\t\t\t<li class=\"elementor-icon-list-item\">\n\t\t\t\t\t\t\t\t\t\t\t<a href=\"https:\/\/puli.hu\/wp-content\/uploads\/2024\/11\/pulipublikaciomeszaros.jpg\">\n\n\t\t\t\t\t\t\t\t\t\t\t\t<span class=\"elementor-icon-list-icon\">\n\t\t\t\t\t\t\t<svg aria-hidden=\"true\" class=\"e-font-icon-svg e-fas-external-link-alt\" viewbox=\"0 0 512 512\" xmlns=\"http:\/\/www.w3.org\/2000\/svg\"><path d=\"M432,320H400a16,16,0,0,0-16,16V448H64V128H208a16,16,0,0,0,16-16V80a16,16,0,0,0-16-16H48A48,48,0,0,0,0,112V464a48,48,0,0,0,48,48H400a48,48,0,0,0,48-48V336A16,16,0,0,0,432,320ZM488,0h-128c-21.37,0-32.05,25.91-17,41l35.73,35.73L135,320.37a24,24,0,0,0,0,34L157.67,377a24,24,0,0,0,34,0L435.28,133.32,471,169c15,15,41,4.5,41-17V24A24,24,0,0,0,488,0Z\"><\/path><\/svg>\t\t\t\t\t\t<\/span>\n\t\t\t\t\t\t\t\t\t\t<span class=\"elementor-icon-list-text\">Request Form for DNA Sampling<\/span>\n\t\t\t\t\t\t\t\t\t\t\t<\/a>\n\t\t\t\t\t\t\t\t\t<\/li>\n\t\t\t\t\t\t\t\t<li class=\"elementor-icon-list-item\">\n\t\t\t\t\t\t\t\t\t\t\t<a href=\"https:\/\/puli.hu\/wp-content\/uploads\/2024\/11\/apuliszine2.jpg\">\n\n\t\t\t\t\t\t\t\t\t\t\t\t<span class=\"elementor-icon-list-icon\">\n\t\t\t\t\t\t\t<svg aria-hidden=\"true\" class=\"e-font-icon-svg e-fas-external-link-alt\" viewbox=\"0 0 512 512\" xmlns=\"http:\/\/www.w3.org\/2000\/svg\"><path d=\"M432,320H400a16,16,0,0,0-16,16V448H64V128H208a16,16,0,0,0,16-16V80a16,16,0,0,0-16-16H48A48,48,0,0,0,0,112V464a48,48,0,0,0,48,48H400a48,48,0,0,0,48-48V336A16,16,0,0,0,432,320ZM488,0h-128c-21.37,0-32.05,25.91-17,41l35.73,35.73L135,320.37a24,24,0,0,0,0,34L157.67,377a24,24,0,0,0,34,0L435.28,133.32,471,169c15,15,41,4.5,41-17V24A24,24,0,0,0,488,0Z\"><\/path><\/svg>\t\t\t\t\t\t<\/span>\n\t\t\t\t\t\t\t\t\t\t<span class=\"elementor-icon-list-text\">Request for Recognition<\/span>\n\t\t\t\t\t\t\t\t\t\t\t<\/a>\n\t\t\t\t\t\t\t\t\t<\/li>\n\t\t\t\t\t\t\t\t<li class=\"elementor-icon-list-item\">\n\t\t\t\t\t\t\t\t\t\t\t<a href=\"https:\/\/puli.hu\/wp-content\/uploads\/2024\/11\/archivfoto.png\">\n\n\t\t\t\t\t\t\t\t\t\t\t\t<span class=\"elementor-icon-list-icon\">\n\t\t\t\t\t\t\t<svg aria-hidden=\"true\" class=\"e-font-icon-svg e-fas-external-link-alt\" viewbox=\"0 0 512 512\" xmlns=\"http:\/\/www.w3.org\/2000\/svg\"><path d=\"M432,320H400a16,16,0,0,0-16,16V448H64V128H208a16,16,0,0,0,16-16V80a16,16,0,0,0-16-16H48A48,48,0,0,0,0,112V464a48,48,0,0,0,48,48H400a48,48,0,0,0,48-48V336A16,16,0,0,0,432,320ZM488,0h-128c-21.37,0-32.05,25.91-17,41l35.73,35.73L135,320.37a24,24,0,0,0,0,34L157.67,377a24,24,0,0,0,34,0L435.28,133.32,471,169c15,15,41,4.5,41-17V24A24,24,0,0,0,488,0Z\"><\/path><\/svg>\t\t\t\t\t\t<\/span>\n\t\t\t\t\t\t\t\t\t\t<span class=\"elementor-icon-list-text\">Request for Pedigree Certificate Based on Own Performance<\/span>\n\t\t\t\t\t\t\t\t\t\t\t<\/a>\n\t\t\t\t\t\t\t\t\t<\/li>\n\t\t\t\t\t\t\t\t<li class=\"elementor-icon-list-item\">\n\t\t\t\t\t\t\t\t\t\t\t<a href=\"https:\/\/puli.hu\/wp-content\/uploads\/2024\/11\/archiv-cikkek-meszaros-m.pdf\">\n\n\t\t\t\t\t\t\t\t\t\t\t\t<span class=\"elementor-icon-list-icon\">\n\t\t\t\t\t\t\t<svg aria-hidden=\"true\" class=\"e-font-icon-svg e-fas-external-link-alt\" viewbox=\"0 0 512 512\" xmlns=\"http:\/\/www.w3.org\/2000\/svg\"><path d=\"M432,320H400a16,16,0,0,0-16,16V448H64V128H208a16,16,0,0,0,16-16V80a16,16,0,0,0-16-16H48A48,48,0,0,0,0,112V464a48,48,0,0,0,48,48H400a48,48,0,0,0,48-48V336A16,16,0,0,0,432,320ZM488,0h-128c-21.37,0-32.05,25.91-17,41l35.73,35.73L135,320.37a24,24,0,0,0,0,34L157.67,377a24,24,0,0,0,34,0L435.28,133.32,471,169c15,15,41,4.5,41-17V24A24,24,0,0,0,488,0Z\"><\/path><\/svg>\t\t\t\t\t\t<\/span>\n\t\t\t\t\t\t\t\t\t\t<span class=\"elementor-icon-list-text\">Report<\/span>\n\t\t\t\t\t\t\t\t\t\t\t<\/a>\n\t\t\t\t\t\t\t\t\t<\/li>\n\t\t\t\t\t\t<\/ul>\n\t\t\t\t\t\t<\/div>\n\t\t\t\t<\/div>\n\t\t\t\t<\/div>\n\t\t\t\t<\/div>","protected":false},"excerpt":{"rendered":"<p>Arch\u00edvum Teny\u00e9szt\u0151i inform\u00e1ci\u00f3k \/ Arch\u00edvum Tags\u00e1gi bel\u00e9p\u00e9si nyilatkozat Tulajdonos v\u00e1ltoz\u00e1st igazol\u00f3 lap Alombejelent\u0151 jegy Fedeztet\u00e9si jegy Igazol\u00e1s Transzponder (Mikrochip) behelyez\u00e9s\u00e9r\u0151l Vizsg\u00e1latk\u00e9r\u0151 lap DNS mintav\u00e9telre Honos\u00edt\u00e1si k\u00e9relem Sz\u00e1rmaz\u00e1si igazol\u00e1s ig\u00e9nyl\u00e9s saj\u00e1t teljes\u00edtm\u00e9ny alapj\u00e1n Besz\u00e1mol\u00f3<\/p>","protected":false},"author":1,"featured_media":0,"parent":0,"menu_order":0,"comment_status":"closed","ping_status":"closed","template":"elementor_header_footer","meta":{"iawp_total_views":19,"footnotes":""},"class_list":["post-754","page","type-page","status-publish","hentry"],"blocksy_meta":[],"yoast_head":"<!-- This site is optimized with the Yoast SEO plugin v26.9 - https:\/\/yoast.com\/product\/yoast-seo-wordpress\/ -->\n<title>Arch\u00edvum - Hung\u00e1ria Puli Klub<\/title>\n<meta name=\"robots\" content=\"index, follow, max-snippet:-1, max-image-preview:large, max-video-preview:-1\" \/>\n<link rel=\"canonical\" href=\"https:\/\/puli.hu\/en\/archivum\/\" \/>\n<meta property=\"og:locale\" content=\"en_GB\" \/>\n<meta property=\"og:type\" content=\"article\" \/>\n<meta property=\"og:title\" content=\"Arch\u00edvum - Hung\u00e1ria Puli Klub\" \/>\n<meta property=\"og:description\" content=\"Arch\u00edvum Teny\u00e9szt\u0151i inform\u00e1ci\u00f3k \/ Arch\u00edvum Tags\u00e1gi bel\u00e9p\u00e9si nyilatkozat Tulajdonos v\u00e1ltoz\u00e1st igazol\u00f3 lap Alombejelent\u0151 jegy Fedeztet\u00e9si jegy Igazol\u00e1s Transzponder (Mikrochip) behelyez\u00e9s\u00e9r\u0151l Vizsg\u00e1latk\u00e9r\u0151 lap DNS mintav\u00e9telre Honos\u00edt\u00e1si k\u00e9relem Sz\u00e1rmaz\u00e1si igazol\u00e1s ig\u00e9nyl\u00e9s saj\u00e1t teljes\u00edtm\u00e9ny alapj\u00e1n Besz\u00e1mol\u00f3\" \/>\n<meta property=\"og:url\" content=\"https:\/\/puli.hu\/en\/archivum\/\" \/>\n<meta property=\"og:site_name\" content=\"Hung\u00e1ria Puli Klub\" \/>\n<meta property=\"article:modified_time\" content=\"2025-05-28T09:15:56+00:00\" \/>\n<meta property=\"og:image\" content=\"https:\/\/puli.hu\/wp-content\/uploads\/2024\/11\/448136261_7400640603397921_3212503273769118432_n.jpg\" \/>\n\t<meta property=\"og:image:width\" content=\"526\" \/>\n\t<meta property=\"og:image:height\" content=\"789\" \/>\n\t<meta property=\"og:image:type\" content=\"image\/jpeg\" \/>\n<meta name=\"twitter:card\" content=\"summary_large_image\" \/>\n<script type=\"application\/ld+json\" class=\"yoast-schema-graph\">{\"@context\":\"https:\/\/schema.org\",\"@graph\":[{\"@type\":\"WebPage\",\"@id\":\"https:\/\/puli.hu\/archivum\/\",\"url\":\"https:\/\/puli.hu\/archivum\/\",\"name\":\"Arch\u00edvum - Hung\u00e1ria Puli Klub\",\"isPartOf\":{\"@id\":\"https:\/\/puli.hu\/#website\"},\"primaryImageOfPage\":{\"@id\":\"https:\/\/puli.hu\/archivum\/#primaryimage\"},\"image\":{\"@id\":\"https:\/\/puli.hu\/archivum\/#primaryimage\"},\"thumbnailUrl\":\"https:\/\/puli.hu\/wp-content\/uploads\/2024\/11\/448136261_7400640603397921_3212503273769118432_n.jpg\",\"datePublished\":\"2024-11-30T15:32:04+00:00\",\"dateModified\":\"2025-05-28T09:15:56+00:00\",\"breadcrumb\":{\"@id\":\"https:\/\/puli.hu\/archivum\/#breadcrumb\"},\"inLanguage\":\"en-GB\",\"potentialAction\":[{\"@type\":\"ReadAction\",\"target\":[\"https:\/\/puli.hu\/archivum\/\"]}]},{\"@type\":\"ImageObject\",\"inLanguage\":\"en-GB\",\"@id\":\"https:\/\/puli.hu\/archivum\/#primaryimage\",\"url\":\"https:\/\/puli.hu\/wp-content\/uploads\/2024\/11\/448136261_7400640603397921_3212503273769118432_n.jpg\",\"contentUrl\":\"https:\/\/puli.hu\/wp-content\/uploads\/2024\/11\/448136261_7400640603397921_3212503273769118432_n.jpg\"},{\"@type\":\"BreadcrumbList\",\"@id\":\"https:\/\/puli.hu\/archivum\/#breadcrumb\",\"itemListElement\":[{\"@type\":\"ListItem\",\"position\":1,\"name\":\"Home\",\"item\":\"https:\/\/puli.hu\/\"},{\"@type\":\"ListItem\",\"position\":2,\"name\":\"Arch\u00edvum\"}]},{\"@type\":\"WebSite\",\"@id\":\"https:\/\/puli.hu\/#website\",\"url\":\"https:\/\/puli.hu\/\",\"name\":\"Hung\u00e1ria Puli Klub\",\"description\":\"Puli kutya: hagyom\u00e1ny, gondoz\u00e1s, sport \u00e9s teny\u00e9szt\u00e9s bemutat\u00e1sa.\",\"potentialAction\":[{\"@type\":\"SearchAction\",\"target\":{\"@type\":\"EntryPoint\",\"urlTemplate\":\"https:\/\/puli.hu\/?s={search_term_string}\"},\"query-input\":{\"@type\":\"PropertyValueSpecification\",\"valueRequired\":true,\"valueName\":\"search_term_string\"}}],\"inLanguage\":\"en-GB\"}]}<\/script>\n<!-- \/ Yoast SEO plugin. -->","yoast_head_json":{"title":"Arch\u00edvum - Hung\u00e1ria Puli Klub","robots":{"index":"index","follow":"follow","max-snippet":"max-snippet:-1","max-image-preview":"max-image-preview:large","max-video-preview":"max-video-preview:-1"},"canonical":"https:\/\/puli.hu\/en\/archivum\/","og_locale":"en_GB","og_type":"article","og_title":"Arch\u00edvum - Hung\u00e1ria Puli Klub","og_description":"Arch\u00edvum Teny\u00e9szt\u0151i inform\u00e1ci\u00f3k \/ Arch\u00edvum Tags\u00e1gi bel\u00e9p\u00e9si nyilatkozat Tulajdonos v\u00e1ltoz\u00e1st igazol\u00f3 lap Alombejelent\u0151 jegy Fedeztet\u00e9si jegy Igazol\u00e1s Transzponder (Mikrochip) behelyez\u00e9s\u00e9r\u0151l Vizsg\u00e1latk\u00e9r\u0151 lap DNS mintav\u00e9telre Honos\u00edt\u00e1si k\u00e9relem Sz\u00e1rmaz\u00e1si igazol\u00e1s ig\u00e9nyl\u00e9s saj\u00e1t teljes\u00edtm\u00e9ny alapj\u00e1n Besz\u00e1mol\u00f3","og_url":"https:\/\/puli.hu\/en\/archivum\/","og_site_name":"Hung\u00e1ria Puli Klub","article_modified_time":"2025-05-28T09:15:56+00:00","og_image":[{"width":526,"height":789,"url":"https:\/\/puli.hu\/wp-content\/uploads\/2024\/11\/448136261_7400640603397921_3212503273769118432_n.jpg","type":"image\/jpeg"}],"twitter_card":"summary_large_image","schema":{"@context":"https:\/\/schema.org","@graph":[{"@type":"WebPage","@id":"https:\/\/puli.hu\/archivum\/","url":"https:\/\/puli.hu\/archivum\/","name":"Arch\u00edvum - Hung\u00e1ria Puli Klub","isPartOf":{"@id":"https:\/\/puli.hu\/#website"},"primaryImageOfPage":{"@id":"https:\/\/puli.hu\/archivum\/#primaryimage"},"image":{"@id":"https:\/\/puli.hu\/archivum\/#primaryimage"},"thumbnailUrl":"https:\/\/puli.hu\/wp-content\/uploads\/2024\/11\/448136261_7400640603397921_3212503273769118432_n.jpg","datePublished":"2024-11-30T15:32:04+00:00","dateModified":"2025-05-28T09:15:56+00:00","breadcrumb":{"@id":"https:\/\/puli.hu\/archivum\/#breadcrumb"},"inLanguage":"en-GB","potentialAction":[{"@type":"ReadAction","target":["https:\/\/puli.hu\/archivum\/"]}]},{"@type":"ImageObject","inLanguage":"en-GB","@id":"https:\/\/puli.hu\/archivum\/#primaryimage","url":"https:\/\/puli.hu\/wp-content\/uploads\/2024\/11\/448136261_7400640603397921_3212503273769118432_n.jpg","contentUrl":"https:\/\/puli.hu\/wp-content\/uploads\/2024\/11\/448136261_7400640603397921_3212503273769118432_n.jpg"},{"@type":"BreadcrumbList","@id":"https:\/\/puli.hu\/archivum\/#breadcrumb","itemListElement":[{"@type":"ListItem","position":1,"name":"Home","item":"https:\/\/puli.hu\/"},{"@type":"ListItem","position":2,"name":"Arch\u00edvum"}]},{"@type":"WebSite","@id":"https:\/\/puli.hu\/#website","url":"https:\/\/puli.hu\/","name":"HUNGARIAN PULI CLUB","description":"Puli kutya: hagyom\u00e1ny, gondoz\u00e1s, sport \u00e9s teny\u00e9szt\u00e9s bemutat\u00e1sa.","potentialAction":[{"@type":"SearchAction","target":{"@type":"EntryPoint","urlTemplate":"https:\/\/puli.hu\/?s={search_term_string}"},"query-input":{"@type":"PropertyValueSpecification","valueRequired":true,"valueName":"search_term_string"}}],"inLanguage":"en-GB"}]}},"_links":{"self":[{"href":"https:\/\/puli.hu\/en\/wp-json\/wp\/v2\/pages\/754","targetHints":{"allow":["GET"]}}],"collection":[{"href":"https:\/\/puli.hu\/en\/wp-json\/wp\/v2\/pages"}],"about":[{"href":"https:\/\/puli.hu\/en\/wp-json\/wp\/v2\/types\/page"}],"author":[{"embeddable":true,"href":"https:\/\/puli.hu\/en\/wp-json\/wp\/v2\/users\/1"}],"replies":[{"embeddable":true,"href":"https:\/\/puli.hu\/en\/wp-json\/wp\/v2\/comments?post=754"}],"version-history":[{"count":0,"href":"https:\/\/puli.hu\/en\/wp-json\/wp\/v2\/pages\/754\/revisions"}],"wp:attachment":[{"href":"https:\/\/puli.hu\/en\/wp-json\/wp\/v2\/media?parent=754"}],"curies":[{"name":"wp","href":"https:\/\/api.w.org\/{rel}","templated":true}]}}